{"id":982,"date":"2018-10-05T19:51:45","date_gmt":"2018-10-05T19:51:45","guid":{"rendered":"http:\/\/sebtrotter.wixsite.com\/sebtrotter\/pays-bas"},"modified":"2018-10-05T19:51:45","modified_gmt":"2018-10-05T19:51:45","slug":"pays-bas","status":"publish","type":"page","link":"https:\/\/sebtrotter.com\/?page_id=982","title":{"rendered":"Pays Bas"},"content":{"rendered":"<h1>Pays Bas<\/h1>\n<p>1er Voyages: <span style=\"font-size:22px;\"><span style=\"text-decoration:underline;\"><em><strong>Amsterdam<\/strong><\/em><\/span><\/span><\/p>\n<p>A Amsterdam je suis descendu dans une auberge de jeunesse en plein coeur du quartier rouge, il ne faut pas compter dormir de bonne heure mais je ne pense pas que le but sois l\u00e0 lors d&rsquo;un voyage. <\/p>\n<p>Les choses \u00e0 visiter: <\/p>\n<p>En priorit\u00e9 le<a rel=\"noopener noreferrer\" target=\"_blank\" href=\"http:\/\/www.bodyworlds.com\/en.html\"> Body Worlds <\/a><\/p>\n<p>Vous en ressortirez avec une connaissance approfondie du corps humain. Ce n&rsquo;est pas gore, il ne faut pas se rebuter au premier abord. <\/p>\n<p>Ensuite la <a rel=\"noopener noreferrer\" target=\"_blank\" href=\"http:\/\/www.annefrank.org\/fr\/\">Maison d&rsquo;Anne Frank <\/a><\/p>\n<p>ATTENTION si vous n&rsquo;y all\u00e9 pas au minimum une heure avant l&rsquo;ouverture vous risquez de faire la queue tr\u00e9s tr\u00e9s tr\u00e9s longtemps &#8230; M\u00eame en plein \u00e9t\u00e9 \u00e0 la tour eiffel il n&rsquo;y a pas une si longue attente. <\/p>\n<p>Il y a aussi <a rel=\"noopener noreferrer\" target=\"_blank\" href=\"https:\/\/www.tiqets.com\/fr\/amsterdam-c75061\/heineken-experience-p703726?q=heineken&amp;force_search=0&amp;gclid=COiu0u7P0cgCFRJmGwodQo4HDg\">Heineken Experience<\/a> \u00e0 ne pas rater ! <\/p>\n<p>Un peu cher mais j&rsquo;ai trouv\u00e9 que cela valait vraiment le coup. <\/p>\n<p>On ne peut pas parler d&rsquo;Amsterdam sans parler de la prostitution. Forc\u00e9ment on jette un oeil au quartier rouge, mais allez visiter le <a rel=\"noopener noreferrer\" target=\"_blank\" href=\"http:\/\/www.redlightsecrets.com\/\">Red Light Secret <\/a><\/p>\n<p>Bien entendu comme dans toutes les grandes ville nous allons retrouver:<\/p>\n<p>le<a rel=\"noopener noreferrer\" target=\"_blank\" href=\"http:\/\/www.sexmuseumamsterdam.nl\/index2.html\"> mus\u00e9e du sexe<\/a><\/p>\n<p>Mais aussi:<\/p>\n<p>le mus\u00e9e de l&rsquo;\u00e9rotisme<\/p>\n<p>le <a rel=\"noopener noreferrer\" target=\"_blank\" href=\"http:\/\/www.torturemuseum.nl\/\">mus\u00e9e de la torture<\/a> (je l&rsquo;ai trouv\u00e9 cher pour ce que c&rsquo;\u00e9tait mais on n&rsquo;a pas l&rsquo;habitude de voir des trucs pareil tout les jours)<\/p>\n<p>Et pour re-\u00e9lever le niveau vous pouvez d\u00e9couvrir les oeuvres de <a rel=\"noopener noreferrer\" target=\"_blank\" href=\"http:\/\/www.vangoghmuseum.nl\/\">Van Gogh<\/a><\/p>\n<p>Pour info, j&rsquo;y suis all\u00e9 via blabla car, sur place j&rsquo;ai tout fait \u00e0 pied. heineken Exp\u00e9rience, Van Gogh et la maison d&rsquo;Anne Frank sont assez loin du centre ville mais cela vaut le d\u00e9placement. <\/p>\n<p><a role=\"button\" class=\"button\" href=\"?p=532\">Amsterdam<\/a><br \/>\n<a role=\"button\" class=\"button\" href=\"?p=262\">Retour<\/a><\/p>\n","protected":false},"excerpt":{"rendered":"<p>Pays Bas 1er Voyages: Amsterdam A Amsterdam je suis descendu dans une auberge de jeunesse en plein coeur du quartier rouge, il ne faut pas compter dormir de bonne heure mais je ne pense pas que le but sois l\u00e0 lors d&rsquo;un voyage. Les choses \u00e0 visiter: En priorit\u00e9 le Body Worlds Vous en ressortirez [&hellip;]<\/p>\n","protected":false},"author":2,"featured_media":0,"parent":0,"menu_order":0,"comment_status":"closed","ping_status":"closed","template":"","meta":[],"_links":{"self":[{"href":"https:\/\/sebtrotter.com\/index.php?rest_route=\/wp\/v2\/pages\/982"}],"collection":[{"href":"https:\/\/sebtrotter.com\/index.php?rest_route=\/wp\/v2\/pages"}],"about":[{"href":"https:\/\/sebtrotter.com\/index.php?rest_route=\/wp\/v2\/types\/page"}],"author":[{"embeddable":true,"href":"https:\/\/sebtrotter.com\/index.php?rest_route=\/wp\/v2\/users\/2"}],"replies":[{"embeddable":true,"href":"https:\/\/sebtrotter.com\/index.php?rest_route=%2Fwp%2Fv2%2Fcomments&post=982"}],"version-history":[{"count":0,"href":"https:\/\/sebtrotter.com\/index.php?rest_route=\/wp\/v2\/pages\/982\/revisions"}],"wp:attachment":[{"href":"https:\/\/sebtrotter.com\/index.php?rest_route=%2Fwp%2Fv2%2Fmedia&parent=982"}],"curies":[{"name":"wp","href":"https:\/\/api.w.org\/{rel}","templated":true}]}}