{"id":972,"date":"2018-10-05T19:51:45","date_gmt":"2018-10-05T19:51:45","guid":{"rendered":"http:\/\/sebtrotter.wixsite.com\/sebtrotter\/florence"},"modified":"2018-10-05T19:51:45","modified_gmt":"2018-10-05T19:51:45","slug":"florence","status":"publish","type":"page","link":"https:\/\/sebtrotter.com\/?page_id=972","title":{"rendered":"Florence"},"content":{"rendered":"<h2 style=\"font-size:38px;\"><a href=\"http:\/\/www.florence-tourisme.com\" target=\"_blank\" rel=\"noopener noreferrer\"><span style=\"font-size:38px;\">FLORENCE<\/span><\/a><\/h2>\n\n<p>Florence (en italien : Firenze, prononc\u00e9 \/fi&rsquo;r\u025bn\u02a6e\/) est la huiti\u00e8me ville d&rsquo;Italie par sa population, capitale de la r\u00e9gionde Toscane et chef-lieu de la province du m\u00eame nom.<\/p>\n<p>Berceau de la Renaissance en Italie, capitale du Royaume d&rsquo;Italie entre 1865 et 1870, inscrit sur la liste du patrimoine mondial de l&rsquo;Unesco, Florence pr\u00e9sente une richesse artistique exceptionnelle (\u00e9glises, mus\u00e9es, palais), et est devenue un grand centre touristique.<\/p>\n<p><a class=\"button\" role=\"button\" href=\"?p=642\">Retour<\/a><\/p>\n","protected":false},"excerpt":{"rendered":"<p>FLORENCE Florence (en italien : Firenze, prononc\u00e9 \/fi&rsquo;r\u025bn\u02a6e\/) est la huiti\u00e8me ville d&rsquo;Italie par sa population, capitale de la r\u00e9gionde Toscane et chef-lieu de la province du m\u00eame nom. Berceau de la Renaissance en Italie, capitale du Royaume d&rsquo;Italie entre 1865 et 1870, inscrit sur la liste du patrimoine mondial de l&rsquo;Unesco, Florence pr\u00e9sente une [&hellip;]<\/p>\n","protected":false},"author":2,"featured_media":0,"parent":642,"menu_order":0,"comment_status":"closed","ping_status":"closed","template":"","meta":[],"_links":{"self":[{"href":"https:\/\/sebtrotter.com\/index.php?rest_route=\/wp\/v2\/pages\/972"}],"collection":[{"href":"https:\/\/sebtrotter.com\/index.php?rest_route=\/wp\/v2\/pages"}],"about":[{"href":"https:\/\/sebtrotter.com\/index.php?rest_route=\/wp\/v2\/types\/page"}],"author":[{"embeddable":true,"href":"https:\/\/sebtrotter.com\/index.php?rest_route=\/wp\/v2\/users\/2"}],"replies":[{"embeddable":true,"href":"https:\/\/sebtrotter.com\/index.php?rest_route=%2Fwp%2Fv2%2Fcomments&post=972"}],"version-history":[{"count":0,"href":"https:\/\/sebtrotter.com\/index.php?rest_route=\/wp\/v2\/pages\/972\/revisions"}],"up":[{"embeddable":true,"href":"https:\/\/sebtrotter.com\/index.php?rest_route=\/wp\/v2\/pages\/642"}],"wp:attachment":[{"href":"https:\/\/sebtrotter.com\/index.php?rest_route=%2Fwp%2Fv2%2Fmedia&parent=972"}],"curies":[{"name":"wp","href":"https:\/\/api.w.org\/{rel}","templated":true}]}}