{"id":962,"date":"2018-10-05T19:51:45","date_gmt":"2018-10-05T19:51:45","guid":{"rendered":"http:\/\/sebtrotter.wixsite.com\/sebtrotter\/alesia"},"modified":"2018-10-05T19:51:45","modified_gmt":"2018-10-05T19:51:45","slug":"alesia","status":"publish","type":"page","link":"https:\/\/sebtrotter.com\/?page_id=962","title":{"rendered":"Alesia"},"content":{"rendered":"<h1><a href=\"http:\/\/www.alesia.com\" target=\"_blank\" rel=\"noopener noreferrer\">Alesia<\/a><\/h1>\n\n<p>Le si\u00e8ge d&rsquo;Al\u00e9sia est une bataille d\u00e9cisive de la guerre des Gaules qui voit la d\u00e9faite d&rsquo;une coalition de peuples gaulois men\u00e9e par Vercing\u00e9torix face \u00e0 l&rsquo;arm\u00e9e romaine de Jules C\u00e9sar en 52 av. J.-C..<\/p>\n<p>D\u00e9sireux d\u2019accro\u00eetre son propre prestige et saisissant l&rsquo;occasion d&rsquo;\u00e9tendre le territoire de la R\u00e9publique romaine, Jules C\u00e9sar intervient dans les affaires gauloises en 58 av. J.-C. et contr\u00f4le rapidement une grande partie de laGaule. Cette domination irrite les Gaulois qui se r\u00e9voltent \u00e0 plusieurs reprises et, en 52 av. J.-C., le chef arverneVercing\u00e9torix rassemble de nombreux peuples du centre de la Gaule. Il parvient \u00e0 repousser les assauts romains au si\u00e8ge de Gergovie mais est \u00e0 l&rsquo;\u00e9t\u00e9, encercl\u00e9 dans l&rsquo;oppidum d&rsquo;Al\u00e9sia que le d\u00e9bat historique situe dans la ville actuelle d&rsquo;Alise-Sainte-Reine en C\u00f4te d&rsquo;Or.<\/p>\n<p>C\u00e9sar entreprend imm\u00e9diatement d\u2019\u00e9riger un double r\u00e9seau de fortifications autour de la colline, pour repousser une \u00e9ventuelle arm\u00e9e de secours ou une tentative de sortie des assi\u00e9g\u00e9s. Longues d&rsquo;une trentaine de kilom\u00e8tres, ces d\u00e9fenses sont compos\u00e9es d&rsquo;une s\u00e9rie de remblais, de foss\u00e9s, de palissades et de tours et t\u00e9moignent des comp\u00e9tences du g\u00e9nie romain. Les forces en pr\u00e9sence sont mal connues, mais les historiens estiment que les Gaulois disposent d&rsquo;une confortable sup\u00e9riorit\u00e9 num\u00e9rique sur les Romains. Vers ao\u00fbt-septembre, les encercl\u00e9s et l&rsquo;arm\u00e9e de secours tentent de rompre l&rsquo;encerclement mais les Romains parviennent \u00e0 tenir leurs positions et \u00e0 repousser les assaillants qui se dispersent en d\u00e9sordre. D\u00e9moralis\u00e9s et craignant la famine, les Gaulois d\u00e9cident de se rendre peu apr\u00e8s cet affrontement.<\/p>\n<p>La d\u00e9faite d&rsquo;Al\u00e9sia marque la fin de toute r\u00e9sistance organis\u00e9e \u00e0 la domination romaine en Gaule. Aur\u00e9ol\u00e9 de son succ\u00e8s, C\u00e9sar est accueilli en h\u00e9ros \u00e0 Rome, mais les tensions politiques provoqu\u00e9es par son ascension d\u00e9bouchent sur une guerre civile. De son cot\u00e9, Vercing\u00e9torix a probablement \u00e9t\u00e9 ex\u00e9cut\u00e9 apr\u00e8s le triomphe de son vainqueur.<\/p>\n<p><a class=\"button\" role=\"button\" href=\"?p=1032\">Retour<\/a><\/p>\n","protected":false},"excerpt":{"rendered":"<p>Alesia Le si\u00e8ge d&rsquo;Al\u00e9sia est une bataille d\u00e9cisive de la guerre des Gaules qui voit la d\u00e9faite d&rsquo;une coalition de peuples gaulois men\u00e9e par Vercing\u00e9torix face \u00e0 l&rsquo;arm\u00e9e romaine de Jules C\u00e9sar en 52 av. J.-C.. D\u00e9sireux d\u2019accro\u00eetre son propre prestige et saisissant l&rsquo;occasion d&rsquo;\u00e9tendre le territoire de la R\u00e9publique romaine, Jules C\u00e9sar intervient dans [&hellip;]<\/p>\n","protected":false},"author":2,"featured_media":0,"parent":1032,"menu_order":0,"comment_status":"closed","ping_status":"closed","template":"","meta":[],"_links":{"self":[{"href":"https:\/\/sebtrotter.com\/index.php?rest_route=\/wp\/v2\/pages\/962"}],"collection":[{"href":"https:\/\/sebtrotter.com\/index.php?rest_route=\/wp\/v2\/pages"}],"about":[{"href":"https:\/\/sebtrotter.com\/index.php?rest_route=\/wp\/v2\/types\/page"}],"author":[{"embeddable":true,"href":"https:\/\/sebtrotter.com\/index.php?rest_route=\/wp\/v2\/users\/2"}],"replies":[{"embeddable":true,"href":"https:\/\/sebtrotter.com\/index.php?rest_route=%2Fwp%2Fv2%2Fcomments&post=962"}],"version-history":[{"count":0,"href":"https:\/\/sebtrotter.com\/index.php?rest_route=\/wp\/v2\/pages\/962\/revisions"}],"up":[{"embeddable":true,"href":"https:\/\/sebtrotter.com\/index.php?rest_route=\/wp\/v2\/pages\/1032"}],"wp:attachment":[{"href":"https:\/\/sebtrotter.com\/index.php?rest_route=%2Fwp%2Fv2%2Fmedia&parent=962"}],"curies":[{"name":"wp","href":"https:\/\/api.w.org\/{rel}","templated":true}]}}