{"id":952,"date":"2018-10-05T19:51:45","date_gmt":"2018-10-05T19:51:45","guid":{"rendered":"http:\/\/sebtrotter.wixsite.com\/sebtrotter\/capri"},"modified":"2018-10-05T19:51:45","modified_gmt":"2018-10-05T19:51:45","slug":"capri","status":"publish","type":"page","link":"https:\/\/sebtrotter.com\/?page_id=952","title":{"rendered":"Capri"},"content":{"rendered":"<h1><a href=\"http:\/\/www.capritourism.com\/fr\/turistic-guide\" target=\"_blank\" rel=\"noopener noreferrer\">Capri<\/a><\/h1>\n\n<p>La ville fut habit\u00e9e \u00e0 une \u00e9poque tr\u00e8s recul\u00e9e. Les preuves d&rsquo;une installation humaine tr\u00e8s ancienne furent trouv\u00e9es \u00e0 l&rsquo;\u00e9poque romaine ; selon Su\u00e9tone (Vie des douze c\u00e9sars, Auguste, LXXII, 6), lorsque furent creus\u00e9es les fondations de la villa d&rsquo;Auguste, des os de g\u00e9ants et des \u00ab armes des h\u00e9ros \u00bb furent mis au jour. L&#8217;empereur ordonna que ces objets soient expos\u00e9s dans les jardins de sa r\u00e9sidence principale, le Palais de la Mer, et certains consid\u00e8rent que ce fut la premi\u00e8re exposition de fossiles[r\u00e9f. n\u00e9cessaire]. Des fouilles r\u00e9alis\u00e9es \u00e0 l&rsquo;\u00e9poque moderne ont montr\u00e9 qu&rsquo;une pr\u00e9sence humaine sur l&rsquo;\u00eele peut \u00eatre attest\u00e9e au N\u00e9olithique et \u00e0 l&rsquo;\u00e2ge du bronze[r\u00e9f. n\u00e9cessaire].<\/p>\n<p>Tacite \u00e9crit qu&rsquo;il y avait 12 villas imp\u00e9riales \u00e0 Capri. Les ruines de celle de Tragara pouvaient encore \u00eatre vues auxixe si\u00e8cle.<\/p>\n<p>Tib\u00e8re, le successeur d&rsquo;Auguste, construisit aussi une s\u00e9rie de villas \u00e0 Capri, la plus connue \u00e9tant la villa Jovis. Depuis la petite \u00e9glise de la Madonna del Soccorso, qui s&rsquo;\u00e9l\u00e8ve d\u00e9sormais sur les ruines de l&rsquo;antique demeure, la vue est \u00e0 couper le souffle : elle balaie Ischia, Procida, la baie de Naples et la p\u00e9ninsule de Sorrente.<\/p>\n<p><a class=\"button\" role=\"button\" href=\"?p=642\">Retour<\/a><\/p>\n","protected":false},"excerpt":{"rendered":"<p>Capri La ville fut habit\u00e9e \u00e0 une \u00e9poque tr\u00e8s recul\u00e9e. Les preuves d&rsquo;une installation humaine tr\u00e8s ancienne furent trouv\u00e9es \u00e0 l&rsquo;\u00e9poque romaine ; selon Su\u00e9tone (Vie des douze c\u00e9sars, Auguste, LXXII, 6), lorsque furent creus\u00e9es les fondations de la villa d&rsquo;Auguste, des os de g\u00e9ants et des \u00ab armes des h\u00e9ros \u00bb furent mis au [&hellip;]<\/p>\n","protected":false},"author":2,"featured_media":0,"parent":1032,"menu_order":0,"comment_status":"closed","ping_status":"closed","template":"","meta":[],"_links":{"self":[{"href":"https:\/\/sebtrotter.com\/index.php?rest_route=\/wp\/v2\/pages\/952"}],"collection":[{"href":"https:\/\/sebtrotter.com\/index.php?rest_route=\/wp\/v2\/pages"}],"about":[{"href":"https:\/\/sebtrotter.com\/index.php?rest_route=\/wp\/v2\/types\/page"}],"author":[{"embeddable":true,"href":"https:\/\/sebtrotter.com\/index.php?rest_route=\/wp\/v2\/users\/2"}],"replies":[{"embeddable":true,"href":"https:\/\/sebtrotter.com\/index.php?rest_route=%2Fwp%2Fv2%2Fcomments&post=952"}],"version-history":[{"count":0,"href":"https:\/\/sebtrotter.com\/index.php?rest_route=\/wp\/v2\/pages\/952\/revisions"}],"up":[{"embeddable":true,"href":"https:\/\/sebtrotter.com\/index.php?rest_route=\/wp\/v2\/pages\/1032"}],"wp:attachment":[{"href":"https:\/\/sebtrotter.com\/index.php?rest_route=%2Fwp%2Fv2%2Fmedia&parent=952"}],"curies":[{"name":"wp","href":"https:\/\/api.w.org\/{rel}","templated":true}]}}