{"id":942,"date":"2018-10-05T19:51:45","date_gmt":"2018-10-05T19:51:45","guid":{"rendered":"http:\/\/sebtrotter.wixsite.com\/sebtrotter\/bruxelle"},"modified":"2018-10-05T19:51:45","modified_gmt":"2018-10-05T19:51:45","slug":"bruxelle","status":"publish","type":"page","link":"https:\/\/sebtrotter.com\/?page_id=942","title":{"rendered":"Bruxelle"},"content":{"rendered":"<h1><a href=\"https:\/\/www.bruxelles.be\/artdet.cfm?id=4000\" target=\"_blank\" rel=\"noopener noreferrer\">Bruxelles<\/a><\/h1>\n\n<p>Bruxelles est la capitale de la Belgique, de la Communaut\u00e9 fran\u00e7aise de Belgique et de la Communaut\u00e9 flamande.<\/p>\n<p>La plupart des institutions de l\u2019Union europ\u00e9enne, ainsi que de nombreuses organisations internationales, dont l\u2019OTAN, ont leur si\u00e8ge en R\u00e9gion de Bruxelles-Capitale. Par extension, on dit donc \u00ab Bruxelles \u00bb pour d\u00e9signer, en g\u00e9n\u00e9ral et par m\u00e9tonymie, les institutions europ\u00e9ennes (le plus souvent, la Commission europ\u00e9enne). Par la pr\u00e9sence de celles-ci, Bruxelles est souvent dite \u00ab capitale de l&rsquo;Europe \u00bb.<\/p>\n<p><a class=\"button\" role=\"button\" href=\"?p=1002\">Retour<\/a><\/p>\n","protected":false},"excerpt":{"rendered":"<p>Bruxelles Bruxelles est la capitale de la Belgique, de la Communaut\u00e9 fran\u00e7aise de Belgique et de la Communaut\u00e9 flamande. La plupart des institutions de l\u2019Union europ\u00e9enne, ainsi que de nombreuses organisations internationales, dont l\u2019OTAN, ont leur si\u00e8ge en R\u00e9gion de Bruxelles-Capitale. Par extension, on dit donc \u00ab Bruxelles \u00bb pour d\u00e9signer, en g\u00e9n\u00e9ral et par [&hellip;]<\/p>\n","protected":false},"author":2,"featured_media":0,"parent":1002,"menu_order":0,"comment_status":"closed","ping_status":"closed","template":"","meta":[],"_links":{"self":[{"href":"https:\/\/sebtrotter.com\/index.php?rest_route=\/wp\/v2\/pages\/942"}],"collection":[{"href":"https:\/\/sebtrotter.com\/index.php?rest_route=\/wp\/v2\/pages"}],"about":[{"href":"https:\/\/sebtrotter.com\/index.php?rest_route=\/wp\/v2\/types\/page"}],"author":[{"embeddable":true,"href":"https:\/\/sebtrotter.com\/index.php?rest_route=\/wp\/v2\/users\/2"}],"replies":[{"embeddable":true,"href":"https:\/\/sebtrotter.com\/index.php?rest_route=%2Fwp%2Fv2%2Fcomments&post=942"}],"version-history":[{"count":0,"href":"https:\/\/sebtrotter.com\/index.php?rest_route=\/wp\/v2\/pages\/942\/revisions"}],"up":[{"embeddable":true,"href":"https:\/\/sebtrotter.com\/index.php?rest_route=\/wp\/v2\/pages\/1002"}],"wp:attachment":[{"href":"https:\/\/sebtrotter.com\/index.php?rest_route=%2Fwp%2Fv2%2Fmedia&parent=942"}],"curies":[{"name":"wp","href":"https:\/\/api.w.org\/{rel}","templated":true}]}}