{"id":9409,"date":"2018-10-29T09:28:06","date_gmt":"2018-10-29T08:28:06","guid":{"rendered":"https:\/\/sebtrotter.wpcomstaging.com\/?page_id=9409"},"modified":"2018-10-29T09:28:06","modified_gmt":"2018-10-29T08:28:06","slug":"afrique","status":"publish","type":"page","link":"https:\/\/sebtrotter.com\/?page_id=9409","title":{"rendered":"Afrique"},"content":{"rendered":"<p>L&rsquo;Afrique, ce continent qui fait r\u00eaver&#8230; Continent \u00e0 multiple facettes, passant du d\u00e9sert \u00e0 la for\u00eat vierge. Des animaux incroyables, des lacs immenses tel que le fameux lac Victoria.<\/p>\n<p><img loading=\"lazy\" class=\"alignnone size-full wp-image-9451\" src=\"https:\/\/sebtrotter.wpcomstaging.com\/wp-content\/uploads\/2018\/10\/afrique-map-clic.png\" alt=\"AFRIQUE-map-clic\" width=\"837\" height=\"768\" \/>C&rsquo;est une joie immense d&rsquo;aller visiter ces terres dont j&rsquo;ai tellement parl\u00e9 avec ma grand m\u00e8re lorsque j&rsquo;\u00e9tais enfant.<\/p>\n<p>C&rsquo;est donc avec grand plaisir que je vous partage mes aventures dans les diff\u00e9rents pays:<\/p>\n<p>-Djibouti<\/p>\n<p>-Centrafrique<\/p>\n<p>-Ouganda<\/p>\n<p>-Kenya<\/p>\n<p>Et j&rsquo;esp\u00e8re que la liste va s&rsquo;allonger&#8230;.<\/p>\n<p>Ce\u00a0continent est consid\u00e9r\u00e9 comme le berceau de l&rsquo;humanit\u00e9, il y a tellement de chose \u00e0 voir et \u00e0 apprendre l\u00e0 o\u00f9 sont apparus les anc\u00eatres de l&rsquo;Homme\u00a0!<\/p>\n<p>C\u2019est l\u00e0 aussi qu\u2019il y a 200\u00a0000\u00a0ans environ, l&rsquo;homme moderne\u00a0est parti pour se rependre sur le reste du globe.<\/p>\n<p>L\u2019Afrique est bien sur connu pour le\u00a0Sahara, le plus grand d\u00e9sert chaud du monde.<\/p>\n<p>Comment penser \u00e0 l\u2019Afrique sans parl\u00e9 de la\u00a0civilisation\u00a0de l&rsquo;\u00c9gypte antique\u00a0qui s\u2019est d\u00e9velopp\u00e9e le long du\u00a0Nil.<\/p>\n<p>L&rsquo;Afrique subsaharienne voit na\u00eetre ses propres civilisations dans les zones de\u00a0savanes\u00a0et l&rsquo;Afrique du Nord, rive sud de la\u00a0M\u00e9diterran\u00e9e, subit l&rsquo;influence des Ph\u00e9niciens, des\u00a0Grecs\u00a0et des\u00a0Romains.<\/p>\n<p><a href=\"https:\/\/www.amazon.fr\/gp\/product\/2729842683\/ref=as_li_tl?ie=UTF8&amp;camp=1642&amp;creative=6746&amp;creativeASIN=2729842683&amp;linkCode=as2&amp;tag=sebastienv07-21&amp;linkId=6a8261b2aa4a7fd32861b9bd821577ba\">Pour en conna\u00eetre plus:<\/a><\/p>\n<p><a href=\"https:\/\/sebtrotter.wpcomstaging.com\/wp-content\/uploads\/2018\/10\/tecc81lecc81chargecc81.jpeghttps:\/\/www.amazon.fr\/gp\/product\/2729842683\/ref=as_li_tl?ie=UTF8&amp;camp=1642&amp;creative=6746&amp;creativeASIN=2729842683&amp;linkCode=as2&amp;tag=sebastienv07-21&amp;linkId=6a8261b2aa4a7fd32861b9bd821577ba\"><img loading=\"lazy\" class=\"alignnone  wp-image-9454\" src=\"https:\/\/sebtrotter.wpcomstaging.com\/wp-content\/uploads\/2018\/10\/tecc81lecc81chargecc81.jpeg\" alt=\"te\u0301le\u0301charge\u0301\" width=\"291\" height=\"422\" \/><\/a><\/p>\n<p>Et pour d\u00e9couvrir <a href=\"https:\/\/www.amazon.fr\/gp\/product\/3961710309\/ref=as_li_tl?ie=UTF8&amp;camp=1642&amp;creative=6746&amp;creativeASIN=3961710309&amp;linkCode=as2&amp;tag=sebastienv07-21&amp;linkId=2d1b218dd138ba79d638cd3c1046e184\">les plus belles photos d&rsquo;animaux<\/a>:\u00a0<img loading=\"lazy\" class=\"alignnone  wp-image-9453\" src=\"https:\/\/sebtrotter.wpcomstaging.com\/wp-content\/uploads\/2018\/10\/61rd9fz1lml-_sx387_bo1204203200_.jpg\" alt=\"61RD9fZ1lML._SX387_BO1,204,203,200_\" width=\"297\" height=\"381\" \/><\/p>\n<p>&nbsp;<\/p>\n<p>Africa, this continent that dreams &#8230; Continent multifaceted, from the desert to the virgin forest. Incredible animals, huge lakes such as the famous Lake Victoria.<\/p>\n<p>It is an immense joy to go and visit these lands of which I spoke so much with my grandmother as a child.<\/p>\n<p>It is therefore with great pleasure that I share my adventures in different countries:<\/p>\n<p>-Djibouti<\/p>\n<p>-Centrafrique<\/p>\n<p>-Uganda<\/p>\n<p>-Kenya<\/p>\n<p>And I hope the list goes on &#8230;.<\/p>\n<p>This continent is considered as the cradle of humanity, there is so much to see and learn where the ancestors of Man appeared!<\/p>\n<p>It is also here that about 200,000 years ago, modern man left to rest on the rest of the globe.<\/p>\n<p>Africa is well known for the Sahara, the largest hot desert in the world.<\/p>\n<p>How to think of Africa without talking about the civilization of ancient Egypt that developed along the Nile.<\/p>\n<p>Sub-Saharan Africa saw the birth of its own civilizations in the savannah zones, and North Africa, the southern shore of the Mediterranean, was influenced by the Phoenicians, Greeks, and Romans.<\/p>\n","protected":false},"excerpt":{"rendered":"<p>L&rsquo;Afrique, ce continent qui fait r\u00eaver&#8230; Continent \u00e0 multiple facettes, passant du d\u00e9sert \u00e0 la for\u00eat vierge. Des animaux incroyables, des lacs immenses tel que le fameux lac Victoria. C&rsquo;est une joie immense d&rsquo;aller visiter ces terres dont j&rsquo;ai tellement parl\u00e9 avec ma grand m\u00e8re lorsque j&rsquo;\u00e9tais enfant. C&rsquo;est donc avec grand plaisir que je [&hellip;]<\/p>\n","protected":false},"author":2,"featured_media":0,"parent":0,"menu_order":0,"comment_status":"closed","ping_status":"closed","template":"","meta":[],"_links":{"self":[{"href":"https:\/\/sebtrotter.com\/index.php?rest_route=\/wp\/v2\/pages\/9409"}],"collection":[{"href":"https:\/\/sebtrotter.com\/index.php?rest_route=\/wp\/v2\/pages"}],"about":[{"href":"https:\/\/sebtrotter.com\/index.php?rest_route=\/wp\/v2\/types\/page"}],"author":[{"embeddable":true,"href":"https:\/\/sebtrotter.com\/index.php?rest_route=\/wp\/v2\/users\/2"}],"replies":[{"embeddable":true,"href":"https:\/\/sebtrotter.com\/index.php?rest_route=%2Fwp%2Fv2%2Fcomments&post=9409"}],"version-history":[{"count":0,"href":"https:\/\/sebtrotter.com\/index.php?rest_route=\/wp\/v2\/pages\/9409\/revisions"}],"wp:attachment":[{"href":"https:\/\/sebtrotter.com\/index.php?rest_route=%2Fwp%2Fv2%2Fmedia&parent=9409"}],"curies":[{"name":"wp","href":"https:\/\/api.w.org\/{rel}","templated":true}]}}