{"id":9404,"date":"2018-10-29T09:12:43","date_gmt":"2018-10-29T08:12:43","guid":{"rendered":"https:\/\/sebtrotter.wpcomstaging.com\/?page_id=9404"},"modified":"2018-10-29T09:12:43","modified_gmt":"2018-10-29T08:12:43","slug":"decouvrez-le-monde-avec-sebtrotter","status":"publish","type":"page","link":"https:\/\/sebtrotter.com\/?page_id=9404","title":{"rendered":"D\u00e9couvrez le monde avec Sebtrotter"},"content":{"rendered":"<p>Partir, voyager, d\u00e9couvrir cela fait r\u00eaver chacun d&rsquo;entre nous. Mais o\u00f9 aller ? Ici vous pourrez d\u00e9couvrir plusieurs destination. Quelques photos sont sur le site et les autres sont sur le lien Flickr.<\/p>\n<p>&nbsp;<\/p>\n<p>N&rsquo;h\u00e9sitez pas \u00e0 m&rsquo;envoyer un message afin d&rsquo;\u00e9changer sur vos visites, vos voyages, vos envies.<\/p>\n<p>&nbsp;<\/p>\n<p>A tr\u00e8s vite, mais sur quel continent ?<\/p>\n<p>&nbsp;<\/p>\n<pre id=\"tw-target-text\" class=\"tw-data-text tw-ta tw-text-small\"><span lang=\"en\">To leave, to travel, to discover this makes dream of each one of us. But where to go? Here you can discover several destinations. Some photos are on the site and others are on the Flickr link.\n\n\n\nDo not hesitate to send me a message to discuss your visits, your travels, your desires.\n\n\n\nSee you soon, but on which continent?<\/span><\/pre>\n<pre id=\"tw-target-text\" class=\"tw-data-text tw-ta tw-text-small\"><\/pre>\n","protected":false},"excerpt":{"rendered":"<p>Partir, voyager, d\u00e9couvrir cela fait r\u00eaver chacun d&rsquo;entre nous. Mais o\u00f9 aller ? Ici vous pourrez d\u00e9couvrir plusieurs destination. Quelques photos sont sur le site et les autres sont sur le lien Flickr. &nbsp; N&rsquo;h\u00e9sitez pas \u00e0 m&rsquo;envoyer un message afin d&rsquo;\u00e9changer sur vos visites, vos voyages, vos envies. &nbsp; A tr\u00e8s vite, mais sur [&hellip;]<\/p>\n","protected":false},"author":2,"featured_media":0,"parent":0,"menu_order":1,"comment_status":"closed","ping_status":"closed","template":"","meta":[],"_links":{"self":[{"href":"https:\/\/sebtrotter.com\/index.php?rest_route=\/wp\/v2\/pages\/9404"}],"collection":[{"href":"https:\/\/sebtrotter.com\/index.php?rest_route=\/wp\/v2\/pages"}],"about":[{"href":"https:\/\/sebtrotter.com\/index.php?rest_route=\/wp\/v2\/types\/page"}],"author":[{"embeddable":true,"href":"https:\/\/sebtrotter.com\/index.php?rest_route=\/wp\/v2\/users\/2"}],"replies":[{"embeddable":true,"href":"https:\/\/sebtrotter.com\/index.php?rest_route=%2Fwp%2Fv2%2Fcomments&post=9404"}],"version-history":[{"count":0,"href":"https:\/\/sebtrotter.com\/index.php?rest_route=\/wp\/v2\/pages\/9404\/revisions"}],"wp:attachment":[{"href":"https:\/\/sebtrotter.com\/index.php?rest_route=%2Fwp%2Fv2%2Fmedia&parent=9404"}],"curies":[{"name":"wp","href":"https:\/\/api.w.org\/{rel}","templated":true}]}}