{"id":932,"date":"2018-10-05T19:51:45","date_gmt":"2018-10-05T19:51:45","guid":{"rendered":"http:\/\/sebtrotter.wixsite.com\/sebtrotter\/chateau-d-amboise"},"modified":"2018-10-05T19:51:45","modified_gmt":"2018-10-05T19:51:45","slug":"chateau-damboise","status":"publish","type":"page","link":"https:\/\/sebtrotter.com\/?page_id=932","title":{"rendered":"Chateau d&rsquo;Amboise"},"content":{"rendered":"<h1><a href=\"http:\/\/www.chateau-amboise.com\/fr\/\" target=\"_blank\" rel=\"noopener noreferrer\">Chateau d&rsquo;Amboise<\/a><\/h1>\n\n<p>Le ch\u00e2teau d&rsquo;Amboise surplombe la Loire \u00e0 Amboise dans le d\u00e9partement d&rsquo;Indre-et-Loire. Il fait partie des ch\u00e2teaux de la Loire.<\/p>\n<p>Avant d&rsquo;\u00eatre rattach\u00e9 \u00e0 la couronne en 1434, le ch\u00e2teau appartenait, depuis plus de quatre si\u00e8cles, \u00e0 la puissante famille d&rsquo;Amboise. Pendant la Renaissance, il sert de r\u00e9sidence \u00e0 plusieurs rois de France.<\/p>\n<p>Il a \u00e9t\u00e9 partiellement d\u00e9truit apr\u00e8s la R\u00e9volution : du projet de Charles VIII subsistent toutefois le logis royal, la chapelle Saint-Hubert o\u00f9 reposent les restes pr\u00e9sum\u00e9s de L\u00e9onard de Vinci, les terrasses et les tours cavali\u00e8res qui donnent au monument cette silhouette si singuli\u00e8re.<\/p>\n<p>Le ch\u00e2teau d&rsquo;Amboise fait l\u2019objet d\u2019un classement au titre des monuments historiques par la liste de 1840.<\/p>\n<p><a class=\"button\" role=\"button\" href=\"?p=1032\">Retour<\/a><\/p>\n","protected":false},"excerpt":{"rendered":"<p>Chateau d&rsquo;Amboise Le ch\u00e2teau d&rsquo;Amboise surplombe la Loire \u00e0 Amboise dans le d\u00e9partement d&rsquo;Indre-et-Loire. Il fait partie des ch\u00e2teaux de la Loire. Avant d&rsquo;\u00eatre rattach\u00e9 \u00e0 la couronne en 1434, le ch\u00e2teau appartenait, depuis plus de quatre si\u00e8cles, \u00e0 la puissante famille d&rsquo;Amboise. Pendant la Renaissance, il sert de r\u00e9sidence \u00e0 plusieurs rois de France. [&hellip;]<\/p>\n","protected":false},"author":2,"featured_media":0,"parent":1032,"menu_order":0,"comment_status":"closed","ping_status":"closed","template":"","meta":[],"_links":{"self":[{"href":"https:\/\/sebtrotter.com\/index.php?rest_route=\/wp\/v2\/pages\/932"}],"collection":[{"href":"https:\/\/sebtrotter.com\/index.php?rest_route=\/wp\/v2\/pages"}],"about":[{"href":"https:\/\/sebtrotter.com\/index.php?rest_route=\/wp\/v2\/types\/page"}],"author":[{"embeddable":true,"href":"https:\/\/sebtrotter.com\/index.php?rest_route=\/wp\/v2\/users\/2"}],"replies":[{"embeddable":true,"href":"https:\/\/sebtrotter.com\/index.php?rest_route=%2Fwp%2Fv2%2Fcomments&post=932"}],"version-history":[{"count":0,"href":"https:\/\/sebtrotter.com\/index.php?rest_route=\/wp\/v2\/pages\/932\/revisions"}],"up":[{"embeddable":true,"href":"https:\/\/sebtrotter.com\/index.php?rest_route=\/wp\/v2\/pages\/1032"}],"wp:attachment":[{"href":"https:\/\/sebtrotter.com\/index.php?rest_route=%2Fwp%2Fv2%2Fmedia&parent=932"}],"curies":[{"name":"wp","href":"https:\/\/api.w.org\/{rel}","templated":true}]}}