{"id":922,"date":"2018-10-05T19:51:45","date_gmt":"2018-10-05T19:51:45","guid":{"rendered":"http:\/\/sebtrotter.wixsite.com\/sebtrotter\/carnac"},"modified":"2018-10-05T19:51:45","modified_gmt":"2018-10-05T19:51:45","slug":"carnac","status":"publish","type":"page","link":"https:\/\/sebtrotter.com\/?page_id=922","title":{"rendered":"Carnac"},"content":{"rendered":"<h1><a href=\"http:\/\/www.carnac.fr\" target=\"_blank\" rel=\"noopener noreferrer\">Carnac<\/a><\/h1>\n\n<p>Carnac est situ\u00e9e sur la limite nord de Mor braz, sur la c\u00f4te atlantique, entre legolfe du Morbihan \u00e0 l\u2019est et la presqu&rsquo;\u00eele de Quiberon \u00e0 l\u2019ouest. C&rsquo;est une commune littorale tr\u00e8s vaste puisqu&rsquo;elle occupe une surface de 3 271 hectares. L&rsquo;altitude de la commune est faible, mais on rencontre de nombreuses buttes qui ont servi de rep\u00e8re pour la construction de monuments m\u00e9galithiques.<\/p>\n<p>Le granit de Carnac des g\u00e9ologues forme l&rsquo;essentiel du sous-sol. C&rsquo;est une roche claire l\u00e9g\u00e8rement feuillet\u00e9e, dans laquelle l&rsquo;\u00e9rosion a pu d\u00e9gager des blocs tant\u00f4t massifs tant\u00f4t tabulaires, propices \u00e0 la construction de monuments m\u00e9galithiques.<\/p>\n<p>Communes limitrophes de Carnac<\/p>\n<p>PlouharnelPloemelLa Trinit\u00e9-sur-Mer<\/p>\n<p>PlouharnelLa Trinit\u00e9-sur-Mer<\/p>\n<p>Saint-Pierre-QuiberonSaint-Pierre-QuiberonLocmariaquer<\/p>\n<p><a class=\"button\" role=\"button\" href=\"?p=1032\">Retour<\/a><\/p>\n","protected":false},"excerpt":{"rendered":"<p>Carnac Carnac est situ\u00e9e sur la limite nord de Mor braz, sur la c\u00f4te atlantique, entre legolfe du Morbihan \u00e0 l\u2019est et la presqu&rsquo;\u00eele de Quiberon \u00e0 l\u2019ouest. C&rsquo;est une commune littorale tr\u00e8s vaste puisqu&rsquo;elle occupe une surface de 3 271 hectares. L&rsquo;altitude de la commune est faible, mais on rencontre de nombreuses buttes qui [&hellip;]<\/p>\n","protected":false},"author":2,"featured_media":0,"parent":1032,"menu_order":0,"comment_status":"closed","ping_status":"closed","template":"","meta":[],"_links":{"self":[{"href":"https:\/\/sebtrotter.com\/index.php?rest_route=\/wp\/v2\/pages\/922"}],"collection":[{"href":"https:\/\/sebtrotter.com\/index.php?rest_route=\/wp\/v2\/pages"}],"about":[{"href":"https:\/\/sebtrotter.com\/index.php?rest_route=\/wp\/v2\/types\/page"}],"author":[{"embeddable":true,"href":"https:\/\/sebtrotter.com\/index.php?rest_route=\/wp\/v2\/users\/2"}],"replies":[{"embeddable":true,"href":"https:\/\/sebtrotter.com\/index.php?rest_route=%2Fwp%2Fv2%2Fcomments&post=922"}],"version-history":[{"count":0,"href":"https:\/\/sebtrotter.com\/index.php?rest_route=\/wp\/v2\/pages\/922\/revisions"}],"up":[{"embeddable":true,"href":"https:\/\/sebtrotter.com\/index.php?rest_route=\/wp\/v2\/pages\/1032"}],"wp:attachment":[{"href":"https:\/\/sebtrotter.com\/index.php?rest_route=%2Fwp%2Fv2%2Fmedia&parent=922"}],"curies":[{"name":"wp","href":"https:\/\/api.w.org\/{rel}","templated":true}]}}