{"id":92,"date":"2018-10-05T19:51:45","date_gmt":"2018-10-05T19:51:45","guid":{"rendered":"http:\/\/sebtrotter.wixsite.com\/sebtrotter\/r-union"},"modified":"2018-10-05T19:51:45","modified_gmt":"2018-10-05T19:51:45","slug":"reunion","status":"publish","type":"page","link":"https:\/\/sebtrotter.com\/?page_id=92","title":{"rendered":"R\u00e9union"},"content":{"rendered":"<h1><a rel=\"noopener noreferrer\" target=\"_blank\" href=\"http:\/\/www.reunion.fr\">La R\u00e9union<\/a><\/h1>\n<p><a role=\"button\" class=\"button\" href=\"?p=1062\">Piton de la Fournaise<\/a><br \/>\n<a role=\"button\" class=\"button\" href=\"?p=832\">Piton des Neiges<\/a><\/p>\n<p>La R\u00e9union (La R\u00e9nyon en cr\u00e9ole) est une \u00eele du sud-ouest de l&rsquo;oc\u00e9an Indien dans l&rsquo;h\u00e9misph\u00e8re sud, devenue und\u00e9partement et une r\u00e9gion d&rsquo;outre-mer fran\u00e7ais (DROM). Elle est situ\u00e9e dans l&rsquo;archipel des Mascareignes \u00e0 environ 700 kilom\u00e8tres \u00e0 l&rsquo;est de Madagascar et \u00e0 170 kilom\u00e8tres au sud-ouest de l&rsquo;\u00eele Maurice, terre la plus proche.<\/p>\n<p>B\u00e9n\u00e9ficiant d&rsquo;un climat tropical et situ\u00e9e sur la route des cyclones, elle pr\u00e9sente un relief escarp\u00e9 travaill\u00e9 par une\u00e9rosion tr\u00e8s marqu\u00e9e. Elle culmine \u00e0 3 071 m\u00e8tres d&rsquo;altitude au sommet du piton des Neiges et abrite par ailleurs l&rsquo;un des volcans les plus actifs du monde : le piton de la Fournaise. Ce dernier accro\u00eet \u00e9pisodiquement la superficie de ce territoire d&rsquo;environ 200 kilom\u00e8tres de circonf\u00e9rence, lequel jouit sur ses 2 512 kilom\u00e8tres carr\u00e9s actuels d&rsquo;un end\u00e9mismeexceptionnel.<\/p>\n<p>Vraisemblablement rep\u00e9r\u00e9e par les Arabes d\u00e8s le Moyen \u00c2ge, La R\u00e9union n&rsquo;a \u00e9t\u00e9 habit\u00e9e qu&rsquo;\u00e0 compter du milieu duxviie si\u00e8cle, soit environ 150 ans apr\u00e8s son apparition sur les portulans des navigateurs portugais. Jusqu&rsquo;alors connue sous le nom de Mascareigne, elle devient sous celui de Bourbon une escale de la Compagnie fran\u00e7aise des Indes orientales sur la route des Indes puis, \u00e0 partir des ann\u00e9es 1710, une v\u00e9ritable colonie pratiquant la culture du caf\u00e9. Devenue une soci\u00e9t\u00e9 de plantation, elle passe ensuite sous le contr\u00f4le direct du roi de France dans les ann\u00e9es 1760 avant d&rsquo;\u00eatre r\u00e9affect\u00e9e \u00e0 l&rsquo;industrie de la canne \u00e0 sucre au terme des Guerres napol\u00e9oniennes. Elle est d\u00e9finitivement rebaptis\u00e9e de son nom actuel et l&rsquo;esclavage y est aboli en 18482. Malgr\u00e9 l&rsquo;engagisme, qui se pratique jusque dans lesann\u00e9es 1930, il s&rsquo;ensuit une crise \u00e9conomique rampante \u00e0 laquelle un terme ne sera mis qu&rsquo;\u00e0 la suite de sa transformation en d\u00e9partement fran\u00e7ais en 1946.<\/p>\n<p>La R\u00e9union est depuis lors un d\u00e9partement d&rsquo;outre-mer (code d\u00e9partemental \u00ab 974 \u00bb) qui est devenu \u00e9galement uner\u00e9gion ultrap\u00e9riph\u00e9rique de l&rsquo;Union europ\u00e9enne. N\u00e9anmoins, et en d\u00e9pit de son appartenance \u00e0 la zone euro, son tissu productif reste structurellement fragile et fortement d\u00e9pendant de la France m\u00e9tropolitaine. On y rel\u00e8ve un taux de ch\u00f4mage particuli\u00e8rement \u00e9lev\u00e9, de l&rsquo;ordre de 29 %, dont 60 % chez les jeunes3. Au dernier recensement en vigueur, celui de 2012, la population est de 833 944 habitants4. Les R\u00e9unionnais se concentrent sur les c\u00f4tes, o\u00f9 l&rsquo;espace et lelogement viennent \u00e0 manquer et o\u00f9 se trouve Saint-Denis, le chef-lieu. Le PIB est estim\u00e9 \u00e0 14,5 milliards \u20ac.<\/p>\n<p>La d\u00e9mographie locale se caract\u00e9rise par la jeunesse des habitants et leurs origines vari\u00e9es, \u00e0 la fois europ\u00e9ennes,ouest-africaines, est-africaines, malgaches, indiennes, annamites, malaises et chinoises. La cohabitation dans un espace restreint a donn\u00e9 lieu \u00e0 des m\u00e9langes in\u00e9dits, leurs langues formant le cr\u00e9ole r\u00e9unionnais, leurs religions se rencontrant autour d&rsquo;un syncr\u00e9tisme original, leurs gastronomies nourrissant ensemble la cuisine r\u00e9unionnaise et leursmusiques fusionnant pour donner le s\u00e9ga et le maloya. Ce m\u00e9tissage original est consid\u00e9r\u00e9 comme un atout essentiel pour le premier secteur \u00e9conomique de l&rsquo;\u00eele : l&rsquo;industrie touristique locale, \u00e0 qui elle doit son surnom d&rsquo;\u00cele intense.<\/p>\n<p><a role=\"button\" class=\"button\" href=\"?p=262\">Retour<\/a><\/p>\n","protected":false},"excerpt":{"rendered":"<p>La R\u00e9union Piton de la Fournaise Piton des Neiges La R\u00e9union (La R\u00e9nyon en cr\u00e9ole) est une \u00eele du sud-ouest de l&rsquo;oc\u00e9an Indien dans l&rsquo;h\u00e9misph\u00e8re sud, devenue und\u00e9partement et une r\u00e9gion d&rsquo;outre-mer fran\u00e7ais (DROM). Elle est situ\u00e9e dans l&rsquo;archipel des Mascareignes \u00e0 environ 700 kilom\u00e8tres \u00e0 l&rsquo;est de Madagascar et \u00e0 170 kilom\u00e8tres au sud-ouest [&hellip;]<\/p>\n","protected":false},"author":2,"featured_media":0,"parent":0,"menu_order":0,"comment_status":"closed","ping_status":"closed","template":"","meta":[],"_links":{"self":[{"href":"https:\/\/sebtrotter.com\/index.php?rest_route=\/wp\/v2\/pages\/92"}],"collection":[{"href":"https:\/\/sebtrotter.com\/index.php?rest_route=\/wp\/v2\/pages"}],"about":[{"href":"https:\/\/sebtrotter.com\/index.php?rest_route=\/wp\/v2\/types\/page"}],"author":[{"embeddable":true,"href":"https:\/\/sebtrotter.com\/index.php?rest_route=\/wp\/v2\/users\/2"}],"replies":[{"embeddable":true,"href":"https:\/\/sebtrotter.com\/index.php?rest_route=%2Fwp%2Fv2%2Fcomments&post=92"}],"version-history":[{"count":0,"href":"https:\/\/sebtrotter.com\/index.php?rest_route=\/wp\/v2\/pages\/92\/revisions"}],"wp:attachment":[{"href":"https:\/\/sebtrotter.com\/index.php?rest_route=%2Fwp%2Fv2%2Fmedia&parent=92"}],"curies":[{"name":"wp","href":"https:\/\/api.w.org\/{rel}","templated":true}]}}