{"id":912,"date":"2018-10-05T19:51:45","date_gmt":"2018-10-05T19:51:45","guid":{"rendered":"http:\/\/sebtrotter.wixsite.com\/sebtrotter\/chateau-de-chambord"},"modified":"2018-10-05T19:51:45","modified_gmt":"2018-10-05T19:51:45","slug":"chateau-de-chambord","status":"publish","type":"page","link":"https:\/\/sebtrotter.com\/?page_id=912","title":{"rendered":"Chateau de Chambord"},"content":{"rendered":"<h1><a href=\"http:\/\/www.chambord.org\" target=\"_blank\" rel=\"noopener noreferrer\">Chateau de Chambord<\/a><\/h1>\n<p>&nbsp;<\/p>\n\n<p>Le ch\u00e2teau de Chambord est un ch\u00e2teau fran\u00e7ais situ\u00e9 dans la commune de Chambord, dans le d\u00e9partement de Loir-et-Cher en r\u00e9gion Centre-Val de Loire.<\/p>\n<p>Construit au c\u0153ur du plus grand parc forestier clos d\u2019Europe (environ 50 km2 ceint par un mur de 32 km de long), il s&rsquo;agit du plus vaste des ch\u00e2teaux de la Loire. Il b\u00e9n\u00e9ficie d&rsquo;un jardin d&rsquo;agr\u00e9ment et d&rsquo;un parc de chasse class\u00e9smonuments historiquesB 1.<\/p>\n<p>Le site a d&rsquo;abord accueilli une motte f\u00e9odaleB 2, ainsi que l&rsquo;ancien ch\u00e2teau des comtes de Blois. L&rsquo;origine du ch\u00e2teau actuel remonte au xvie si\u00e8cle et au r\u00e8gne du roi de France Fran\u00e7ois Ier qui supervise son \u00e9dification \u00e0 partir de 1519B 3.<\/p>\n<p>Le ch\u00e2teau et son domaine se sont vu octroyer plusieurs distinctions : inscription au patrimoine mondial de l&rsquo;Organisation des Nations unies pour l&rsquo;\u00e9ducation, la science et la culture (UNESCO) en 19812 ; classement depuis2000 dans la zone de classement de la r\u00e9gion naturelle du Val de Loire entre Sully-sur-Loire et Chalonnes-sur-Loire3ainsi que dans le r\u00e9seau Natura 2000 en 2006. Il est \u00e9galement class\u00e9 sur la premi\u00e8re liste fran\u00e7aise de monuments historiques en 1840B 4, est reconnu \u00e9tablissement public \u00e0 caract\u00e8re industriel et commercial (EPIC) depuis 2005D 1 et constitue l&rsquo;une des composantes du r\u00e9seau des r\u00e9sidences royales europ\u00e9ennes4.<\/p>\n<p><a class=\"button\" role=\"button\" href=\"?p=1032\">Retour<\/a><\/p>\n","protected":false},"excerpt":{"rendered":"<p>Chateau de Chambord &nbsp; Le ch\u00e2teau de Chambord est un ch\u00e2teau fran\u00e7ais situ\u00e9 dans la commune de Chambord, dans le d\u00e9partement de Loir-et-Cher en r\u00e9gion Centre-Val de Loire. Construit au c\u0153ur du plus grand parc forestier clos d\u2019Europe (environ 50 km2 ceint par un mur de 32 km de long), il s&rsquo;agit du plus vaste [&hellip;]<\/p>\n","protected":false},"author":2,"featured_media":0,"parent":1032,"menu_order":0,"comment_status":"closed","ping_status":"closed","template":"","meta":[],"_links":{"self":[{"href":"https:\/\/sebtrotter.com\/index.php?rest_route=\/wp\/v2\/pages\/912"}],"collection":[{"href":"https:\/\/sebtrotter.com\/index.php?rest_route=\/wp\/v2\/pages"}],"about":[{"href":"https:\/\/sebtrotter.com\/index.php?rest_route=\/wp\/v2\/types\/page"}],"author":[{"embeddable":true,"href":"https:\/\/sebtrotter.com\/index.php?rest_route=\/wp\/v2\/users\/2"}],"replies":[{"embeddable":true,"href":"https:\/\/sebtrotter.com\/index.php?rest_route=%2Fwp%2Fv2%2Fcomments&post=912"}],"version-history":[{"count":0,"href":"https:\/\/sebtrotter.com\/index.php?rest_route=\/wp\/v2\/pages\/912\/revisions"}],"up":[{"embeddable":true,"href":"https:\/\/sebtrotter.com\/index.php?rest_route=\/wp\/v2\/pages\/1032"}],"wp:attachment":[{"href":"https:\/\/sebtrotter.com\/index.php?rest_route=%2Fwp%2Fv2%2Fmedia&parent=912"}],"curies":[{"name":"wp","href":"https:\/\/api.w.org\/{rel}","templated":true}]}}