{"id":862,"date":"2018-10-05T19:51:45","date_gmt":"2018-10-05T19:51:45","guid":{"rendered":"http:\/\/sebtrotter.wixsite.com\/sebtrotter\/naples"},"modified":"2018-10-05T19:51:45","modified_gmt":"2018-10-05T19:51:45","slug":"naples","status":"publish","type":"page","link":"https:\/\/sebtrotter.com\/?page_id=862","title":{"rendered":"Naples"},"content":{"rendered":"<h1><a href=\"http:\/\/www.naples-napoli.org\" target=\"_blank\" rel=\"noopener noreferrer\">Naples<\/a><\/h1>\n\n<p>Naples (en italien Napoli \/\u02c8napoli\/, en napolitain Napule) est une ville d&rsquo;Italie, capitale de la r\u00e9gion de Campanie. Avec 989 553 habitants en 2014, c&rsquo;est la troisi\u00e8me commune italienne pour sa population, apr\u00e8s Rome et Milan. Son aire urbaine, qui compte 4 434 136 habitants, en fait la deuxi\u00e8me du pays apr\u00e8s celle de Milan2, et l&rsquo;une des plus grandes cit\u00e9s m\u00e9diterran\u00e9ennes.<\/p>\n<p>Fond\u00e9e durant l&rsquo;Antiquit\u00e9, capitale du Royaume de Naples et du Royaume des Deux-Siciles, la ville et, en g\u00e9n\u00e9ral, tout le Mezzogiorno subit un d\u00e9clin socio-\u00e9conomique relatif depuis l&rsquo;annexion au Royaume de l&rsquo;Italie en 1860.<\/p>\n<p>\u00c0 Naples se trouve la Villa Rosebery, l&rsquo;une des trois r\u00e9sidences officielles du pr\u00e9sident de la R\u00e9publique italienne. La ville abrite aussi le si\u00e8ge d&rsquo;un commandement interalli\u00e9s et interarm\u00e9es (Joint Force Command Naples &#8211; JFCNP) de l&rsquo;OTAN n\u00e9 le 15 mars 2003 en remplacement du commandement des forces alli\u00e9es du sud de l\u2019Europe (AFSOUTH).<\/p>\n<p><a class=\"button\" role=\"button\" href=\"?p=642\">Retour<\/a><\/p>\n","protected":false},"excerpt":{"rendered":"<p>Naples Naples (en italien Napoli \/\u02c8napoli\/, en napolitain Napule) est une ville d&rsquo;Italie, capitale de la r\u00e9gion de Campanie. Avec 989 553 habitants en 2014, c&rsquo;est la troisi\u00e8me commune italienne pour sa population, apr\u00e8s Rome et Milan. Son aire urbaine, qui compte 4 434 136 habitants, en fait la deuxi\u00e8me du pays apr\u00e8s celle de [&hellip;]<\/p>\n","protected":false},"author":2,"featured_media":0,"parent":642,"menu_order":0,"comment_status":"closed","ping_status":"closed","template":"","meta":[],"_links":{"self":[{"href":"https:\/\/sebtrotter.com\/index.php?rest_route=\/wp\/v2\/pages\/862"}],"collection":[{"href":"https:\/\/sebtrotter.com\/index.php?rest_route=\/wp\/v2\/pages"}],"about":[{"href":"https:\/\/sebtrotter.com\/index.php?rest_route=\/wp\/v2\/types\/page"}],"author":[{"embeddable":true,"href":"https:\/\/sebtrotter.com\/index.php?rest_route=\/wp\/v2\/users\/2"}],"replies":[{"embeddable":true,"href":"https:\/\/sebtrotter.com\/index.php?rest_route=%2Fwp%2Fv2%2Fcomments&post=862"}],"version-history":[{"count":0,"href":"https:\/\/sebtrotter.com\/index.php?rest_route=\/wp\/v2\/pages\/862\/revisions"}],"up":[{"embeddable":true,"href":"https:\/\/sebtrotter.com\/index.php?rest_route=\/wp\/v2\/pages\/642"}],"wp:attachment":[{"href":"https:\/\/sebtrotter.com\/index.php?rest_route=%2Fwp%2Fv2%2Fmedia&parent=862"}],"curies":[{"name":"wp","href":"https:\/\/api.w.org\/{rel}","templated":true}]}}