{"id":852,"date":"2018-10-05T19:51:45","date_gmt":"2018-10-05T19:51:45","guid":{"rendered":"http:\/\/sebtrotter.wixsite.com\/sebtrotter\/abbaye-royal-de-fontevraud"},"modified":"2018-10-05T19:51:45","modified_gmt":"2018-10-05T19:51:45","slug":"abbaye-royal-de-fontevraud","status":"publish","type":"page","link":"https:\/\/sebtrotter.com\/?page_id=852","title":{"rendered":"Abbaye royal de Fontevraud"},"content":{"rendered":"\n<p>L&rsquo;abbaye Notre-Dame de Fontevraud est une ancienne abbaye d&rsquo;inspiration b\u00e9n\u00e9dictine, si\u00e8ge de l&rsquo;ordre de Fontevraud, fond\u00e9e en 1101 par Robert d&rsquo;Arbrissel et situ\u00e9e \u00e0 Fontevraud, pr\u00e8s de Saumur en Anjou (actuel Maine-et-Loire). Site de 13 ha \u00e9tabli \u00e0 la fronti\u00e8re angevine du Poitou et de la Touraine, elle est l&rsquo;une des plus grandes cit\u00e9s monastiques d&rsquo;Europe.<\/p>\n<p>Initialement monast\u00e8re mixte, accueillant femmes et hommes au sein des m\u00eames b\u00e2timents, puis agrandi en monast\u00e8re double dans l&rsquo;esprit de la r\u00e9forme gr\u00e9gorienne, l&rsquo;abbaye de Fontevraud va s&rsquo;attirer la protection des comtes d&rsquo;Anjou puis de la dynastie des Plantagen\u00eats qui en feront leur n\u00e9cropole. Apr\u00e8s un d\u00e9clin \u00e0 partir du xiiie si\u00e8cle, l&rsquo;abbaye est dirig\u00e9e pendant presque deux si\u00e8cles par des abbesses issues de la famille royale des Bourbons. La R\u00e9volution fran\u00e7aiseporte un coup d&rsquo;arr\u00eat d\u00e9finitif \u00e0 l&rsquo;\u00e9tablissement religieux qui se transforme en \u00e9tablissement p\u00e9nitentiaire jusqu&rsquo;en 1963. Les diff\u00e9rentes r\u00e9novations des \u00e9difices d\u00e9butent d\u00e8s le xixe si\u00e8cle apr\u00e8s le classement de l&rsquo;abbaye au titre desmonuments historiques en 1840 et se poursuivent jusqu&rsquo;\u00e0 nos jours. En 2000, l&rsquo;abbaye de Fontevraud est class\u00e9e aupatrimoine mondial de l&rsquo;Unesco avec l&rsquo;ensemble du site culturel du Val de Loire.<\/p>\n<p>L&rsquo;ensemble monastique se compose aujourd&rsquo;hui des deux monast\u00e8res encore subsistants sur les quatre d&rsquo;origine. Le plus important est le monast\u00e8re du Grand-Mo\u00fbtier, ouvert au public, qui h\u00e9berge l&rsquo;\u00e9glise abbatiale, la cuisine romane et la chapelle Saint-Beno\u00eet du xiie si\u00e8cle, ainsi que le clo\u00eetre, les b\u00e2timents conventuels, dont la salle capitulaire, et les infirmeries du xvie si\u00e8cle. Certains des b\u00e2timents h\u00e9bergent aujourd&rsquo;hui des salles de s\u00e9minaire. Le prieur\u00e9 Saint-Lazare, dont l&rsquo;\u00e9glise date du xiie si\u00e8cle, a \u00e9t\u00e9 transform\u00e9 en r\u00e9sidence h\u00f4teli\u00e8re.<\/p>\n<p><a class=\"button\" role=\"button\" href=\"?p=1032\">Retour<\/a><\/p>\n","protected":false},"excerpt":{"rendered":"<p>L&rsquo;abbaye Notre-Dame de Fontevraud est une ancienne abbaye d&rsquo;inspiration b\u00e9n\u00e9dictine, si\u00e8ge de l&rsquo;ordre de Fontevraud, fond\u00e9e en 1101 par Robert d&rsquo;Arbrissel et situ\u00e9e \u00e0 Fontevraud, pr\u00e8s de Saumur en Anjou (actuel Maine-et-Loire). Site de 13 ha \u00e9tabli \u00e0 la fronti\u00e8re angevine du Poitou et de la Touraine, elle est l&rsquo;une des plus grandes cit\u00e9s monastiques [&hellip;]<\/p>\n","protected":false},"author":2,"featured_media":0,"parent":1032,"menu_order":0,"comment_status":"closed","ping_status":"closed","template":"","meta":[],"_links":{"self":[{"href":"https:\/\/sebtrotter.com\/index.php?rest_route=\/wp\/v2\/pages\/852"}],"collection":[{"href":"https:\/\/sebtrotter.com\/index.php?rest_route=\/wp\/v2\/pages"}],"about":[{"href":"https:\/\/sebtrotter.com\/index.php?rest_route=\/wp\/v2\/types\/page"}],"author":[{"embeddable":true,"href":"https:\/\/sebtrotter.com\/index.php?rest_route=\/wp\/v2\/users\/2"}],"replies":[{"embeddable":true,"href":"https:\/\/sebtrotter.com\/index.php?rest_route=%2Fwp%2Fv2%2Fcomments&post=852"}],"version-history":[{"count":0,"href":"https:\/\/sebtrotter.com\/index.php?rest_route=\/wp\/v2\/pages\/852\/revisions"}],"up":[{"embeddable":true,"href":"https:\/\/sebtrotter.com\/index.php?rest_route=\/wp\/v2\/pages\/1032"}],"wp:attachment":[{"href":"https:\/\/sebtrotter.com\/index.php?rest_route=%2Fwp%2Fv2%2Fmedia&parent=852"}],"curies":[{"name":"wp","href":"https:\/\/api.w.org\/{rel}","templated":true}]}}