{"id":842,"date":"2018-10-05T19:51:45","date_gmt":"2018-10-05T19:51:45","guid":{"rendered":"http:\/\/sebtrotter.wixsite.com\/sebtrotter\/chateau-de-kerguehennec"},"modified":"2018-10-05T19:51:45","modified_gmt":"2018-10-05T19:51:45","slug":"chateau-de-kerguehennec","status":"publish","type":"page","link":"https:\/\/sebtrotter.com\/?page_id=842","title":{"rendered":"Chateau de Kerguehennec"},"content":{"rendered":"<h1><a href=\"http:\/\/www.kerguehennec.fr\" target=\"_blank\" rel=\"noopener noreferrer\">Chateau de Kerguehennec<\/a><\/h1>\n\n<p>Situ\u00e9 \u00e0 une vingtaine de kilom\u00e8tres au nord de Vannes, en direction de Pontivy, le ch\u00e2teau de Kergu\u00e9hennec a \u00e9t\u00e9 construit en 1710 par l&rsquo;architecte Olivier Delourme pour deux riches financiers suisses originaires de Saint-Gall mais install\u00e9s \u00e0 Paris, les fr\u00e8res Hogguer, actionnaires de la Compagnie des Indes.<\/p>\n<p>En 1732, le domaine, est acquis comme terre de rapport agricole et forestier par Guy-Auguste de Rohan (1683-1760),comte de Chabot, c\u00e9l\u00e8bre pour avoir fait enfermer Voltaire, qui n&rsquo;y r\u00e9side pas. Son fils, Louis-Antoine de Rohan-Chabot (1733-1807), duc de Rohan, doit s&rsquo;en s\u00e9parer peu apr\u00e8s la R\u00e9volution fran\u00e7aise. Le domaine est acquis en 1802 par le vicomte de Janz\u00e9 puis, en 1872, par le comte Paul-Henri Lanjuinais, d\u00e9put\u00e9 puis pr\u00e9sident du conseil g\u00e9n\u00e9ral du Morbihan, qui le rach\u00e8te \u00e0 son cousin Louis Albert Henri de Janz\u00e9 (petit-fils du vicomte) et le fait alors somptueusement restaurer par l&rsquo;architecte parisien Ernest Trilhe.<\/p>\n<p>C&rsquo;est \u00e9galement le comte Lanjuinais qui fait am\u00e9nager, en 1872, le parc de 170 hectares par le paysagiste suisse Denis B\u00fchler, auteur en 1854, avec son fr\u00e8re Eug\u00e8ne, du parc de la T\u00eate d&rsquo;or \u00e0 Lyon. Les abords du ch\u00e2teau sont trait\u00e9s \u00e0 la fran\u00e7aise, tandis que le nord du domaine est am\u00e9nag\u00e9 dans le genre anglais. Il abrite \u00e9galement un arboretum.<\/p>\n<p>Le domaine passera ensuite par h\u00e9ritage \u00e0 Marie Louise Marguerite Lanjuinais, fille de Paul Henri Lanjuinais et \u00e9pouse d&rsquo;Arthur Espivent de La Villeboisnet. Enfin, la fille a\u00een\u00e9e de ces derniers, Elisabeth Anne Marie Espivent de la Villesboisnet, devenue comtesse Pierre d&rsquo;Humi\u00e8res en 1933, qui en h\u00e9ritera elle-m\u00eame par sortie d&rsquo;indivision le12 juillet 1943. C&rsquo;est elle qui le 19 janvier 1972 vendra le Ch\u00e2teau et le domaine de Kergu\u00e9hennec au d\u00e9partement du Morbihan[r\u00e9f<\/p>\n<p><a class=\"button\" role=\"button\" href=\"?p=1032\">Retour<\/a><\/p>\n","protected":false},"excerpt":{"rendered":"<p>Chateau de Kerguehennec Situ\u00e9 \u00e0 une vingtaine de kilom\u00e8tres au nord de Vannes, en direction de Pontivy, le ch\u00e2teau de Kergu\u00e9hennec a \u00e9t\u00e9 construit en 1710 par l&rsquo;architecte Olivier Delourme pour deux riches financiers suisses originaires de Saint-Gall mais install\u00e9s \u00e0 Paris, les fr\u00e8res Hogguer, actionnaires de la Compagnie des Indes. En 1732, le domaine, [&hellip;]<\/p>\n","protected":false},"author":2,"featured_media":0,"parent":1032,"menu_order":0,"comment_status":"closed","ping_status":"closed","template":"","meta":[],"_links":{"self":[{"href":"https:\/\/sebtrotter.com\/index.php?rest_route=\/wp\/v2\/pages\/842"}],"collection":[{"href":"https:\/\/sebtrotter.com\/index.php?rest_route=\/wp\/v2\/pages"}],"about":[{"href":"https:\/\/sebtrotter.com\/index.php?rest_route=\/wp\/v2\/types\/page"}],"author":[{"embeddable":true,"href":"https:\/\/sebtrotter.com\/index.php?rest_route=\/wp\/v2\/users\/2"}],"replies":[{"embeddable":true,"href":"https:\/\/sebtrotter.com\/index.php?rest_route=%2Fwp%2Fv2%2Fcomments&post=842"}],"version-history":[{"count":0,"href":"https:\/\/sebtrotter.com\/index.php?rest_route=\/wp\/v2\/pages\/842\/revisions"}],"up":[{"embeddable":true,"href":"https:\/\/sebtrotter.com\/index.php?rest_route=\/wp\/v2\/pages\/1032"}],"wp:attachment":[{"href":"https:\/\/sebtrotter.com\/index.php?rest_route=%2Fwp%2Fv2%2Fmedia&parent=842"}],"curies":[{"name":"wp","href":"https:\/\/api.w.org\/{rel}","templated":true}]}}