{"id":832,"date":"2018-10-05T19:51:45","date_gmt":"2018-10-05T19:51:45","guid":{"rendered":"http:\/\/sebtrotter.wixsite.com\/sebtrotter\/piton-des-neiges"},"modified":"2018-10-05T19:51:45","modified_gmt":"2018-10-05T19:51:45","slug":"piton-des-neiges","status":"publish","type":"page","link":"https:\/\/sebtrotter.com\/?page_id=832","title":{"rendered":"Piton des neiges"},"content":{"rendered":"<h1>Piton des Neiges<\/h1>\n\n<p>Le massif du Piton des Neiges est un massif montagneux au centre de l&rsquo;\u00eele de La R\u00e9union, d\u00e9partement d&rsquo;outre-merfran\u00e7ais dans le sud-ouest de l&rsquo;oc\u00e9an Indien. Il culmine \u00e0 3 070 m\u00e8tres d&rsquo;altitude au Piton des Neiges. D&rsquo;autres sommets de ce massif s&rsquo;\u00e9l\u00e8vent au-del\u00e0 de 2 200 m\u00e8tres : le Gros Morne, le Grand B\u00e9nare, la Roche \u00c9crite ou encore le Ma\u00efdo<\/p>\n<p><a class=\"button\" role=\"button\" href=\"?p=92\">Retour<\/a><\/p>\n","protected":false},"excerpt":{"rendered":"<p>Piton des Neiges Le massif du Piton des Neiges est un massif montagneux au centre de l&rsquo;\u00eele de La R\u00e9union, d\u00e9partement d&rsquo;outre-merfran\u00e7ais dans le sud-ouest de l&rsquo;oc\u00e9an Indien. Il culmine \u00e0 3 070 m\u00e8tres d&rsquo;altitude au Piton des Neiges. D&rsquo;autres sommets de ce massif s&rsquo;\u00e9l\u00e8vent au-del\u00e0 de 2 200 m\u00e8tres : le Gros Morne, le [&hellip;]<\/p>\n","protected":false},"author":2,"featured_media":0,"parent":92,"menu_order":0,"comment_status":"closed","ping_status":"closed","template":"","meta":[],"_links":{"self":[{"href":"https:\/\/sebtrotter.com\/index.php?rest_route=\/wp\/v2\/pages\/832"}],"collection":[{"href":"https:\/\/sebtrotter.com\/index.php?rest_route=\/wp\/v2\/pages"}],"about":[{"href":"https:\/\/sebtrotter.com\/index.php?rest_route=\/wp\/v2\/types\/page"}],"author":[{"embeddable":true,"href":"https:\/\/sebtrotter.com\/index.php?rest_route=\/wp\/v2\/users\/2"}],"replies":[{"embeddable":true,"href":"https:\/\/sebtrotter.com\/index.php?rest_route=%2Fwp%2Fv2%2Fcomments&post=832"}],"version-history":[{"count":0,"href":"https:\/\/sebtrotter.com\/index.php?rest_route=\/wp\/v2\/pages\/832\/revisions"}],"up":[{"embeddable":true,"href":"https:\/\/sebtrotter.com\/index.php?rest_route=\/wp\/v2\/pages\/92"}],"wp:attachment":[{"href":"https:\/\/sebtrotter.com\/index.php?rest_route=%2Fwp%2Fv2%2Fmedia&parent=832"}],"curies":[{"name":"wp","href":"https:\/\/api.w.org\/{rel}","templated":true}]}}