{"id":812,"date":"2018-10-05T19:51:45","date_gmt":"2018-10-05T19:51:45","guid":{"rendered":"http:\/\/sebtrotter.wixsite.com\/sebtrotter\/strasbourg"},"modified":"2018-10-05T19:51:45","modified_gmt":"2018-10-05T19:51:45","slug":"strasbourg","status":"publish","type":"page","link":"https:\/\/sebtrotter.com\/?page_id=812","title":{"rendered":"Strasbourg"},"content":{"rendered":"<h1><span style=\"text-decoration:underline;\"><a>March\u00e9 de No\u00ebl de Strabourg<\/a><\/span><\/h1>\n\n<p>Le Christkindelsm\u00e4rik, ou \u00ab march\u00e9 de l\u2019enfant J\u00e9sus \u00bb, est le nom donn\u00e9 en dialecte alsacien au traditionnel march\u00e9 de No\u00ebl qui se tient depuis 1570 \u00e0 Strasbourg, en Alsace, et a \u00e9t\u00e9 longtemps le seul en France. Il d\u00e9bute le premier samedi de l\u2019Avent pour s\u2019achever le 31 d\u00e9cembre au soir. Le Christkindelsm\u00e4rikattire chaque ann\u00e9e deux millions de visiteurs venus du monde entier.<\/p>\n<p><a class=\"button\" role=\"button\" href=\"?p=1032\">Retour<\/a><\/p>\n","protected":false},"excerpt":{"rendered":"<p>March\u00e9 de No\u00ebl de Strabourg Le Christkindelsm\u00e4rik, ou \u00ab march\u00e9 de l\u2019enfant J\u00e9sus \u00bb, est le nom donn\u00e9 en dialecte alsacien au traditionnel march\u00e9 de No\u00ebl qui se tient depuis 1570 \u00e0 Strasbourg, en Alsace, et a \u00e9t\u00e9 longtemps le seul en France. Il d\u00e9bute le premier samedi de l\u2019Avent pour s\u2019achever le 31 d\u00e9cembre [&hellip;]<\/p>\n","protected":false},"author":2,"featured_media":0,"parent":1032,"menu_order":0,"comment_status":"closed","ping_status":"closed","template":"","meta":[],"_links":{"self":[{"href":"https:\/\/sebtrotter.com\/index.php?rest_route=\/wp\/v2\/pages\/812"}],"collection":[{"href":"https:\/\/sebtrotter.com\/index.php?rest_route=\/wp\/v2\/pages"}],"about":[{"href":"https:\/\/sebtrotter.com\/index.php?rest_route=\/wp\/v2\/types\/page"}],"author":[{"embeddable":true,"href":"https:\/\/sebtrotter.com\/index.php?rest_route=\/wp\/v2\/users\/2"}],"replies":[{"embeddable":true,"href":"https:\/\/sebtrotter.com\/index.php?rest_route=%2Fwp%2Fv2%2Fcomments&post=812"}],"version-history":[{"count":0,"href":"https:\/\/sebtrotter.com\/index.php?rest_route=\/wp\/v2\/pages\/812\/revisions"}],"up":[{"embeddable":true,"href":"https:\/\/sebtrotter.com\/index.php?rest_route=\/wp\/v2\/pages\/1032"}],"wp:attachment":[{"href":"https:\/\/sebtrotter.com\/index.php?rest_route=%2Fwp%2Fv2%2Fmedia&parent=812"}],"curies":[{"name":"wp","href":"https:\/\/api.w.org\/{rel}","templated":true}]}}