{"id":802,"date":"2018-10-05T19:51:45","date_gmt":"2018-10-05T19:51:45","guid":{"rendered":"http:\/\/sebtrotter.wixsite.com\/sebtrotter\/chateau-d-azay-le-rideau"},"modified":"2018-10-05T19:51:45","modified_gmt":"2018-10-05T19:51:45","slug":"chateau-dazay-le-rideau","status":"publish","type":"page","link":"https:\/\/sebtrotter.com\/?page_id=802","title":{"rendered":"Chateau d&rsquo;Azay le Rideau"},"content":{"rendered":"<h1><a href=\"http:\/\/www.azay-le-rideau.fr\" target=\"_blank\" rel=\"noopener noreferrer\">Chateau d&rsquo;Azay le Rideau <\/a><\/h1>\n\n<p>Le ch\u00e2teau d&rsquo;Azay-le-Rideau est un monument class\u00e9 appartenant \u00e0 l&rsquo;\u00c9tat et situ\u00e9 dans la commune du m\u00eame nom, en Indre-et-Loire, en France.<\/p>\n<p>On peut y acc\u00e9der par la ligne TER Tours &#8211; Chinon qui marque syst\u00e9matiquement l&rsquo;arr\u00eat dans la commune.<\/p>\n<p>Le ch\u00e2teau fait l\u2019objet d\u2019un classement au titre des monuments historiques depuis le 18 avril 19142. Le ch\u00e2teau d\u2019Azay-le-Rideau, comme une centaine d\u2019autres monuments, propri\u00e9t\u00e9 de l\u2019\u00c9tat, est g\u00e9r\u00e9, anim\u00e9 et ouvert \u00e0 la visite par lecentre des monuments nationaux.<\/p>\n<p><a class=\"button\" role=\"button\" href=\"?p=1032\">Retour<\/a><\/p>\n","protected":false},"excerpt":{"rendered":"<p>Chateau d&rsquo;Azay le Rideau Le ch\u00e2teau d&rsquo;Azay-le-Rideau est un monument class\u00e9 appartenant \u00e0 l&rsquo;\u00c9tat et situ\u00e9 dans la commune du m\u00eame nom, en Indre-et-Loire, en France. On peut y acc\u00e9der par la ligne TER Tours &#8211; Chinon qui marque syst\u00e9matiquement l&rsquo;arr\u00eat dans la commune. Le ch\u00e2teau fait l\u2019objet d\u2019un classement au titre des monuments historiques [&hellip;]<\/p>\n","protected":false},"author":2,"featured_media":0,"parent":1032,"menu_order":0,"comment_status":"closed","ping_status":"closed","template":"","meta":[],"_links":{"self":[{"href":"https:\/\/sebtrotter.com\/index.php?rest_route=\/wp\/v2\/pages\/802"}],"collection":[{"href":"https:\/\/sebtrotter.com\/index.php?rest_route=\/wp\/v2\/pages"}],"about":[{"href":"https:\/\/sebtrotter.com\/index.php?rest_route=\/wp\/v2\/types\/page"}],"author":[{"embeddable":true,"href":"https:\/\/sebtrotter.com\/index.php?rest_route=\/wp\/v2\/users\/2"}],"replies":[{"embeddable":true,"href":"https:\/\/sebtrotter.com\/index.php?rest_route=%2Fwp%2Fv2%2Fcomments&post=802"}],"version-history":[{"count":0,"href":"https:\/\/sebtrotter.com\/index.php?rest_route=\/wp\/v2\/pages\/802\/revisions"}],"up":[{"embeddable":true,"href":"https:\/\/sebtrotter.com\/index.php?rest_route=\/wp\/v2\/pages\/1032"}],"wp:attachment":[{"href":"https:\/\/sebtrotter.com\/index.php?rest_route=%2Fwp%2Fv2%2Fmedia&parent=802"}],"curies":[{"name":"wp","href":"https:\/\/api.w.org\/{rel}","templated":true}]}}