{"id":792,"date":"2018-10-05T19:51:45","date_gmt":"2018-10-05T19:51:45","guid":{"rendered":"http:\/\/sebtrotter.wixsite.com\/sebtrotter\/les-grottes-p-trifiantes"},"modified":"2018-10-05T19:51:45","modified_gmt":"2018-10-05T19:51:45","slug":"les-grottes-petrifiantes","status":"publish","type":"page","link":"https:\/\/sebtrotter.com\/?page_id=792","title":{"rendered":"Les grottes p\u00e9trifiantes"},"content":{"rendered":"<h1>Les grottes Petrifiantes de VILLANDRY<\/h1>\n\n<p>Lorsque vous visiter les chateaux de la Loire n&rsquo;oubliez pas de vous arr\u00e9ter a ces grottes p\u00e9trifiantes. F\u00e9\u00e9rique, le calcite se d\u00e9pose sur les objets et au bout d&rsquo;une ann\u00e9e c&rsquo;est la transformation. Cela peut nous faire rappeler le lac ASSAL de DJIBOUTI qui d\u00e9pose de la meme facon sa couche de sel sur tous les objets qu&rsquo;on y d\u00e9pose.<\/p>\n<p><a href=\"https:\/\/www.grottes-savonnieres.com\/site-officiel\/la-p%C3%A9trification\/\" target=\"_blank\" rel=\"noopener noreferrer\">Le site Internet<\/a><\/p>\n<p>&nbsp;<\/p>\n<p>La visite guid\u00e9e dure environ une heure, les horaire d&rsquo;ouverture sont les suivant:<\/p>\n<p>Ouvert tous les jours<\/p>\n<p>\u2022 Du 06 f\u00e9vrier au 31 mars : 10h-12h \/ 14h-18h<\/p>\n<p>\u2022 Du 01 avril au 03 juillet : 10h-19h<\/p>\n<p>\u2022 Du 04 juillet au 31 ao\u00fbt : 9h30-19h30<\/p>\n<p>\u2022 Du 01 septembre au 30 septembre : 10h-19h<\/p>\n<p>\u2022 Du 01 octobre au 13 novembre : 10h-12h \/ 14h-18h<\/p>\n<p>\u2022 Du 14 novembre au 30 novembre : 14h-18h<\/p>\n<p>Et pour le tarif de :<\/p>\n<p>Adulte : 7,40 \u20ac<\/p>\n<p>Enfant (de 5 \u00e0 16 ans) : 5,30 \u20ac<\/p>\n<p>Etudiant (sur pr\u00e9sentation d&rsquo;un justificatif) : 6,40\u20ac<\/p>\n<p>Handicap\u00e9 (sur pr\u00e9sentation d\u2019un justificatif) : 6,20 \u20ac<\/p>\n<p>Moi j&rsquo;ai vraiment bien aim<span style=\"font-style:normal;\"><span style=\"font-weight:400;\"><span style=\"font-size:15px;\">\u00e9<\/span><\/span><\/span><\/p>\n<p>&nbsp;<\/p>\n<p><span style=\"font-style:normal;\"><span style=\"font-weight:400;\"><span style=\"font-size:15px;\">Alors rendez vous a :<\/span><\/span><\/span><\/p>\n<p>&nbsp;<\/p>\n<p>Les Grottes P\u00e9trifiantes de Savonni\u00e8res Villandry :<\/p>\n<p>61 route des Grottes P\u00e9trifiantes &#8211; 37510 Savonni\u00e8res<\/p>\n<p>Et dites moi ce que vous en pensez \ud83d\ude42<\/p>\n<p><a class=\"button\" role=\"button\" href=\"?p=1032\">Retour<\/a><\/p>\n","protected":false},"excerpt":{"rendered":"<p>Les grottes Petrifiantes de VILLANDRY Lorsque vous visiter les chateaux de la Loire n&rsquo;oubliez pas de vous arr\u00e9ter a ces grottes p\u00e9trifiantes. F\u00e9\u00e9rique, le calcite se d\u00e9pose sur les objets et au bout d&rsquo;une ann\u00e9e c&rsquo;est la transformation. Cela peut nous faire rappeler le lac ASSAL de DJIBOUTI qui d\u00e9pose de la meme facon sa [&hellip;]<\/p>\n","protected":false},"author":2,"featured_media":0,"parent":1032,"menu_order":0,"comment_status":"closed","ping_status":"closed","template":"","meta":[],"_links":{"self":[{"href":"https:\/\/sebtrotter.com\/index.php?rest_route=\/wp\/v2\/pages\/792"}],"collection":[{"href":"https:\/\/sebtrotter.com\/index.php?rest_route=\/wp\/v2\/pages"}],"about":[{"href":"https:\/\/sebtrotter.com\/index.php?rest_route=\/wp\/v2\/types\/page"}],"author":[{"embeddable":true,"href":"https:\/\/sebtrotter.com\/index.php?rest_route=\/wp\/v2\/users\/2"}],"replies":[{"embeddable":true,"href":"https:\/\/sebtrotter.com\/index.php?rest_route=%2Fwp%2Fv2%2Fcomments&post=792"}],"version-history":[{"count":0,"href":"https:\/\/sebtrotter.com\/index.php?rest_route=\/wp\/v2\/pages\/792\/revisions"}],"up":[{"embeddable":true,"href":"https:\/\/sebtrotter.com\/index.php?rest_route=\/wp\/v2\/pages\/1032"}],"wp:attachment":[{"href":"https:\/\/sebtrotter.com\/index.php?rest_route=%2Fwp%2Fv2%2Fmedia&parent=792"}],"curies":[{"name":"wp","href":"https:\/\/api.w.org\/{rel}","templated":true}]}}