{"id":782,"date":"2018-10-05T19:51:45","date_gmt":"2018-10-05T19:51:45","guid":{"rendered":"http:\/\/sebtrotter.wixsite.com\/sebtrotter\/st-tropez"},"modified":"2018-10-05T19:51:45","modified_gmt":"2018-10-05T19:51:45","slug":"st-tropez","status":"publish","type":"page","link":"https:\/\/sebtrotter.com\/?page_id=782","title":{"rendered":"St Tropez"},"content":{"rendered":"\n<p>Saint-Tropez (prononc\u00e9 [s\u025b\u0303 t\u0281\u0254.pe]) est une commune fran\u00e7aise situ\u00e9e dans le d\u00e9partement du Var en r\u00e9gionProvence-Alpes-C\u00f4te d&rsquo;Azur, chef-lieu du canton de Saint-Tropez.<\/p>\n<p>De la citadelle du xvie si\u00e8cle au village de p\u00eacheurs au d\u00e9but du xxe si\u00e8cle, la premi\u00e8re ville lib\u00e9r\u00e9e lors dud\u00e9barquement de Provence devint d\u00e8s les ann\u00e9es 1950 une station baln\u00e9aire internationalement connue de la C\u00f4te d&rsquo;Azur gr\u00e2ce \u00e0 l&rsquo;engouement des artistes de la Nouvelle Vague puis des Y\u00e9y\u00e9s et enfin, un lieu de vill\u00e9giature de la Jet set europ\u00e9enne et am\u00e9ricaine comme des touristes en qu\u00eate d&rsquo;authenticit\u00e9 proven\u00e7ale ou de c\u00e9l\u00e9brit\u00e9s.<\/p>\n<p>Ses habitants sont les Trop\u00e9ziens1 et la ville est famili\u00e8rement appel\u00e9e \u00ab St-Trop&rsquo; \u00bb.<\/p>\n<p><a class=\"button\" role=\"button\" href=\"?p=1032\">Retour<\/a><\/p>\n","protected":false},"excerpt":{"rendered":"<p>Saint-Tropez (prononc\u00e9 [s\u025b\u0303 t\u0281\u0254.pe]) est une commune fran\u00e7aise situ\u00e9e dans le d\u00e9partement du Var en r\u00e9gionProvence-Alpes-C\u00f4te d&rsquo;Azur, chef-lieu du canton de Saint-Tropez. De la citadelle du xvie si\u00e8cle au village de p\u00eacheurs au d\u00e9but du xxe si\u00e8cle, la premi\u00e8re ville lib\u00e9r\u00e9e lors dud\u00e9barquement de Provence devint d\u00e8s les ann\u00e9es 1950 une station baln\u00e9aire internationalement connue [&hellip;]<\/p>\n","protected":false},"author":2,"featured_media":0,"parent":1032,"menu_order":0,"comment_status":"closed","ping_status":"closed","template":"","meta":[],"_links":{"self":[{"href":"https:\/\/sebtrotter.com\/index.php?rest_route=\/wp\/v2\/pages\/782"}],"collection":[{"href":"https:\/\/sebtrotter.com\/index.php?rest_route=\/wp\/v2\/pages"}],"about":[{"href":"https:\/\/sebtrotter.com\/index.php?rest_route=\/wp\/v2\/types\/page"}],"author":[{"embeddable":true,"href":"https:\/\/sebtrotter.com\/index.php?rest_route=\/wp\/v2\/users\/2"}],"replies":[{"embeddable":true,"href":"https:\/\/sebtrotter.com\/index.php?rest_route=%2Fwp%2Fv2%2Fcomments&post=782"}],"version-history":[{"count":0,"href":"https:\/\/sebtrotter.com\/index.php?rest_route=\/wp\/v2\/pages\/782\/revisions"}],"up":[{"embeddable":true,"href":"https:\/\/sebtrotter.com\/index.php?rest_route=\/wp\/v2\/pages\/1032"}],"wp:attachment":[{"href":"https:\/\/sebtrotter.com\/index.php?rest_route=%2Fwp%2Fv2%2Fmedia&parent=782"}],"curies":[{"name":"wp","href":"https:\/\/api.w.org\/{rel}","templated":true}]}}