{"id":762,"date":"2018-10-05T19:51:45","date_gmt":"2018-10-05T19:51:45","guid":{"rendered":"http:\/\/sebtrotter.wixsite.com\/sebtrotter\/vesuve"},"modified":"2018-10-05T19:51:45","modified_gmt":"2018-10-05T19:51:45","slug":"vesuve","status":"publish","type":"page","link":"https:\/\/sebtrotter.com\/?page_id=762","title":{"rendered":"Vesuve"},"content":{"rendered":"<h1><a rel=\"noopener noreferrer\" target=\"_blank\" href=\"http:\/\/www.bellanapoli.fr\/decouvrir\/aux-alentours\/volcans\/vesuve\/\">Vesuve<\/a><\/h1>\n\n<p>Le V\u00e9suve ou mont V\u00e9suve (monte Vesuvio en italien, Vesuvius mons en latin) est un volcan italien d&rsquo;une altitude de1 281 m\u00e8tres, bordant la baie de Naples, \u00e0 l&rsquo;est de la ville. Il s&rsquo;agit du seul volcan d&rsquo;Europe continentale \u00e0 \u00eatre entr\u00e9 en \u00e9ruption durant les cent derni\u00e8res ann\u00e9es, m\u00eame s&rsquo;il est actuellement en sommeil ; sa derni\u00e8re \u00e9ruption date de 1944.<\/p>\n<p>Il est \u00e0 l&rsquo;origine de la destruction des villes de Pomp\u00e9i, Herculanum, Oplontis et Stabies, ensevelies le 24 ao\u00fbt 79 sous une pluie de cendres et de boue qui, ainsi, les a conserv\u00e9es jusqu&rsquo;\u00e0 nos jours dans leur \u00e9tat antique. Il est entr\u00e9 en \u00e9ruption de nombreuses autres fois au cours des derniers mill\u00e9naires et est l&rsquo;un des volcans les plus dangereux du monde en raison de sa tendance explosive et surtout de la population importante qui vit \u00e0 ses abords.<\/p>\n<p>Il a inspir\u00e9 de nombreuses l\u00e9gendes et repr\u00e9sentations au cours des si\u00e8cles. La montagne est class\u00e9e parc nationaldepuis 1995.<\/p>\n<p><a role=\"button\" class=\"button\" href=\"?p=642\">Retour<\/a><\/p>\n","protected":false},"excerpt":{"rendered":"<p>Vesuve Le V\u00e9suve ou mont V\u00e9suve (monte Vesuvio en italien, Vesuvius mons en latin) est un volcan italien d&rsquo;une altitude de1 281 m\u00e8tres, bordant la baie de Naples, \u00e0 l&rsquo;est de la ville. Il s&rsquo;agit du seul volcan d&rsquo;Europe continentale \u00e0 \u00eatre entr\u00e9 en \u00e9ruption durant les cent derni\u00e8res ann\u00e9es, m\u00eame s&rsquo;il est actuellement en [&hellip;]<\/p>\n","protected":false},"author":2,"featured_media":0,"parent":0,"menu_order":0,"comment_status":"closed","ping_status":"closed","template":"","meta":[],"_links":{"self":[{"href":"https:\/\/sebtrotter.com\/index.php?rest_route=\/wp\/v2\/pages\/762"}],"collection":[{"href":"https:\/\/sebtrotter.com\/index.php?rest_route=\/wp\/v2\/pages"}],"about":[{"href":"https:\/\/sebtrotter.com\/index.php?rest_route=\/wp\/v2\/types\/page"}],"author":[{"embeddable":true,"href":"https:\/\/sebtrotter.com\/index.php?rest_route=\/wp\/v2\/users\/2"}],"replies":[{"embeddable":true,"href":"https:\/\/sebtrotter.com\/index.php?rest_route=%2Fwp%2Fv2%2Fcomments&post=762"}],"version-history":[{"count":0,"href":"https:\/\/sebtrotter.com\/index.php?rest_route=\/wp\/v2\/pages\/762\/revisions"}],"wp:attachment":[{"href":"https:\/\/sebtrotter.com\/index.php?rest_route=%2Fwp%2Fv2%2Fmedia&parent=762"}],"curies":[{"name":"wp","href":"https:\/\/api.w.org\/{rel}","templated":true}]}}