{"id":752,"date":"2018-10-05T19:51:45","date_gmt":"2018-10-05T19:51:45","guid":{"rendered":"http:\/\/sebtrotter.wixsite.com\/sebtrotter\/chateau-de-villandry"},"modified":"2018-10-05T19:51:45","modified_gmt":"2018-10-05T19:51:45","slug":"chateau-de-villandry","status":"publish","type":"page","link":"https:\/\/sebtrotter.com\/?page_id=752","title":{"rendered":"Chateau de Villandry"},"content":{"rendered":"<h1><a rel=\"noopener noreferrer\" target=\"_blank\" href=\"http:\/\/www.chateauvillandry.fr\">Chateau de Villandry <\/a><\/h1>\n\n<p>Le ch\u00e2teau de Villandry est un ch\u00e2teau de la Loire d&rsquo;architecture Renaissance, situ\u00e9 \u00e0 15 km \u00e0 l&rsquo;ouest de Tours, sur la route d\u00e9partementale D7.<\/p>\n<p>Restaur\u00e9 par Joachim Carvallo et sa femme Ann Coleman, le ch\u00e2teau est connu pour ses six jardins : son donjondomine un potager d\u00e9coratif (1 ha), un jardin d&rsquo;ornement plant\u00e9 de hauts buis, un jardin d&rsquo;eau de type classique, un jardin du soleil cr\u00e9\u00e9 en 2008, le labyrinthe de charmilles et un jardin de simples d&rsquo;inspiration m\u00e9di\u00e9vale. Un tennis gazon a \u00e9t\u00e9 rouvert en 2010. l&rsquo;ensemble du ch\u00e2teau, des jardins et du parcs sont inscrits au patrimoine mondial de l&rsquo;unesco. L&rsquo;int\u00e9rieur date du xviiie si\u00e8cle.<\/p>\n<p><a role=\"button\" class=\"button\" href=\"?p=1032\">Retour<\/a><\/p>\n","protected":false},"excerpt":{"rendered":"<p>Chateau de Villandry Le ch\u00e2teau de Villandry est un ch\u00e2teau de la Loire d&rsquo;architecture Renaissance, situ\u00e9 \u00e0 15 km \u00e0 l&rsquo;ouest de Tours, sur la route d\u00e9partementale D7. Restaur\u00e9 par Joachim Carvallo et sa femme Ann Coleman, le ch\u00e2teau est connu pour ses six jardins : son donjondomine un potager d\u00e9coratif (1 ha), un jardin [&hellip;]<\/p>\n","protected":false},"author":2,"featured_media":0,"parent":0,"menu_order":0,"comment_status":"closed","ping_status":"closed","template":"","meta":[],"_links":{"self":[{"href":"https:\/\/sebtrotter.com\/index.php?rest_route=\/wp\/v2\/pages\/752"}],"collection":[{"href":"https:\/\/sebtrotter.com\/index.php?rest_route=\/wp\/v2\/pages"}],"about":[{"href":"https:\/\/sebtrotter.com\/index.php?rest_route=\/wp\/v2\/types\/page"}],"author":[{"embeddable":true,"href":"https:\/\/sebtrotter.com\/index.php?rest_route=\/wp\/v2\/users\/2"}],"replies":[{"embeddable":true,"href":"https:\/\/sebtrotter.com\/index.php?rest_route=%2Fwp%2Fv2%2Fcomments&post=752"}],"version-history":[{"count":0,"href":"https:\/\/sebtrotter.com\/index.php?rest_route=\/wp\/v2\/pages\/752\/revisions"}],"wp:attachment":[{"href":"https:\/\/sebtrotter.com\/index.php?rest_route=%2Fwp%2Fv2%2Fmedia&parent=752"}],"curies":[{"name":"wp","href":"https:\/\/api.w.org\/{rel}","templated":true}]}}