{"id":742,"date":"2018-10-05T19:51:45","date_gmt":"2018-10-05T19:51:45","guid":{"rendered":"http:\/\/sebtrotter.wixsite.com\/sebtrotter\/bormes-les-mimosas"},"modified":"2018-10-05T19:51:45","modified_gmt":"2018-10-05T19:51:45","slug":"bormes-les-mimosas","status":"publish","type":"page","link":"https:\/\/sebtrotter.com\/?page_id=742","title":{"rendered":"Bormes les mimosas"},"content":{"rendered":"<h1><a href=\"http:\/\/www.bormeslesmimosas.com\" target=\"_blank\" rel=\"noopener noreferrer\">Bormes les Mimosas<\/a><\/h1>\n<p>&nbsp;<\/p>\n\n<p>La commune de Bormes-les-Mimosas est situ\u00e9e sur la c\u00f4te m\u00e9diterran\u00e9enne, \u00e0 l\u2019extr\u00eame sud du massif des Maures. Elle s\u2019\u00e9tend des cr\u00eates du massif principal jusqu\u2019\u00e0 l\u2019extr\u00e9mit\u00e9 du cap B\u00e9nat qui avance dans la mer en face des \u00eeles d\u2019Hy\u00e8res, en passant par la petite d\u00e9pression du ruisseau de Batailler, qui assure la communication entre la plaine d\u2019Hy\u00e8res et la \u00ab corniche des Maures \u00bb (le Lavandou, Cavalaire).<\/p>\n<p>Le village de Bormes est accroch\u00e9 \u00e0 flanc de colline, face au sud, sous les ruines de son ancien ch\u00e2teau.<\/p>\n<p><a class=\"button\" role=\"button\" href=\"?p=1032\">Retour<\/a><\/p>\n","protected":false},"excerpt":{"rendered":"<p>Bormes les Mimosas &nbsp; La commune de Bormes-les-Mimosas est situ\u00e9e sur la c\u00f4te m\u00e9diterran\u00e9enne, \u00e0 l\u2019extr\u00eame sud du massif des Maures. Elle s\u2019\u00e9tend des cr\u00eates du massif principal jusqu\u2019\u00e0 l\u2019extr\u00e9mit\u00e9 du cap B\u00e9nat qui avance dans la mer en face des \u00eeles d\u2019Hy\u00e8res, en passant par la petite d\u00e9pression du ruisseau de Batailler, qui assure [&hellip;]<\/p>\n","protected":false},"author":2,"featured_media":0,"parent":1032,"menu_order":0,"comment_status":"closed","ping_status":"closed","template":"","meta":[],"_links":{"self":[{"href":"https:\/\/sebtrotter.com\/index.php?rest_route=\/wp\/v2\/pages\/742"}],"collection":[{"href":"https:\/\/sebtrotter.com\/index.php?rest_route=\/wp\/v2\/pages"}],"about":[{"href":"https:\/\/sebtrotter.com\/index.php?rest_route=\/wp\/v2\/types\/page"}],"author":[{"embeddable":true,"href":"https:\/\/sebtrotter.com\/index.php?rest_route=\/wp\/v2\/users\/2"}],"replies":[{"embeddable":true,"href":"https:\/\/sebtrotter.com\/index.php?rest_route=%2Fwp%2Fv2%2Fcomments&post=742"}],"version-history":[{"count":0,"href":"https:\/\/sebtrotter.com\/index.php?rest_route=\/wp\/v2\/pages\/742\/revisions"}],"up":[{"embeddable":true,"href":"https:\/\/sebtrotter.com\/index.php?rest_route=\/wp\/v2\/pages\/1032"}],"wp:attachment":[{"href":"https:\/\/sebtrotter.com\/index.php?rest_route=%2Fwp%2Fv2%2Fmedia&parent=742"}],"curies":[{"name":"wp","href":"https:\/\/api.w.org\/{rel}","templated":true}]}}