{"id":722,"date":"2018-10-05T19:51:45","date_gmt":"2018-10-05T19:51:45","guid":{"rendered":"http:\/\/sebtrotter.wixsite.com\/sebtrotter\/palace-kempiski"},"modified":"2018-10-05T19:51:45","modified_gmt":"2018-10-05T19:51:45","slug":"palace-kempiski","status":"publish","type":"page","link":"https:\/\/sebtrotter.com\/?page_id=722","title":{"rendered":"Palace Kempiski"},"content":{"rendered":"<h1>Palace Kempiski<\/h1>\n<p>L&rsquo;h\u00f4tel le plus luxueux de la Corne de l&rsquo;Afrique, o\u00f9 l&rsquo;\u00e9l\u00e9gance europ\u00e9enne rencontre le luxe oriental, dans une destination pleine de surprises! Reposez-vous dans les lits confortables et profitez de la panoramique sur le magnifique Golfe de Tadjourah.<\/p>\n<p>Que vous voyagiez pour affaires ou pour le plaisir, c&rsquo;est le plus belle endroit pour s\u00e9journer.<\/p>\n<p>Le bar dans la piscine est extraordinaire tout comme les massages qui vous seront propos\u00e9s.<\/p>\n<p>Un espace de verdure et de tranquillit\u00e9 \u00e0 ne pas rater \ud83d\ude42<\/p>\n<p>The most luxurious hotel in the Horn of Africa, where European elegance meets oriental luxury, in a destination full of surprises! Rest in the comfortable beds and enjoy the panoramic view of the magnificent Gulf of Tadjourah. Whether traveling for business or pleasure, this is the most beautiful place to stay. The bar in the pool is amazing as are the massages that will be offered. A space of greenery and tranquility not to be missed \ud83d\ude42<\/p>\n<p>&nbsp;<\/p>\n\n<p><a class=\"button\" role=\"button\" href=\"?p=432\">Retour<\/a><\/p>\n","protected":false},"excerpt":{"rendered":"<p>Palace Kempiski L&rsquo;h\u00f4tel le plus luxueux de la Corne de l&rsquo;Afrique, o\u00f9 l&rsquo;\u00e9l\u00e9gance europ\u00e9enne rencontre le luxe oriental, dans une destination pleine de surprises! Reposez-vous dans les lits confortables et profitez de la panoramique sur le magnifique Golfe de Tadjourah. Que vous voyagiez pour affaires ou pour le plaisir, c&rsquo;est le plus belle endroit pour [&hellip;]<\/p>\n","protected":false},"author":2,"featured_media":0,"parent":0,"menu_order":0,"comment_status":"closed","ping_status":"closed","template":"","meta":[],"_links":{"self":[{"href":"https:\/\/sebtrotter.com\/index.php?rest_route=\/wp\/v2\/pages\/722"}],"collection":[{"href":"https:\/\/sebtrotter.com\/index.php?rest_route=\/wp\/v2\/pages"}],"about":[{"href":"https:\/\/sebtrotter.com\/index.php?rest_route=\/wp\/v2\/types\/page"}],"author":[{"embeddable":true,"href":"https:\/\/sebtrotter.com\/index.php?rest_route=\/wp\/v2\/users\/2"}],"replies":[{"embeddable":true,"href":"https:\/\/sebtrotter.com\/index.php?rest_route=%2Fwp%2Fv2%2Fcomments&post=722"}],"version-history":[{"count":0,"href":"https:\/\/sebtrotter.com\/index.php?rest_route=\/wp\/v2\/pages\/722\/revisions"}],"wp:attachment":[{"href":"https:\/\/sebtrotter.com\/index.php?rest_route=%2Fwp%2Fv2%2Fmedia&parent=722"}],"curies":[{"name":"wp","href":"https:\/\/api.w.org\/{rel}","templated":true}]}}