{"id":692,"date":"2018-10-05T19:51:45","date_gmt":"2018-10-05T19:51:45","guid":{"rendered":"http:\/\/sebtrotter.wixsite.com\/sebtrotter\/parmes"},"modified":"2018-10-05T19:51:45","modified_gmt":"2018-10-05T19:51:45","slug":"parmes","status":"publish","type":"page","link":"https:\/\/sebtrotter.com\/?page_id=692","title":{"rendered":"Parmes"},"content":{"rendered":"<h1>Parmes<\/h1>\n\n<p>Parme (Parma en italien, P\u00e4rma [&lsquo;p\u025b\u0281ma] en dialecte parmesan), est une ville italienne de la province de Parme, dans la r\u00e9gion d&rsquo;\u00c9milie-Romagne. Sa devise est : \u00ab Que les ennemis tremblent car la Vierge prot\u00e8ge Parme \u00bb.<\/p>\n<p>Situ\u00e9e entre la cha\u00eene des Apennins et la plaine du P\u00f4, la ville est divis\u00e9e en deux par la rivi\u00e8re Parma, affluent du P\u00f4.<\/p>\n<p>La ville de Parme doit sa notori\u00e9t\u00e9 \u00e0 un ensemble d&rsquo;\u00e9l\u00e9ments h\u00e9t\u00e9roclites :<\/p>\n<ul>\n<li>\u00e9l\u00e9ments culturels : c\u2019est la ville d&rsquo;origine du chef d\u2019orchestre Arturo Toscanini et du peintre Parmigianino ; le compositeur Giuseppe Verdi a grandi \u00e0 Busseto dans la province de Parme et occupe encore aujourd&rsquo;hui une place importante dans la vie musicale parmesane ;<\/li>\n<li>\u00e9l\u00e9ments sociologiques : le club de football Parme AC a remport\u00e9 en quelques ann\u00e9es un palmar\u00e8s important ;<\/li>\n<li>\u00e9l\u00e9ments \u00e9conomiques : les produits alimentaires tels que le parmesan (parmigiano reggiano) ou le jambon de Parme (prosciutto di Parma) ont forg\u00e9 une image de produits authentiques.<\/li>\n<\/ul>\n<p><a class=\"button\" role=\"button\" href=\"?p=642\">Retour<\/a><\/p>\n","protected":false},"excerpt":{"rendered":"<p>Parmes Parme (Parma en italien, P\u00e4rma [&lsquo;p\u025b\u0281ma] en dialecte parmesan), est une ville italienne de la province de Parme, dans la r\u00e9gion d&rsquo;\u00c9milie-Romagne. Sa devise est : \u00ab Que les ennemis tremblent car la Vierge prot\u00e8ge Parme \u00bb. Situ\u00e9e entre la cha\u00eene des Apennins et la plaine du P\u00f4, la ville est divis\u00e9e en deux [&hellip;]<\/p>\n","protected":false},"author":2,"featured_media":0,"parent":642,"menu_order":0,"comment_status":"closed","ping_status":"closed","template":"","meta":[],"_links":{"self":[{"href":"https:\/\/sebtrotter.com\/index.php?rest_route=\/wp\/v2\/pages\/692"}],"collection":[{"href":"https:\/\/sebtrotter.com\/index.php?rest_route=\/wp\/v2\/pages"}],"about":[{"href":"https:\/\/sebtrotter.com\/index.php?rest_route=\/wp\/v2\/types\/page"}],"author":[{"embeddable":true,"href":"https:\/\/sebtrotter.com\/index.php?rest_route=\/wp\/v2\/users\/2"}],"replies":[{"embeddable":true,"href":"https:\/\/sebtrotter.com\/index.php?rest_route=%2Fwp%2Fv2%2Fcomments&post=692"}],"version-history":[{"count":0,"href":"https:\/\/sebtrotter.com\/index.php?rest_route=\/wp\/v2\/pages\/692\/revisions"}],"up":[{"embeddable":true,"href":"https:\/\/sebtrotter.com\/index.php?rest_route=\/wp\/v2\/pages\/642"}],"wp:attachment":[{"href":"https:\/\/sebtrotter.com\/index.php?rest_route=%2Fwp%2Fv2%2Fmedia&parent=692"}],"curies":[{"name":"wp","href":"https:\/\/api.w.org\/{rel}","templated":true}]}}