{"id":672,"date":"2018-10-05T19:51:45","date_gmt":"2018-10-05T19:51:45","guid":{"rendered":"http:\/\/sebtrotter.wixsite.com\/sebtrotter\/cote-sauvage-de-quiberon"},"modified":"2018-10-05T19:51:45","modified_gmt":"2018-10-05T19:51:45","slug":"cote-sauvage-de-quiberon","status":"publish","type":"page","link":"https:\/\/sebtrotter.com\/?page_id=672","title":{"rendered":"Cote sauvage de Quiberon"},"content":{"rendered":"<h1><a href=\"http:\/\/www.morbihan.com\/quiberon\/la-cote-sauvage\/tabid\/2264\/offreid\/58a1256c-6a01-4800-a6d2-9f7ebee88f37\" target=\"_blank\" rel=\"noopener noreferrer\">Cote sauvage de Quiberon<\/a><\/h1>\n\n<p>Sur la c\u00f4te ouest de la presqu&rsquo;\u00eele, la C\u00f4te Sauvage est propri\u00e9t\u00e9 du Conservatoire du littoral. On y trouve une flore particuli\u00e8re : \u0153illets, bruy\u00e8re violette, gen\u00eat,arm\u00e9rie, etc. L&rsquo;endroit se parcourt en voiture, \u00e0 pied, \u00e0 bicyclette, en kayak de mer ou \u00e0 cheval. Pour d\u00e9couvrir la C\u00f4te Sauvage en partant du Chateau Turpault, empruntez la route c\u00f4ti\u00e8re jalonn\u00e9e de nombreuses aires de stationnement. Au nord de la ville, se trouvent les zones industrielles et commerciales, regroupant des usines (La belle-\u00eeloise, les Niniches\u2026) et des magasins d&rsquo;alimentation ou de grande distribution.<\/p>\n<p><a class=\"button\" role=\"button\" href=\"?p=1032\">Retour<\/a><\/p>\n","protected":false},"excerpt":{"rendered":"<p>Cote sauvage de Quiberon Sur la c\u00f4te ouest de la presqu&rsquo;\u00eele, la C\u00f4te Sauvage est propri\u00e9t\u00e9 du Conservatoire du littoral. On y trouve une flore particuli\u00e8re : \u0153illets, bruy\u00e8re violette, gen\u00eat,arm\u00e9rie, etc. L&rsquo;endroit se parcourt en voiture, \u00e0 pied, \u00e0 bicyclette, en kayak de mer ou \u00e0 cheval. Pour d\u00e9couvrir la C\u00f4te Sauvage en partant [&hellip;]<\/p>\n","protected":false},"author":2,"featured_media":0,"parent":1032,"menu_order":0,"comment_status":"closed","ping_status":"closed","template":"","meta":[],"_links":{"self":[{"href":"https:\/\/sebtrotter.com\/index.php?rest_route=\/wp\/v2\/pages\/672"}],"collection":[{"href":"https:\/\/sebtrotter.com\/index.php?rest_route=\/wp\/v2\/pages"}],"about":[{"href":"https:\/\/sebtrotter.com\/index.php?rest_route=\/wp\/v2\/types\/page"}],"author":[{"embeddable":true,"href":"https:\/\/sebtrotter.com\/index.php?rest_route=\/wp\/v2\/users\/2"}],"replies":[{"embeddable":true,"href":"https:\/\/sebtrotter.com\/index.php?rest_route=%2Fwp%2Fv2%2Fcomments&post=672"}],"version-history":[{"count":0,"href":"https:\/\/sebtrotter.com\/index.php?rest_route=\/wp\/v2\/pages\/672\/revisions"}],"up":[{"embeddable":true,"href":"https:\/\/sebtrotter.com\/index.php?rest_route=\/wp\/v2\/pages\/1032"}],"wp:attachment":[{"href":"https:\/\/sebtrotter.com\/index.php?rest_route=%2Fwp%2Fv2%2Fmedia&parent=672"}],"curies":[{"name":"wp","href":"https:\/\/api.w.org\/{rel}","templated":true}]}}