{"id":632,"date":"2018-10-05T19:51:45","date_gmt":"2018-10-05T19:51:45","guid":{"rendered":"http:\/\/sebtrotter.wixsite.com\/sebtrotter\/mus-e-des-maisons-comtoise"},"modified":"2018-10-05T19:51:45","modified_gmt":"2018-10-05T19:51:45","slug":"musee-des-maisons-comtoise","status":"publish","type":"page","link":"https:\/\/sebtrotter.com\/?page_id=632","title":{"rendered":"Mus\u00e9e des maisons comtoise"},"content":{"rendered":"\n<p><a role=\"button\" class=\"button\" href=\"?p=1032\">Retour<\/a><\/p>\n<p>Les maisons comtoises de Nancray sont un \u00e9comus\u00e9e de 15 hectares fond\u00e9 en 1988 par l&rsquo;abb\u00e9 Jean Garneret. Vingt-neuf maisons rurales typiques de Franche-Comt\u00e9 sont ouvertes \u00e0 la visite du mois de mars au mois de novembre, \u00e0 Nancray (15 km \u00e0 l\u2019est de Besan\u00e7on).<\/p>\n","protected":false},"excerpt":{"rendered":"<p>Retour Les maisons comtoises de Nancray sont un \u00e9comus\u00e9e de 15 hectares fond\u00e9 en 1988 par l&rsquo;abb\u00e9 Jean Garneret. Vingt-neuf maisons rurales typiques de Franche-Comt\u00e9 sont ouvertes \u00e0 la visite du mois de mars au mois de novembre, \u00e0 Nancray (15 km \u00e0 l\u2019est de Besan\u00e7on).<\/p>\n","protected":false},"author":2,"featured_media":0,"parent":0,"menu_order":0,"comment_status":"closed","ping_status":"closed","template":"","meta":[],"_links":{"self":[{"href":"https:\/\/sebtrotter.com\/index.php?rest_route=\/wp\/v2\/pages\/632"}],"collection":[{"href":"https:\/\/sebtrotter.com\/index.php?rest_route=\/wp\/v2\/pages"}],"about":[{"href":"https:\/\/sebtrotter.com\/index.php?rest_route=\/wp\/v2\/types\/page"}],"author":[{"embeddable":true,"href":"https:\/\/sebtrotter.com\/index.php?rest_route=\/wp\/v2\/users\/2"}],"replies":[{"embeddable":true,"href":"https:\/\/sebtrotter.com\/index.php?rest_route=%2Fwp%2Fv2%2Fcomments&post=632"}],"version-history":[{"count":0,"href":"https:\/\/sebtrotter.com\/index.php?rest_route=\/wp\/v2\/pages\/632\/revisions"}],"wp:attachment":[{"href":"https:\/\/sebtrotter.com\/index.php?rest_route=%2Fwp%2Fv2%2Fmedia&parent=632"}],"curies":[{"name":"wp","href":"https:\/\/api.w.org\/{rel}","templated":true}]}}