{"id":622,"date":"2018-10-05T19:51:45","date_gmt":"2018-10-05T19:51:45","guid":{"rendered":"http:\/\/sebtrotter.wixsite.com\/sebtrotter\/tranch-e-des-ba-onettes"},"modified":"2018-10-05T19:51:45","modified_gmt":"2018-10-05T19:51:45","slug":"tranchee-des-baionettes","status":"publish","type":"page","link":"https:\/\/sebtrotter.com\/?page_id=622","title":{"rendered":"Tranch\u00e9e des ba\u00efonettes"},"content":{"rendered":"\n<p>L\u2019histoire est pr\u00e9sent\u00e9e comme suit :<\/p>\n<p>Le 11 juin 1916, 57 hommes du 137e r\u00e9giment d&rsquo;infanterie \u2014 en majorit\u00e9 Vend\u00e9ens \u2014 qui se pr\u00e9paraient \u00e0 un assaut sont enterr\u00e9s vivants par l&rsquo;explosion d&rsquo;un obus.<\/p>\n<p>Entre les 10 et 12 juin 1916, a eu lieu \u00e0 cet endroit un effroyable bombardement (notamment de canons lourds de280 mm et obusiers de 305 mm). Les fusils \u00e9mergeant du sol marquaient l&rsquo;endroit o\u00f9 certains soldats avaient \u00e9t\u00e9 enterr\u00e9s vivants dans leur tranch\u00e9e, et on baptisa le lieu \u00ab la tranch\u00e9e des fusils \u00bb. On la renomma par la suite \u00ab tranch\u00e9e des Ba\u00efonnettes \u00bb, un nom plus tristement \u00e9vocateur. Tr\u00e8s impressionn\u00e9 par ces images, un banquier am\u00e9ricain du nom de Georges T. Rand fit don de 500 000 FRF pour la construction du m\u00e9morial qui abrite toujours le site. En juin 1920, le secteur fut fouill\u00e9 par des \u00e9quipes de travailleurs immigr\u00e9s indochinois et italiens, un travail particuli\u00e8rement p\u00e9nible, parmi les rats et les moustiques qui infestaient l&rsquo;ancien champ de bataille. Quarante-sept corps furent mis au jour, dont quatorze purent \u00eatre identifi\u00e9s.<\/p>\n<p>Le monument fut construit par l&rsquo;architecte Andr\u00e9 Ventre en 1920.<\/p>\n<p><a role=\"button\" class=\"button\" href=\"?p=1032\">Retour<\/a><\/p>\n","protected":false},"excerpt":{"rendered":"<p>L\u2019histoire est pr\u00e9sent\u00e9e comme suit : Le 11 juin 1916, 57 hommes du 137e r\u00e9giment d&rsquo;infanterie \u2014 en majorit\u00e9 Vend\u00e9ens \u2014 qui se pr\u00e9paraient \u00e0 un assaut sont enterr\u00e9s vivants par l&rsquo;explosion d&rsquo;un obus. Entre les 10 et 12 juin 1916, a eu lieu \u00e0 cet endroit un effroyable bombardement (notamment de canons lourds de280 [&hellip;]<\/p>\n","protected":false},"author":2,"featured_media":0,"parent":0,"menu_order":0,"comment_status":"closed","ping_status":"closed","template":"","meta":[],"_links":{"self":[{"href":"https:\/\/sebtrotter.com\/index.php?rest_route=\/wp\/v2\/pages\/622"}],"collection":[{"href":"https:\/\/sebtrotter.com\/index.php?rest_route=\/wp\/v2\/pages"}],"about":[{"href":"https:\/\/sebtrotter.com\/index.php?rest_route=\/wp\/v2\/types\/page"}],"author":[{"embeddable":true,"href":"https:\/\/sebtrotter.com\/index.php?rest_route=\/wp\/v2\/users\/2"}],"replies":[{"embeddable":true,"href":"https:\/\/sebtrotter.com\/index.php?rest_route=%2Fwp%2Fv2%2Fcomments&post=622"}],"version-history":[{"count":0,"href":"https:\/\/sebtrotter.com\/index.php?rest_route=\/wp\/v2\/pages\/622\/revisions"}],"wp:attachment":[{"href":"https:\/\/sebtrotter.com\/index.php?rest_route=%2Fwp%2Fv2%2Fmedia&parent=622"}],"curies":[{"name":"wp","href":"https:\/\/api.w.org\/{rel}","templated":true}]}}