{"id":612,"date":"2018-10-05T19:51:45","date_gmt":"2018-10-05T19:51:45","guid":{"rendered":"http:\/\/sebtrotter.wixsite.com\/sebtrotter\/chateau-de-cheverny-et-moulinsart"},"modified":"2018-10-05T19:51:45","modified_gmt":"2018-10-05T19:51:45","slug":"chateau-de-cheverny-et-moulinsart","status":"publish","type":"page","link":"https:\/\/sebtrotter.com\/?page_id=612","title":{"rendered":"Chateau de Cheverny et Moulinsart"},"content":{"rendered":"<h1><a rel=\"noopener noreferrer\" target=\"_blank\" href=\"http:\/\/www.chateau-cheverny.fr\">Chateau de Cheverny et Moulinsart<\/a><\/h1>\n\n<p>C\u2019est dans l\u2019album Le Secret de La Licorne que le ch\u00e2teau appara\u00eet pour la premi\u00e8re fois.<\/p>\n<p>Tintin d\u00e9couvre d&rsquo;abord de vastes souterrains o\u00f9 il est retenu prisonnier. Au mois de mai 1942, p\u00e9riode pendant laquelle Herg\u00e9 pr\u00e9pare l&rsquo;aventure, la presse fait un large \u00e9cho des fouilles arch\u00e9ologiques dans les cryptesromanes de Nivelles et de l&rsquo;abbaye Saint-Martin de Tournai. Elles sont peut-\u00eatre une source d&rsquo;inspiration des lieux dessin\u00e9s par Herg\u00e91.<\/p>\n<p>Gravure d&rsquo;uncanope \u00e9trusquepubli\u00e9e vers 1910 dans le Larousse en deux volumes et source d&rsquo;inspiration pour Herg\u00e92.<\/p>\n<p>Ces caves servent de d\u00e9p\u00f4t d&rsquo;antiquit\u00e9s. Pour dessiner les pi\u00e8ces accumul\u00e9es, Herg\u00e9 emprunte aux gravures publi\u00e9es dans l&rsquo;encyclop\u00e9die Larousse en deux volumes3.<\/p>\n<p>Tintin d\u00e9couvre ensuite des parties sup\u00e9rieures du ch\u00e2teau dont l&rsquo;escalier d&rsquo;honneur et la pi\u00e8ce \u00e0 l&rsquo;\u00e9tage d&rsquo;o\u00f9 il t\u00e9l\u00e9phone au capitaine Haddock. La chemin\u00e9e de cette pi\u00e8ce s&rsquo;inspire de celle de la chambre du roi au ch\u00e2teau de Chevernyn 1, dont Herg\u00e9 utilisa une brochure touristiquen 2. C&rsquo;est dans cette pi\u00e8ce que Tintin d\u00e9couvre, et l&rsquo;identit\u00e9 de ses ge\u00f4liers, les fr\u00e8res Loiseau, antiquaires, et le nom du lieu, Moulinsart.<\/p>\n<p>Ce n&rsquo;est que vers la fin de l&rsquo;aventure suivante, Le Tr\u00e9sor de Rackham le Rouge, que l&rsquo;aspect g\u00e9n\u00e9ral de l&rsquo;ext\u00e9rieur est d\u00e9voil\u00e9. Moulinsart est une r\u00e9plique du ch\u00e2teau de Cheverny auquel on aurait retir\u00e9 les deux imposants pavillons lat\u00e9raux4,n 3.<\/p>\n<p>Le canal du Loing par Alfred Sisley.<\/p>\n<p>Dans Coke en stock (page 10), le capitaine Haddock a fait l&rsquo;acquisition d&rsquo;une \u0153uvre d&rsquo;Alfred Sisley : Le canal du Loing. \u00c0 cette \u00e9poque, en 1956, Herg\u00e9 a une passion naissante pour la peinture et songe m\u00eame \u00e0 abandonner la bande dessin\u00e9e. Il dispose de cette toile, qu&rsquo;il ne pouvait ni peindre ni s&rsquo;offrir, par l&rsquo;interm\u00e9diaire du capitaine Haddock5.<\/p>\n<p>Dans Les Bijoux de la Castafiore (page 11), Nestor fait remarquer \u00e0 la Castafiore que le mobilier qu&rsquo;elle suppose \u00eatre du style Henry XV est en fait du Louis XIII. C&rsquo;est un portrait du cardinal Mazarin qui semble \u00eatre accroch\u00e9 dans la chambre mise \u00e0 disposition de la diva.<\/p>\n<p><a role=\"button\" class=\"button\" rel=\"noopener noreferrer\" target=\"_blank\" href=\"http:\/\/www.chateau-cheverny.fr\/les-secrets-de-moulinsart.html\">Les secrets du Chateau<\/a><br \/>\n<a role=\"button\" class=\"button\" href=\"?p=1032\">Retour<\/a><\/p>\n","protected":false},"excerpt":{"rendered":"<p>Chateau de Cheverny et Moulinsart C\u2019est dans l\u2019album Le Secret de La Licorne que le ch\u00e2teau appara\u00eet pour la premi\u00e8re fois. Tintin d\u00e9couvre d&rsquo;abord de vastes souterrains o\u00f9 il est retenu prisonnier. Au mois de mai 1942, p\u00e9riode pendant laquelle Herg\u00e9 pr\u00e9pare l&rsquo;aventure, la presse fait un large \u00e9cho des fouilles arch\u00e9ologiques dans les cryptesromanes [&hellip;]<\/p>\n","protected":false},"author":2,"featured_media":0,"parent":0,"menu_order":0,"comment_status":"closed","ping_status":"closed","template":"","meta":[],"_links":{"self":[{"href":"https:\/\/sebtrotter.com\/index.php?rest_route=\/wp\/v2\/pages\/612"}],"collection":[{"href":"https:\/\/sebtrotter.com\/index.php?rest_route=\/wp\/v2\/pages"}],"about":[{"href":"https:\/\/sebtrotter.com\/index.php?rest_route=\/wp\/v2\/types\/page"}],"author":[{"embeddable":true,"href":"https:\/\/sebtrotter.com\/index.php?rest_route=\/wp\/v2\/users\/2"}],"replies":[{"embeddable":true,"href":"https:\/\/sebtrotter.com\/index.php?rest_route=%2Fwp%2Fv2%2Fcomments&post=612"}],"version-history":[{"count":0,"href":"https:\/\/sebtrotter.com\/index.php?rest_route=\/wp\/v2\/pages\/612\/revisions"}],"wp:attachment":[{"href":"https:\/\/sebtrotter.com\/index.php?rest_route=%2Fwp%2Fv2%2Fmedia&parent=612"}],"curies":[{"name":"wp","href":"https:\/\/api.w.org\/{rel}","templated":true}]}}