{"id":582,"date":"2018-10-05T19:51:45","date_gmt":"2018-10-05T19:51:45","guid":{"rendered":"http:\/\/sebtrotter.wixsite.com\/sebtrotter\/forteresse-de-chinon"},"modified":"2018-10-05T19:51:45","modified_gmt":"2018-10-05T19:51:45","slug":"forteresse-de-chinon","status":"publish","type":"page","link":"https:\/\/sebtrotter.com\/?page_id=582","title":{"rendered":"Forteresse de Chinon"},"content":{"rendered":"\n<p>La forteresse royale de Chinon, comme beaucoup de ch\u00e2teaux, est construite sur un \u00e9peron rocheux dominant laVienne et la ville. Cette position strat\u00e9gique lui permet de s\u2019assurer le contr\u00f4le du passage sur la Vienne, affluent de laLoire. Le bourg s\u2019est d\u00e9velopp\u00e9 en contrebas, sur la rive.<\/p>\n<p>Petit \u00e0 petit, l\u2019espace a \u00e9t\u00e9 structur\u00e9 en trois parties distinctes, que les rois ont appel\u00e9 leurs \u00ab trois ch\u00e2teaux \u00bb, et qui figurent de mani\u00e8re stylis\u00e9e sous la forme de trois tours sur les armoiries de la ville.<\/p>\n<p>Ainsi, d\u2019ouest en est, l\u2019\u00e9peron est barr\u00e9 par une s\u00e9rie de foss\u00e9s &#8211; des douves s\u00e8ches &#8211; qui s\u00e9parent les trois ch\u00e2teaux : le fort du Coudray, le ch\u00e2teau du Milieu, et le fort Saint-Georges. Chacun des trois ch\u00e2teaux poss\u00e8de une enceinte ind\u00e9pendante. C\u2019est dans le ch\u00e2teau principal, le ch\u00e2teau du Milieu, que se d\u00e9veloppent les principaux logis et le prieur\u00e9 Saint-Melaine.<\/p>\n<p><a role=\"button\" class=\"button\" href=\"?p=1032\">Retour<\/a><\/p>\n","protected":false},"excerpt":{"rendered":"<p>La forteresse royale de Chinon, comme beaucoup de ch\u00e2teaux, est construite sur un \u00e9peron rocheux dominant laVienne et la ville. Cette position strat\u00e9gique lui permet de s\u2019assurer le contr\u00f4le du passage sur la Vienne, affluent de laLoire. Le bourg s\u2019est d\u00e9velopp\u00e9 en contrebas, sur la rive. Petit \u00e0 petit, l\u2019espace a \u00e9t\u00e9 structur\u00e9 en trois [&hellip;]<\/p>\n","protected":false},"author":2,"featured_media":0,"parent":0,"menu_order":0,"comment_status":"closed","ping_status":"closed","template":"","meta":[],"_links":{"self":[{"href":"https:\/\/sebtrotter.com\/index.php?rest_route=\/wp\/v2\/pages\/582"}],"collection":[{"href":"https:\/\/sebtrotter.com\/index.php?rest_route=\/wp\/v2\/pages"}],"about":[{"href":"https:\/\/sebtrotter.com\/index.php?rest_route=\/wp\/v2\/types\/page"}],"author":[{"embeddable":true,"href":"https:\/\/sebtrotter.com\/index.php?rest_route=\/wp\/v2\/users\/2"}],"replies":[{"embeddable":true,"href":"https:\/\/sebtrotter.com\/index.php?rest_route=%2Fwp%2Fv2%2Fcomments&post=582"}],"version-history":[{"count":0,"href":"https:\/\/sebtrotter.com\/index.php?rest_route=\/wp\/v2\/pages\/582\/revisions"}],"wp:attachment":[{"href":"https:\/\/sebtrotter.com\/index.php?rest_route=%2Fwp%2Fv2%2Fmedia&parent=582"}],"curies":[{"name":"wp","href":"https:\/\/api.w.org\/{rel}","templated":true}]}}