{"id":572,"date":"2018-10-05T19:51:45","date_gmt":"2018-10-05T19:51:45","guid":{"rendered":"http:\/\/sebtrotter.wixsite.com\/sebtrotter\/cannes"},"modified":"2018-10-05T19:51:45","modified_gmt":"2018-10-05T19:51:45","slug":"cannes","status":"publish","type":"page","link":"https:\/\/sebtrotter.com\/?page_id=572","title":{"rendered":"Cannes"},"content":{"rendered":"<h1><a href=\"http:\/\/www.cannes-destination.fr\" target=\"_blank\" rel=\"noopener noreferrer\">Cannes<\/a><\/h1>\n\n<p>Cannes est une commune fran\u00e7aise des Pays de L\u00e9rins situ\u00e9e dans led\u00e9partement des Alpes-Maritimes en r\u00e9gion Provence-Alpes-C\u00f4te d&rsquo;Azur. Ses habitants sont appel\u00e9s les Cannois.<\/p>\n<p>Village de p\u00eacheurs ligure pendant l\u2019Antiquit\u00e9, li\u00e9e aux l\u00e9gendes de Saint-Honorat et de l\u2019homme au masque de fer sur les \u00eeles de L\u00e9rins au large de la baie de Cannes, station climatique et baln\u00e9aire de la C\u00f4te d&rsquo;Azur au xixe si\u00e8cle, la ville prend son essor avec la construction de r\u00e9sidences de vill\u00e9giature par les aristocrates anglais et russes puis, d\u00e8s le d\u00e9but du xxe si\u00e8cle, d&rsquo;h\u00f4tels de luxe destin\u00e9s aux touristes fortun\u00e9s, constituant son patrimoine architectural.<\/p>\n<p>Dot\u00e9e d&rsquo;une industrie de pointe, d\u2019un a\u00e9roport, de plusieurs ports et d\u2019un palais des congr\u00e8s, Cannes est aujourd&rsquo;hui mondialement connue pour ses festivals du film et de la plaisance et pour sa Croisette bord\u00e9e de palaces.<\/p>\n<p><a class=\"button\" role=\"button\" href=\"?p=1032\">Retour<\/a><\/p>\n","protected":false},"excerpt":{"rendered":"<p>Cannes Cannes est une commune fran\u00e7aise des Pays de L\u00e9rins situ\u00e9e dans led\u00e9partement des Alpes-Maritimes en r\u00e9gion Provence-Alpes-C\u00f4te d&rsquo;Azur. Ses habitants sont appel\u00e9s les Cannois. Village de p\u00eacheurs ligure pendant l\u2019Antiquit\u00e9, li\u00e9e aux l\u00e9gendes de Saint-Honorat et de l\u2019homme au masque de fer sur les \u00eeles de L\u00e9rins au large de la baie de Cannes, [&hellip;]<\/p>\n","protected":false},"author":2,"featured_media":0,"parent":1032,"menu_order":0,"comment_status":"closed","ping_status":"closed","template":"","meta":[],"_links":{"self":[{"href":"https:\/\/sebtrotter.com\/index.php?rest_route=\/wp\/v2\/pages\/572"}],"collection":[{"href":"https:\/\/sebtrotter.com\/index.php?rest_route=\/wp\/v2\/pages"}],"about":[{"href":"https:\/\/sebtrotter.com\/index.php?rest_route=\/wp\/v2\/types\/page"}],"author":[{"embeddable":true,"href":"https:\/\/sebtrotter.com\/index.php?rest_route=\/wp\/v2\/users\/2"}],"replies":[{"embeddable":true,"href":"https:\/\/sebtrotter.com\/index.php?rest_route=%2Fwp%2Fv2%2Fcomments&post=572"}],"version-history":[{"count":0,"href":"https:\/\/sebtrotter.com\/index.php?rest_route=\/wp\/v2\/pages\/572\/revisions"}],"up":[{"embeddable":true,"href":"https:\/\/sebtrotter.com\/index.php?rest_route=\/wp\/v2\/pages\/1032"}],"wp:attachment":[{"href":"https:\/\/sebtrotter.com\/index.php?rest_route=%2Fwp%2Fv2%2Fmedia&parent=572"}],"curies":[{"name":"wp","href":"https:\/\/api.w.org\/{rel}","templated":true}]}}