{"id":552,"date":"2018-10-05T19:51:45","date_gmt":"2018-10-05T19:51:45","guid":{"rendered":"http:\/\/sebtrotter.wixsite.com\/sebtrotter\/gorge-de-l-ard-che"},"modified":"2018-10-05T19:51:45","modified_gmt":"2018-10-05T19:51:45","slug":"gorge-de-lardeche","status":"publish","type":"page","link":"https:\/\/sebtrotter.com\/?page_id=552","title":{"rendered":"Gorge de l&rsquo;Ard\u00e8che"},"content":{"rendered":"\n<p>Les gorges de l&rsquo;Ard\u00e8che sont un site touristique ard\u00e9chois. Les gorges, qui forment un v\u00e9ritable canyon d&rsquo;une trentaine de kilom\u00e8tres creus\u00e9 dans le plateau calcaire entre le pont d&rsquo;Arc (Vallon-Pont-d&rsquo;Arc) et Saint-Martin-d&rsquo;Ard\u00e8che, peuvent \u00eatre suivies en voiture du c\u00f4t\u00e9 nord par une route panoramique \u00e0 travers la garrigue. Sur leur cours inf\u00e9rieur, elles forment la fronti\u00e8re entre les d\u00e9partements de l&rsquo;Ard\u00e8che et du Gard.<\/p>\n<p>De nombreux belv\u00e9d\u00e8res dont les noms sont li\u00e9s aux diff\u00e9rents sites ont \u00e9t\u00e9 am\u00e9nag\u00e9s sur l&rsquo;itin\u00e9raire, depuis le Serre de Tiourre embrassant la vue sur les C\u00e9vennes vers Al\u00e8s \u00e0 l&rsquo;entr\u00e9e des gorges jusqu&rsquo;au Ranc Pointu avant le panorama sur Aigu\u00e8ze, Saint-Martin-d&rsquo;Ard\u00e8che et, au loin, la plaine du Rh\u00f4ne et le mont Ventoux.<\/p>\n<p><a role=\"button\" class=\"button\" href=\"?p=1032\">Retour<\/a><\/p>\n","protected":false},"excerpt":{"rendered":"<p>Les gorges de l&rsquo;Ard\u00e8che sont un site touristique ard\u00e9chois. Les gorges, qui forment un v\u00e9ritable canyon d&rsquo;une trentaine de kilom\u00e8tres creus\u00e9 dans le plateau calcaire entre le pont d&rsquo;Arc (Vallon-Pont-d&rsquo;Arc) et Saint-Martin-d&rsquo;Ard\u00e8che, peuvent \u00eatre suivies en voiture du c\u00f4t\u00e9 nord par une route panoramique \u00e0 travers la garrigue. Sur leur cours inf\u00e9rieur, elles forment la [&hellip;]<\/p>\n","protected":false},"author":2,"featured_media":0,"parent":0,"menu_order":0,"comment_status":"closed","ping_status":"closed","template":"","meta":[],"_links":{"self":[{"href":"https:\/\/sebtrotter.com\/index.php?rest_route=\/wp\/v2\/pages\/552"}],"collection":[{"href":"https:\/\/sebtrotter.com\/index.php?rest_route=\/wp\/v2\/pages"}],"about":[{"href":"https:\/\/sebtrotter.com\/index.php?rest_route=\/wp\/v2\/types\/page"}],"author":[{"embeddable":true,"href":"https:\/\/sebtrotter.com\/index.php?rest_route=\/wp\/v2\/users\/2"}],"replies":[{"embeddable":true,"href":"https:\/\/sebtrotter.com\/index.php?rest_route=%2Fwp%2Fv2%2Fcomments&post=552"}],"version-history":[{"count":0,"href":"https:\/\/sebtrotter.com\/index.php?rest_route=\/wp\/v2\/pages\/552\/revisions"}],"wp:attachment":[{"href":"https:\/\/sebtrotter.com\/index.php?rest_route=%2Fwp%2Fv2%2Fmedia&parent=552"}],"curies":[{"name":"wp","href":"https:\/\/api.w.org\/{rel}","templated":true}]}}