{"id":522,"date":"2018-10-05T19:51:45","date_gmt":"2018-10-05T19:51:45","guid":{"rendered":"http:\/\/sebtrotter.wixsite.com\/sebtrotter\/parc-de-la-t-te-d-or"},"modified":"2018-10-05T19:51:45","modified_gmt":"2018-10-05T19:51:45","slug":"parc-de-la-tete-dor","status":"publish","type":"page","link":"https:\/\/sebtrotter.com\/?page_id=522","title":{"rendered":"Parc de la t\u00eate d&rsquo;or"},"content":{"rendered":"\n<p>Le parc de la T\u00eate d&rsquo;Or est un parc urbain de Lyon, l&rsquo;un des plus grands de France. \u0152uvre des fr\u00e8res Denis et Eug\u00e8ne B\u00fchler, le parc est ouvert d\u00e8s 18572 alors que les travaux ne sont pas achev\u00e9s. Il est exactement contemporain duCentral Park de New York, cr\u00e9\u00e9 la m\u00eame ann\u00e9e. Le parc est enrichi de nombreux b\u00e2timents comme les grandes serres en 1865, le v\u00e9lodrome, le chalet des gardes et le chalet en 1894, la cl\u00f4ture en 1896, les serres de collection en 1899, le monument aux morts de l&rsquo;\u00eele aux Cygnes entre 1914 et 1930 ou encore la nouvelle roseraie entre 1961 et 19643. Aujourd&rsquo;hui g\u00e9r\u00e9 par la ville de Lyon et v\u00e9ritable poumon de l&rsquo;agglom\u00e9ration, le parc offre sur 117 hectares une vaste \u00e9tendue naturelle au c\u0153ur de la cit\u00e9. On y acc\u00e8de par huit entr\u00e9es, la derni\u00e8re ayant \u00e9t\u00e9 ouverte en 2009, au niveau de l&rsquo;esplanade de la Cit\u00e9 Internationale. Des \u00e9v\u00e9nements divers, films, th\u00e9\u00e2tre, expositions ou autre en font un haut lieu de la culture lyonnaise.<\/p>\n<p><a class=\"button\" role=\"button\" href=\"?p=1032\">Retour<\/a><\/p>\n","protected":false},"excerpt":{"rendered":"<p>Le parc de la T\u00eate d&rsquo;Or est un parc urbain de Lyon, l&rsquo;un des plus grands de France. \u0152uvre des fr\u00e8res Denis et Eug\u00e8ne B\u00fchler, le parc est ouvert d\u00e8s 18572 alors que les travaux ne sont pas achev\u00e9s. Il est exactement contemporain duCentral Park de New York, cr\u00e9\u00e9 la m\u00eame ann\u00e9e. Le parc est [&hellip;]<\/p>\n","protected":false},"author":2,"featured_media":0,"parent":1032,"menu_order":0,"comment_status":"closed","ping_status":"closed","template":"","meta":[],"_links":{"self":[{"href":"https:\/\/sebtrotter.com\/index.php?rest_route=\/wp\/v2\/pages\/522"}],"collection":[{"href":"https:\/\/sebtrotter.com\/index.php?rest_route=\/wp\/v2\/pages"}],"about":[{"href":"https:\/\/sebtrotter.com\/index.php?rest_route=\/wp\/v2\/types\/page"}],"author":[{"embeddable":true,"href":"https:\/\/sebtrotter.com\/index.php?rest_route=\/wp\/v2\/users\/2"}],"replies":[{"embeddable":true,"href":"https:\/\/sebtrotter.com\/index.php?rest_route=%2Fwp%2Fv2%2Fcomments&post=522"}],"version-history":[{"count":0,"href":"https:\/\/sebtrotter.com\/index.php?rest_route=\/wp\/v2\/pages\/522\/revisions"}],"up":[{"embeddable":true,"href":"https:\/\/sebtrotter.com\/index.php?rest_route=\/wp\/v2\/pages\/1032"}],"wp:attachment":[{"href":"https:\/\/sebtrotter.com\/index.php?rest_route=%2Fwp%2Fv2%2Fmedia&parent=522"}],"curies":[{"name":"wp","href":"https:\/\/api.w.org\/{rel}","templated":true}]}}