{"id":512,"date":"2018-10-05T19:51:45","date_gmt":"2018-10-05T19:51:45","guid":{"rendered":"http:\/\/sebtrotter.wixsite.com\/sebtrotter\/herculanum"},"modified":"2018-10-05T19:51:45","modified_gmt":"2018-10-05T19:51:45","slug":"herculanum","status":"publish","type":"page","link":"https:\/\/sebtrotter.com\/?page_id=512","title":{"rendered":"Herculanum"},"content":{"rendered":"<h1><a href=\"http:\/\/www.guidesvoyages.be\/herculanum\/\" target=\"_blank\" rel=\"noopener noreferrer\">Herculanum<\/a><\/h1>\n\n<p>Herculanum (en latin Herculaneum, en italien Resina puis Ercolano depuis 1969) \u00e9tait une ville romaine antique situ\u00e9e dans la r\u00e9gion italienne de Campanie, d\u00e9truite par l&rsquo;\u00e9ruption du V\u00e9suve en l&rsquo;an 79 ap. J.-C., conserv\u00e9e pendant des si\u00e8cles dans une gangue volcanique et remise au jour \u00e0 partir du xviiie si\u00e8cle par les Bourbons qui r\u00e9gnaient sur Naples.<\/p>\n<p>La cit\u00e9 \u00e9tait petite avec une superficie de 12 hectares, dont environ 4,5 ha ont \u00e9t\u00e9 d\u00e9gag\u00e9s, et une population estim\u00e9e \u00e0 quatre mille habitantsNote 1. La cit\u00e9 n&rsquo;est qu&rsquo;en partie connue, la plupart des \u00e9difices publics ou cultuels \u00e9tant inconnus \u00e0 ce jour1.<\/p>\n<p>\u00c0 partir de 1738, les premiers fouilleurs creus\u00e8rent des tunnels dans la gangue qui emprisonne la cit\u00e9, \u00e0 la recherche d&rsquo;\u0153uvres d&rsquo;art et de marbre. Le roi des Deux-Siciles organisa les fouilles de ce premier chantier arch\u00e9ologique du monde occidental, dont les produits contribu\u00e8rent \u00e0 la diffusion du n\u00e9oclassicisme dans la seconde moiti\u00e9 du si\u00e8cle. La d\u00e9cision de faire les fouilles \u00e0 ciel ouvert fut prise en 1828, celles-ci ne prenant une ampleur particuli\u00e8re qu&rsquo;au xxe si\u00e8cle. La fin de ce si\u00e8cle vit des d\u00e9couvertes importantes avec la d\u00e9couverte d&rsquo;un grand nombre de squelettes dans les abris \u00e0 bateaux bordant la plage, permettant de mieux appr\u00e9hender le destin de la population, et la reprise des fouilles de la grande villa des Papyrus.<\/p>\n<p>Ses remarquables vestiges apportent cependant une consid\u00e9rable connaissance de terrain sur la civilisation romaine auier si\u00e8cle de par les circonstances de la destruction de la ville : les fouilles ont livr\u00e9 un mat\u00e9riel arch\u00e9ologique exceptionnel, en particulier en bois2, et \u00e9galement des \u0153uvres litt\u00e9raires inconnues par ailleurs dans les papyrus de la biblioth\u00e8que d&rsquo;une vaste villa suburbaine.<\/p>\n<p>La notori\u00e9t\u00e9 d&rsquo;Herculanum est \u00e9clips\u00e9e par celle de Pomp\u00e9i, mais le site offre pourtant sur un p\u00e9rim\u00e8tre concentr\u00e9 des vestiges tr\u00e8s \u00e9vocateurs, gr\u00e2ce \u00e0 leur \u00e9l\u00e9vation et la restauration de nombreuses couvertures. Elle est moins c\u00e9l\u00e8bre, moins vaste, et du coup moins visit\u00e9e que sa voisine. Pourtant, de toutes les cit\u00e9s ensevelies par l&rsquo;\u00e9ruption du V\u00e9suve, c&rsquo;est la mieux pr\u00e9serv\u00e9e.<\/p>\n<p>Herculanum offre un t\u00e9moignage inestimable sur l&rsquo;architecture, les objets du quotidien et sa population avec le groupe de cadavres retrouv\u00e9s sur la plage antique. Pourtant, \u00e0 Herculanum, le cataclysme de l&rsquo;an 79 ne fut pas si meurtrier. Une inscription du IVe si\u00e8cle mentionne l&rsquo;existence \u00e0 Naples d&rsquo;un quartier des Herculan\u00e9ens, indice qui confirmerait selon l&rsquo;historien Nicolas Monteix que la plupart des habitants ont pu s&rsquo;enfuir, au contraire de Pomp\u00e9i.<\/p>\n<p>Comme Pomp\u00e9i, ce site \u00e0 ciel ouvert subit les assauts de la pluie, du soleil, du vent. Il souffre en outre des remont\u00e9es d&rsquo;humidit\u00e9 : le sol de la cit\u00e9 se trouve aujourd&rsquo;hui tout pr\u00e8s de la nappe phr\u00e9atique, \u00e0 25 m\u00e8tres de profondeur.<\/p>\n<p>Moins d&rsquo;un quart de la cit\u00e9 antique a \u00e9t\u00e9 tir\u00e9 de terre. Les fouilles se sont arr\u00eat\u00e9es l\u00e0 o\u00f9 commence la commune actuelle d&rsquo;Ercolano. La majorit\u00e9 des monuments publics et religieux sont toujours recouverts par la ville moderne. Manquent, par exemple, le \u00ab macellum \u00bb (march\u00e9) et les temples3.<\/p>\n<p>\u00c0 l&rsquo;occasion du tricentenaire de la d\u00e9couverte du site, une importante exposition s&rsquo;est tenue au mus\u00e9e arch\u00e9ologique de Naples d&rsquo;octobre 2008 \u00e0 avril 2009, qui a fait sortir des r\u00e9serves de magnifiques statues trouv\u00e9es dans la villa des Papyrus<\/p>\n<p><a class=\"button\" role=\"button\" href=\"?p=642\">Retour<\/a><\/p>\n","protected":false},"excerpt":{"rendered":"<p>Herculanum Herculanum (en latin Herculaneum, en italien Resina puis Ercolano depuis 1969) \u00e9tait une ville romaine antique situ\u00e9e dans la r\u00e9gion italienne de Campanie, d\u00e9truite par l&rsquo;\u00e9ruption du V\u00e9suve en l&rsquo;an 79 ap. J.-C., conserv\u00e9e pendant des si\u00e8cles dans une gangue volcanique et remise au jour \u00e0 partir du xviiie si\u00e8cle par les Bourbons qui [&hellip;]<\/p>\n","protected":false},"author":2,"featured_media":0,"parent":642,"menu_order":0,"comment_status":"closed","ping_status":"closed","template":"","meta":[],"_links":{"self":[{"href":"https:\/\/sebtrotter.com\/index.php?rest_route=\/wp\/v2\/pages\/512"}],"collection":[{"href":"https:\/\/sebtrotter.com\/index.php?rest_route=\/wp\/v2\/pages"}],"about":[{"href":"https:\/\/sebtrotter.com\/index.php?rest_route=\/wp\/v2\/types\/page"}],"author":[{"embeddable":true,"href":"https:\/\/sebtrotter.com\/index.php?rest_route=\/wp\/v2\/users\/2"}],"replies":[{"embeddable":true,"href":"https:\/\/sebtrotter.com\/index.php?rest_route=%2Fwp%2Fv2%2Fcomments&post=512"}],"version-history":[{"count":0,"href":"https:\/\/sebtrotter.com\/index.php?rest_route=\/wp\/v2\/pages\/512\/revisions"}],"up":[{"embeddable":true,"href":"https:\/\/sebtrotter.com\/index.php?rest_route=\/wp\/v2\/pages\/642"}],"wp:attachment":[{"href":"https:\/\/sebtrotter.com\/index.php?rest_route=%2Fwp%2Fv2%2Fmedia&parent=512"}],"curies":[{"name":"wp","href":"https:\/\/api.w.org\/{rel}","templated":true}]}}