{"id":502,"date":"2018-10-05T19:51:45","date_gmt":"2018-10-05T19:51:45","guid":{"rendered":"http:\/\/sebtrotter.wixsite.com\/sebtrotter\/col-du-grand-st-bernard"},"modified":"2018-10-05T19:51:45","modified_gmt":"2018-10-05T19:51:45","slug":"col-du-grand-st-bernard","status":"publish","type":"page","link":"https:\/\/sebtrotter.com\/?page_id=502","title":{"rendered":"Col du grand st Bernard"},"content":{"rendered":"<h1>Col du Grand St Bernard<\/h1>\n\n<p>Le col du Grand-Saint-Bernard, anciennement appel\u00e9 col du Mont-Joux, est un col de montagne routier des Alpes Pennines, situ\u00e9 \u00e0 2 469 m\u00e8tres d&rsquo;altitude en Valais sur la commune de Bourg-Saint-Pierre en Suisse. La fronti\u00e8re avec l&rsquo;Italie (commune de Saint-Rh\u00e9my-en-Bosses) passe quelques centaines de m\u00e8tres au sud-ouest du col. Il s\u00e9pare lavall\u00e9e du m\u00eame nom, dans le val d&rsquo;Aoste au sud, du val d&rsquo;Entremont, situ\u00e9 en Valais au nord et constitue un passage entre le mont Mort et la pointe de Dr\u00f4ne, tous deux situ\u00e9s sur la fronti\u00e8re italio-suisse. C&rsquo;est le troisi\u00e8me plus haut col routier des Alpes suisses et le sixi\u00e8me plus haut d&rsquo;Italie[r\u00e9f. souhait\u00e9e].<\/p>\n<p><a role=\"button\" class=\"button\" href=\"?p=642\">Retour<\/a><\/p>\n","protected":false},"excerpt":{"rendered":"<p>Col du Grand St Bernard Le col du Grand-Saint-Bernard, anciennement appel\u00e9 col du Mont-Joux, est un col de montagne routier des Alpes Pennines, situ\u00e9 \u00e0 2 469 m\u00e8tres d&rsquo;altitude en Valais sur la commune de Bourg-Saint-Pierre en Suisse. La fronti\u00e8re avec l&rsquo;Italie (commune de Saint-Rh\u00e9my-en-Bosses) passe quelques centaines de m\u00e8tres au sud-ouest du col. Il [&hellip;]<\/p>\n","protected":false},"author":2,"featured_media":0,"parent":0,"menu_order":0,"comment_status":"closed","ping_status":"closed","template":"","meta":[],"_links":{"self":[{"href":"https:\/\/sebtrotter.com\/index.php?rest_route=\/wp\/v2\/pages\/502"}],"collection":[{"href":"https:\/\/sebtrotter.com\/index.php?rest_route=\/wp\/v2\/pages"}],"about":[{"href":"https:\/\/sebtrotter.com\/index.php?rest_route=\/wp\/v2\/types\/page"}],"author":[{"embeddable":true,"href":"https:\/\/sebtrotter.com\/index.php?rest_route=\/wp\/v2\/users\/2"}],"replies":[{"embeddable":true,"href":"https:\/\/sebtrotter.com\/index.php?rest_route=%2Fwp%2Fv2%2Fcomments&post=502"}],"version-history":[{"count":0,"href":"https:\/\/sebtrotter.com\/index.php?rest_route=\/wp\/v2\/pages\/502\/revisions"}],"wp:attachment":[{"href":"https:\/\/sebtrotter.com\/index.php?rest_route=%2Fwp%2Fv2%2Fmedia&parent=502"}],"curies":[{"name":"wp","href":"https:\/\/api.w.org\/{rel}","templated":true}]}}