{"id":492,"date":"2018-10-05T19:51:45","date_gmt":"2018-10-05T19:51:45","guid":{"rendered":"http:\/\/sebtrotter.wixsite.com\/sebtrotter\/blank-1"},"modified":"2018-10-05T19:51:45","modified_gmt":"2018-10-05T19:51:45","slug":"palais-ideal-du-facteur-cheval","status":"publish","type":"page","link":"https:\/\/sebtrotter.com\/?page_id=492","title":{"rendered":"Palais id\u00e9al du Facteur Cheval"},"content":{"rendered":"<h1><span style=\"text-decoration:underline;\">Palais id\u00e9al du facteur Cheval<\/span><\/h1>\n\n<p><a href=\"http:\/\/www.facteurcheval.com\" target=\"_blank\" rel=\"noopener noreferrer\">Palais id\u00e9al du facteur cheval:<\/a><\/p>\n<p>Le Palais id\u00e9al, ou Palais du Facteur Cheval, est un monument construit par le facteur Ferdinand Cheval de 1879 \u00e0 1912, situ\u00e9 \u00e0 Hauterives en France.<\/p>\n<p>Il est depuis le 23 septembre 1969 class\u00e9 au titre des monuments historiques1. Andr\u00e9 Malraux a appuy\u00e9 la proc\u00e9dure de classement avant son d\u00e9part du gouvernement, contre l&rsquo;avis d\u00e9favorable de la plupart des fonctionnaires du Minist\u00e8re de la Culture qui \u00e9crivent dans un rapport dat\u00e9 de 1964 : \u00ab Le tout est absolument hideux. Affligeant ramassis d&rsquo;insanit\u00e9s qui se brouillaient dans une cervelle de rustre \u00bb. Malraux d\u00e9clare pour sa part qu&rsquo;il consid\u00e8re le Palais id\u00e9al comme \u00ab le seul repr\u00e9sentant en architecture de l&rsquo;art na\u00eff (\u2026) Il serait enfantin de ne pas classer quand c&rsquo;est nous, Fran\u00e7ais, qui avons la chance de poss\u00e9der la seule architecture na\u00efve du monde et attendre qu&rsquo;elle se d\u00e9truise\u2026 \u00bb.<\/p>\n<p>Alors que le Palais est mis en g\u00e9rance par les deux petites filles du facteur Cheval \u00e0 sa mort,la premi\u00e8re d\u00e9cide en 1984 de l\u00e9guer sa part du Palais \u00e0 la commune de Hauterives. 10 ans plus tard, sa seconde petite fille vend sa part \u00e0 la commune qui est ainsi propri\u00e9taire du palais depuis 1994.<\/p>\n<p><a class=\"button\" role=\"button\" href=\"?p=1032\">Reour<\/a><\/p>\n","protected":false},"excerpt":{"rendered":"<p>Palais id\u00e9al du facteur Cheval Palais id\u00e9al du facteur cheval: Le Palais id\u00e9al, ou Palais du Facteur Cheval, est un monument construit par le facteur Ferdinand Cheval de 1879 \u00e0 1912, situ\u00e9 \u00e0 Hauterives en France. Il est depuis le 23 septembre 1969 class\u00e9 au titre des monuments historiques1. Andr\u00e9 Malraux a appuy\u00e9 la proc\u00e9dure [&hellip;]<\/p>\n","protected":false},"author":2,"featured_media":0,"parent":1032,"menu_order":0,"comment_status":"closed","ping_status":"closed","template":"","meta":[],"_links":{"self":[{"href":"https:\/\/sebtrotter.com\/index.php?rest_route=\/wp\/v2\/pages\/492"}],"collection":[{"href":"https:\/\/sebtrotter.com\/index.php?rest_route=\/wp\/v2\/pages"}],"about":[{"href":"https:\/\/sebtrotter.com\/index.php?rest_route=\/wp\/v2\/types\/page"}],"author":[{"embeddable":true,"href":"https:\/\/sebtrotter.com\/index.php?rest_route=\/wp\/v2\/users\/2"}],"replies":[{"embeddable":true,"href":"https:\/\/sebtrotter.com\/index.php?rest_route=%2Fwp%2Fv2%2Fcomments&post=492"}],"version-history":[{"count":0,"href":"https:\/\/sebtrotter.com\/index.php?rest_route=\/wp\/v2\/pages\/492\/revisions"}],"up":[{"embeddable":true,"href":"https:\/\/sebtrotter.com\/index.php?rest_route=\/wp\/v2\/pages\/1032"}],"wp:attachment":[{"href":"https:\/\/sebtrotter.com\/index.php?rest_route=%2Fwp%2Fv2%2Fmedia&parent=492"}],"curies":[{"name":"wp","href":"https:\/\/api.w.org\/{rel}","templated":true}]}}