{"id":482,"date":"2018-10-05T19:51:45","date_gmt":"2018-10-05T19:51:45","guid":{"rendered":"http:\/\/sebtrotter.wixsite.com\/sebtrotter\/saint-malo"},"modified":"2018-10-05T19:51:45","modified_gmt":"2018-10-05T19:51:45","slug":"saint-malo","status":"publish","type":"page","link":"https:\/\/sebtrotter.com\/?page_id=482","title":{"rendered":"Saint Malo"},"content":{"rendered":"\n<p>La commune de Saint-Malo est situ\u00e9e dans le nord-est de la Bretagne, sur le littoral de la Manche et sur la rive droite de l&rsquo;estuaire de la Rance. Elle se trouve \u00e0 18 km au nord de Dinan, \u00e0 75 km au nord de Rennes et \u00e0 404 km de Paris.<\/p>\n<p>Saint-Malo constitue la partie nord-ouest du Clos-Poulet, une large presqu&rsquo;\u00eele d\u00e9limit\u00e9e par la Rance, la Manche et la d\u00e9pression de Ch\u00e2teauneuf. \u00c0 l&rsquo;extr\u00e9mit\u00e9 nord-est du Clos-Poulet, se trouve Cancale, qui ferme \u00e0 l&rsquo;ouest la baie du mont Saint-Michel. Le littoral du Clos-Poulet fait partie de la c\u00f4te d&rsquo;\u00c9meraude, qui s&rsquo;\u00e9tend de Cancale aucap Fr\u00e9hel.<\/p>\n<p>Les communes limitrophes de Saint-Malo sont, au nord-est, Saint-Coulomb, \u00e0 l&rsquo;est, Saint-M\u00e9loir-des-Ondes, au sud-est et au sud, Saint-Jouan-des-Gu\u00e9rets, au sud-ouest et \u00e0 ouest, sur la rive gauche de la Rance, Dinard, La Richardais et Pleurtuit.<\/p>\n<p><a class=\"button\" role=\"button\" href=\"?p=1032\">Retour<\/a><\/p>\n","protected":false},"excerpt":{"rendered":"<p>La commune de Saint-Malo est situ\u00e9e dans le nord-est de la Bretagne, sur le littoral de la Manche et sur la rive droite de l&rsquo;estuaire de la Rance. Elle se trouve \u00e0 18 km au nord de Dinan, \u00e0 75 km au nord de Rennes et \u00e0 404 km de Paris. Saint-Malo constitue la partie [&hellip;]<\/p>\n","protected":false},"author":2,"featured_media":0,"parent":1032,"menu_order":0,"comment_status":"closed","ping_status":"closed","template":"","meta":[],"_links":{"self":[{"href":"https:\/\/sebtrotter.com\/index.php?rest_route=\/wp\/v2\/pages\/482"}],"collection":[{"href":"https:\/\/sebtrotter.com\/index.php?rest_route=\/wp\/v2\/pages"}],"about":[{"href":"https:\/\/sebtrotter.com\/index.php?rest_route=\/wp\/v2\/types\/page"}],"author":[{"embeddable":true,"href":"https:\/\/sebtrotter.com\/index.php?rest_route=\/wp\/v2\/users\/2"}],"replies":[{"embeddable":true,"href":"https:\/\/sebtrotter.com\/index.php?rest_route=%2Fwp%2Fv2%2Fcomments&post=482"}],"version-history":[{"count":0,"href":"https:\/\/sebtrotter.com\/index.php?rest_route=\/wp\/v2\/pages\/482\/revisions"}],"up":[{"embeddable":true,"href":"https:\/\/sebtrotter.com\/index.php?rest_route=\/wp\/v2\/pages\/1032"}],"wp:attachment":[{"href":"https:\/\/sebtrotter.com\/index.php?rest_route=%2Fwp%2Fv2%2Fmedia&parent=482"}],"curies":[{"name":"wp","href":"https:\/\/api.w.org\/{rel}","templated":true}]}}