{"id":472,"date":"2018-10-05T19:51:45","date_gmt":"2018-10-05T19:51:45","guid":{"rendered":"http:\/\/sebtrotter.wixsite.com\/sebtrotter\/monaco"},"modified":"2018-10-05T19:51:45","modified_gmt":"2018-10-05T19:51:45","slug":"monaco","status":"publish","type":"page","link":"https:\/\/sebtrotter.com\/?page_id=472","title":{"rendered":"Monaco"},"content":{"rendered":"<h1><a rel=\"noopener noreferrer\" target=\"_blank\" href=\"http:\/\/www.monte-carlo.mc\">Monaco<\/a><\/h1>\n<p><img loading=\"lazy\" height=\"400\" width=\"600\" src=\"https:\/\/sebtrotter.wpcomstaging.com\/wp-content\/uploads\/2018\/10\/70109-2cb517_60b5a0d4fc7348caa6f3e693b0ab9d6amv2_d_5472_3648_s_4_2.jpg\"><\/p>\n<p>Monaco, cette ville construite \u00e0 flanc de colline juste au dessus de la mer. Sa richesse n&rsquo;a d&rsquo;\u00e9gale que son nombre d&rsquo;habitant au m\u00e8tre carr\u00e9. Ses tours sont impressionnantes, et il y a encore et toujours de nouvelles constructions.<\/p>\n<p>Lorsque nous nous baladons dans la ville, outre les belles voitures, nous pou<\/p>\n<p>vons \u00eatre surpris par le nombre de statue que les chemins renferme.<\/p>\n<p>En partant du Forum, nous traversons le jardin, Japonais, puis nous remontons par le Casino. Ensuite le port et en continuant nous tombons d&rsquo;abord sur la cath\u00e9drale, puis sur le mus\u00e9e oc\u00e9anographique et enfin sur le palais.<\/p>\n<p>De l\u00e0 nous redescendons dans la ville, nous voyons la petite chapelle coinc\u00e9 entre 2 hauts murs sous la gare, en remontant vers cette derni\u00e8re et en repartant vers le forum, une derni\u00e8re \u00e9glise nous attend.<\/p>\n<p>Beau chemin \u00e0 faire, mais attention aux cuisses, d\u00e9conseill\u00e9 \u00e0 ceux qui n&rsquo;aiment pas les mont\u00e9s et les marches d&rsquo;escalier&#8230;<\/p>\n<p>D\u00e9couvrons cela ensemble. Plus de photo sur le lien Flickr biens\u00fbr.<\/p>\n<p><img loading=\"lazy\" height=\"400\" width=\"600\" src=\"https:\/\/sebtrotter.wpcomstaging.com\/wp-content\/uploads\/2018\/10\/97b46-2cb517_62af53fecc7f48fe9d966e1dea0fe8d9mv2_d_5472_3648_s_4_2.jpg\"><br \/>\n<img loading=\"lazy\" height=\"400\" width=\"600\" src=\"https:\/\/sebtrotter.wpcomstaging.com\/wp-content\/uploads\/2018\/10\/f703b-2cb517_78fa7ea505d54678ae2d3c673c0a895fmv2_d_5472_3648_s_4_2.jpg\"><\/p>\n<p>Les plages de Monaco qui jouxte le forum. Elles se trouvent \u00e0 l&rsquo;est de celui ci.<\/p>\n<p>De l&rsquo;autre cot\u00e9 on tombe en allant en direction du Casino le jardin japonais lieu de d\u00e9tente par exc\u00e9lence. <\/p>\n<p><img loading=\"lazy\" height=\"400\" width=\"600\" src=\"https:\/\/sebtrotter.wpcomstaging.com\/wp-content\/uploads\/2018\/10\/f4ce7-2cb517_1166b570244f4a179b056c7869c34954mv2_d_5472_3648_s_4_2.jpg\"><\/p>\n<p>En continuant dans cette direction et en remontant un peu  vous passerez devant le Casino&#8230;<\/p>\n<p>Le casino de Monte-Carlo est un prestigieux <a rel=\"noopener noreferrer\" target=\"_blank\" href=\"https:\/\/fr.wikipedia.org\/wiki\/Casino_(lieu)\">casino<\/a> de style <a rel=\"noopener noreferrer\" target=\"_blank\" href=\"https:\/\/fr.wikipedia.org\/wiki\/Belle_%C3%89poque\">Belle \u00c9poque<\/a> situ\u00e9 \u00e0 <a rel=\"noopener noreferrer\" target=\"_blank\" href=\"https:\/\/fr.wikipedia.org\/wiki\/Monaco\">Monaco<\/a>, sur la <a rel=\"noopener noreferrer\" target=\"_blank\" href=\"https:\/\/fr.wikipedia.org\/wiki\/C%C3%B4te_d%27Azur\">C\u00f4te d&rsquo;Azur<\/a>. L&rsquo;actuel b\u00e2timent a \u00e9t\u00e9 con\u00e7u en <a rel=\"noopener noreferrer\" target=\"_blank\" href=\"https:\/\/fr.wikipedia.org\/wiki\/1879\">1879<\/a> par <a rel=\"noopener noreferrer\" target=\"_blank\" href=\"https:\/\/fr.wikipedia.org\/wiki\/Charles_Garnier_(architecte)\">Charles Garnier<\/a> (qui construisit \u00e9galement l&rsquo;<a rel=\"noopener noreferrer\" target=\"_blank\" href=\"https:\/\/fr.wikipedia.org\/wiki\/Op%C3%A9ra_de_Monte-Carlo\">Op\u00e9ra de Monte-Carlo<\/a> attenant). Il fait suite au premier casino qui fut inaugur\u00e9 sur ce site en 1863 par le <a rel=\"noopener noreferrer\" target=\"_blank\" href=\"https:\/\/fr.wikipedia.org\/wiki\/Liste_des_souverains_de_Monaco\">prince<\/a> <a rel=\"noopener noreferrer\" target=\"_blank\" href=\"https:\/\/fr.wikipedia.org\/wiki\/Charles_III_de_Monaco\">Charles III de Monaco<\/a> et par <a rel=\"noopener noreferrer\" target=\"_blank\" href=\"https:\/\/fr.wikipedia.org\/wiki\/Fran%C3%A7ois_Blanc\">Fran\u00e7ois Blanc<\/a>, fondateur de la <a rel=\"noopener noreferrer\" target=\"_blank\" href=\"https:\/\/fr.wikipedia.org\/wiki\/Soci%C3%A9t%C3%A9_des_bains_de_mer_de_Monaco\">Soci\u00e9t\u00e9 des bains de mer de Monaco<\/a> . Aujourd&rsquo;hui, la Soci\u00e9t\u00e9 des Bains de Mer, devenue Groupe Monte-Carlo SBM est toujours propri\u00e9taire et exploitant du casino de Monte-Carlo<\/p>\n<p><img loading=\"lazy\" height=\"900\" width=\"600\" src=\"https:\/\/sebtrotter.wpcomstaging.com\/wp-content\/uploads\/2018\/10\/8cc5f-2cb517_5d9f55572da544ab98a9a7f71b160848mv2_d_3648_5472_s_4_2.jpg\"><\/p>\n<p>Coinc\u00e9 entre 2 grands murs et sous la gare l&rsquo;\u00e9glise Ste D\u00e9vote est une perle au milieu de Monaco. Ste D\u00e9vote est la sainte des Mon\u00e9gasque <\/p>\n<p>Sainte D\u00e9vote serait, selon la l\u00e9gende racont\u00e9e dans un manuscrit m\u00e9di\u00e9val du xie si\u00e8cle (Paris, BNF ms latin 5248), n\u00e9e en <a rel=\"noopener noreferrer\" target=\"_blank\" href=\"https:\/\/fr.wikipedia.org\/wiki\/Corse\">Corse<\/a> o\u00f9 elle fut martyris\u00e9e<a rel=\"noopener noreferrer\" target=\"_blank\" href=\"https:\/\/fr.wikipedia.org\/wiki\/Sainte_D%C3%A9vote#cite_note-:0-1\">1<\/a>. D\u2019autres r\u00e9cits l\u00e9gendaires pr\u00e9cisent qu&rsquo;elle vit le jour en <a rel=\"noopener noreferrer\" target=\"_blank\" href=\"https:\/\/fr.wikipedia.org\/wiki\/283\">283<\/a> \u00e0 Quercio, lieu-dit situ\u00e9 sur la commune de <a rel=\"noopener noreferrer\" target=\"_blank\" href=\"https:\/\/fr.wikipedia.org\/wiki\/Lucciana\">Lucciana<\/a> en Corse et aurait \u00e9t\u00e9 martyris\u00e9e sur l\u2019\u00eele en l\u2019an <a rel=\"noopener noreferrer\" target=\"_blank\" href=\"https:\/\/fr.wikipedia.org\/wiki\/312\">312<\/a>. Suivant le r\u00e9cit de ms latin5248, la barque, qui devait transporter son corps vers l\u2019<a rel=\"noopener noreferrer\" target=\"_blank\" href=\"https:\/\/fr.wikipedia.org\/wiki\/Afrique\">Afrique<\/a>, fut prise dans la temp\u00eate. Ayant \u00e9t\u00e9 guid\u00e9e par une colombe vers la rive europ\u00e9enne, elle aurait abord\u00e9 \u00e0 la Turbie, o\u00f9 existait un port d\u2019escale \u00e0 l\u2019\u00e9poque romaine.<\/p>\n<p><img loading=\"lazy\" height=\"900\" width=\"600\" src=\"https:\/\/sebtrotter.wpcomstaging.com\/wp-content\/uploads\/2018\/10\/2e150-2cb517_1f93edb9267242a88aed69d2f92bd8a4mv2_d_3648_5472_s_4_2.jpg\"><\/p>\n<p>Le mus\u00e9 oc\u00e9anographique de Monaco.  Magnifique batiment perch\u00e9 au dessus de la mer. Un tr\u00e9s beau parc avec des sculptures le jouxte et nous m\u00e8ne \u00e0 la cath\u00e9drale.<\/p>\n<p>Le mus\u00e9e oc\u00e9anographique de Monaco est un <a rel=\"noopener noreferrer\" target=\"_blank\" href=\"https:\/\/fr.wikipedia.org\/wiki\/Mus%C3%A9e\">mus\u00e9e<\/a> de la <a rel=\"noopener noreferrer\" target=\"_blank\" href=\"https:\/\/fr.wikipedia.org\/wiki\/Mer\">mer<\/a> fond\u00e9 en <a rel=\"noopener noreferrer\" target=\"_blank\" href=\"https:\/\/fr.wikipedia.org\/wiki\/1889\">1889<\/a> par le <a rel=\"noopener noreferrer\" target=\"_blank\" href=\"https:\/\/fr.wikipedia.org\/wiki\/Liste_des_souverains_de_Monaco\">prince<\/a> <a rel=\"noopener noreferrer\" target=\"_blank\" href=\"https:\/\/fr.wikipedia.org\/wiki\/Albert_Ier_de_Monaco\">Albert Ier de Monaco<\/a> et inaugur\u00e9 en 1910, bas\u00e9 sur le Rocher de <a rel=\"noopener noreferrer\" target=\"_blank\" href=\"https:\/\/fr.wikipedia.org\/wiki\/Monaco\">Monaco<\/a> sur la <a rel=\"noopener noreferrer\" target=\"_blank\" href=\"https:\/\/fr.wikipedia.org\/wiki\/C%C3%B4te_d%27Azur\">C\u00f4te d&rsquo;Azur<\/a>. Il est l&rsquo;un des b\u00e2timents les plus imposants du Rocher avec le <a rel=\"noopener noreferrer\" target=\"_blank\" href=\"https:\/\/fr.wikipedia.org\/wiki\/Palais_de_Monaco\">palais de Monaco<\/a>, le seul \u00e0 \u00eatre \u00e0 flanc de falaise et \u00e0 descendre jusqu&rsquo;\u00e0 la mer, 85 m plus bas.<\/p>\n<p>Aujourd\u2019hui, il est constitu\u00e9 de 90 bassins et sa collection est riche de 350 esp\u00e8ces de poissons, pour plus de 6 000 sp\u00e9cimens<\/p>\n<p><img loading=\"lazy\" height=\"900\" width=\"600\" src=\"https:\/\/sebtrotter.wpcomstaging.com\/wp-content\/uploads\/2018\/10\/e39ca-2cb517_8f123672b21847d58491f7661731ce2dmv2_d_3648_5472_s_4_2.jpg\"><\/p>\n<p>En remontant ensuite par les petites rues de la vieille ville vus tomberez sur le palais.<\/p>\n<p>Le palais de Monaco est la r\u00e9sidence officielle du <a rel=\"noopener noreferrer\" target=\"_blank\" href=\"https:\/\/fr.wikipedia.org\/wiki\/Prince_de_Monaco\">prince de Monaco<\/a> depuis <a rel=\"noopener noreferrer\" target=\"_blank\" href=\"https:\/\/fr.wikipedia.org\/wiki\/1297\">1297<\/a>. Il est situ\u00e9 en haut du <a rel=\"noopener noreferrer\" target=\"_blank\" href=\"https:\/\/fr.wikipedia.org\/wiki\/Rocher_de_Monaco\">rocher de Monaco<\/a>, surplombant la <a rel=\"noopener noreferrer\" target=\"_blank\" href=\"https:\/\/fr.wikipedia.org\/wiki\/M%C3%A9diterran%C3%A9e\">M\u00e9diterran\u00e9e<\/a> de 60 m\u00e8tres, est \u00e0 la fois le c\u0153ur et l\u2019\u00e2me de la Principaut\u00e9.<\/p>\n<p>Construit en <a rel=\"noopener noreferrer\" target=\"_blank\" href=\"https:\/\/fr.wikipedia.org\/wiki\/1191\">1191<\/a>, \u00e0 l\u2019origine pour devenir une forteresse de la <a rel=\"noopener noreferrer\" target=\"_blank\" href=\"https:\/\/fr.wikipedia.org\/wiki\/R%C3%A9publique_de_G%C3%AAnes\">R\u00e9publique de G\u00eanes<\/a>, cet \u00e9difice a connu au cours de son histoire, bombardements et si\u00e8ges par de nombreuses forces \u00e9trang\u00e8res. Depuis la fin du xiiie si\u00e8cle, c&rsquo;est la demeure de la <a rel=\"noopener noreferrer\" target=\"_blank\" href=\"https:\/\/fr.wikipedia.org\/wiki\/Famille_Grimaldi\">Maison Grimaldi<\/a>, famille qui conquit le lieu en <a rel=\"noopener noreferrer\" target=\"_blank\" href=\"https:\/\/fr.wikipedia.org\/wiki\/1297\">1297<\/a>. Les Grimaldi gouvernent la principaut\u00e9 en tant que <a rel=\"noopener noreferrer\" target=\"_blank\" href=\"https:\/\/fr.wikipedia.org\/wiki\/Seigneurie\">seigneurs f\u00e9odaux<\/a> et depuis le xviie si\u00e8cle comme princes <a rel=\"noopener noreferrer\" target=\"_blank\" href=\"https:\/\/fr.wikipedia.org\/wiki\/Souverain\">souverains<\/a>.<\/p>\n<p>Alors que les souverains europ\u00e9ens construisent des palais luxueux de <a rel=\"noopener noreferrer\" target=\"_blank\" href=\"https:\/\/fr.wikipedia.org\/wiki\/Style_Renaissance\">style Renaissance<\/a> ou <a rel=\"noopener noreferrer\" target=\"_blank\" href=\"https:\/\/fr.wikipedia.org\/wiki\/Architecture_baroque\">baroque<\/a>, la situation <a rel=\"noopener noreferrer\" target=\"_blank\" href=\"https:\/\/fr.wikipedia.org\/wiki\/G%C3%A9opolitique\">g\u00e9opolitique<\/a> conduit le palais \u00e0 \u00eatre fortifi\u00e9. L\u2019occupation du lieu par les Grimaldi est peu commune, par rapport aux autres familles souveraines europ\u00e9ennes, du fait de l\u2019absence de palais secondaires ainsi et de l\u2019\u00e9troitesse du territoire. Il en r\u00e9sulte que cette r\u00e9sidence fut habit\u00e9e pendant plus de sept si\u00e8cles par la famille princi\u00e8re.<\/p>\n<p>Pendant le xixe et le d\u00e9but du xxe si\u00e8cle, le palais et ses occupants deviennent le symbole <a rel=\"noopener noreferrer\" target=\"_blank\" href=\"https:\/\/fr.wikipedia.org\/wiki\/Glamour\">glamour<\/a> et <a rel=\"noopener noreferrer\" target=\"_blank\" href=\"https:\/\/fr.wikipedia.org\/wiki\/Jet_set\">jet set<\/a> qui est associ\u00e9 au faste de <a rel=\"noopener noreferrer\" target=\"_blank\" href=\"https:\/\/fr.wikipedia.org\/wiki\/Monte-Carlo\">Monte-Carlo<\/a> et de la <a rel=\"noopener noreferrer\" target=\"_blank\" href=\"https:\/\/fr.wikipedia.org\/wiki\/C%C3%B4te_d%E2%80%99Azur\">C\u00f4te d\u2019Azur<\/a>. Summum de cette th\u00e9\u00e2tralit\u00e9, en 1956, la vedette de cin\u00e9ma am\u00e9ricaine <a rel=\"noopener noreferrer\" target=\"_blank\" href=\"https:\/\/fr.wikipedia.org\/wiki\/Grace_Kelly\">Grace Kelly<\/a> devient <a rel=\"noopener noreferrer\" target=\"_blank\" href=\"https:\/\/fr.wikipedia.org\/wiki\/Ch%C3%A2telain_(titre)\">ch\u00e2telaine<\/a> apr\u00e8s son mariage avec <a rel=\"noopener noreferrer\" target=\"_blank\" href=\"https:\/\/fr.wikipedia.org\/wiki\/Rainier_III_de_Monaco\">Rainier III de Monaco<\/a>. Aujourd&rsquo;hui, le palais est la r\u00e9sidence d\u2019<a rel=\"noopener noreferrer\" target=\"_blank\" href=\"https:\/\/fr.wikipedia.org\/wiki\/Albert_II_de_Monaco\">Albert II<\/a>, prince de Monaco.<\/p>\n<p><img loading=\"lazy\" height=\"400\" width=\"600\" src=\"https:\/\/sebtrotter.wpcomstaging.com\/wp-content\/uploads\/2018\/10\/a1a93-2cb517_0eafe763cf624c69a38ac9f6e21be044mv2_d_5472_3648_s_4_2.jpg\"><\/p>\n<p>D&rsquo;autres monument et statues sont a d\u00e9couvrir le long de votre parcours dans la principaut\u00e9.<\/p>\n<p>Pour le logement le airBnB proche du forum est g\u00e9nial et pas cher au vue du prix des hotels.<\/p>\n<p><img loading=\"lazy\" height=\"900\" width=\"600\" src=\"https:\/\/sebtrotter.wpcomstaging.com\/wp-content\/uploads\/2018\/10\/14ad2-2cb517_77a445c61443408898f9eaeae5e21cdamv2_d_3648_5472_s_4_2.jpg\"><\/p>\n<div id='gallery-1' class='gallery galleryid-472 gallery-columns-3 gallery-size-thumbnail'><figure class='gallery-item'>\n\t\t\t<div class='gallery-icon portrait'>\n\t\t\t\t<a href='https:\/\/sebtrotter.com\/?attachment_id=2602'><img width=\"150\" height=\"150\" src=\"https:\/\/sebtrotter.com\/wp-content\/uploads\/2018\/10\/2cb517_c01fa29e5bf3456b9b990f931ee3d7bfmv2_d_3648_5472_s_4_2-150x150.jpg\" class=\"attachment-thumbnail size-thumbnail\" alt=\"\" loading=\"lazy\" \/><\/a>\n\t\t\t<\/div><\/figure>\n\t\t<\/div>\n\n<p><a role=\"button\" class=\"button\" href=\"?p=1032\">Retour<\/a><\/p>\n","protected":false},"excerpt":{"rendered":"<p>Monaco Monaco, cette ville construite \u00e0 flanc de colline juste au dessus de la mer. Sa richesse n&rsquo;a d&rsquo;\u00e9gale que son nombre d&rsquo;habitant au m\u00e8tre carr\u00e9. Ses tours sont impressionnantes, et il y a encore et toujours de nouvelles constructions. Lorsque nous nous baladons dans la ville, outre les belles voitures, nous pou vons \u00eatre [&hellip;]<\/p>\n","protected":false},"author":2,"featured_media":0,"parent":0,"menu_order":0,"comment_status":"closed","ping_status":"closed","template":"","meta":[],"_links":{"self":[{"href":"https:\/\/sebtrotter.com\/index.php?rest_route=\/wp\/v2\/pages\/472"}],"collection":[{"href":"https:\/\/sebtrotter.com\/index.php?rest_route=\/wp\/v2\/pages"}],"about":[{"href":"https:\/\/sebtrotter.com\/index.php?rest_route=\/wp\/v2\/types\/page"}],"author":[{"embeddable":true,"href":"https:\/\/sebtrotter.com\/index.php?rest_route=\/wp\/v2\/users\/2"}],"replies":[{"embeddable":true,"href":"https:\/\/sebtrotter.com\/index.php?rest_route=%2Fwp%2Fv2%2Fcomments&post=472"}],"version-history":[{"count":0,"href":"https:\/\/sebtrotter.com\/index.php?rest_route=\/wp\/v2\/pages\/472\/revisions"}],"wp:attachment":[{"href":"https:\/\/sebtrotter.com\/index.php?rest_route=%2Fwp%2Fv2%2Fmedia&parent=472"}],"curies":[{"name":"wp","href":"https:\/\/api.w.org\/{rel}","templated":true}]}}