{"id":442,"date":"2018-10-05T19:51:45","date_gmt":"2018-10-05T19:51:45","guid":{"rendered":"http:\/\/sebtrotter.wixsite.com\/sebtrotter\/bruges"},"modified":"2018-10-05T19:51:45","modified_gmt":"2018-10-05T19:51:45","slug":"bruges","status":"publish","type":"page","link":"https:\/\/sebtrotter.com\/?page_id=442","title":{"rendered":"Bruges"},"content":{"rendered":"<h1><a href=\"http:\/\/www.visiterbruges.com\" target=\"_blank\" rel=\"noopener noreferrer\">Bruges<\/a><\/h1>\n<div id='gallery-1' class='gallery galleryid-442 gallery-columns-3 gallery-size-thumbnail'><figure class='gallery-item'>\n\t\t\t<div class='gallery-icon landscape'>\n\t\t\t\t<a href='https:\/\/sebtrotter.com\/?attachment_id=2502'><img width=\"150\" height=\"150\" src=\"https:\/\/sebtrotter.com\/wp-content\/uploads\/2018\/10\/2cb517_2657a085a62b49be844101dd00b03f45-150x150.jpg\" class=\"attachment-thumbnail size-thumbnail\" alt=\"\" loading=\"lazy\" \/><\/a>\n\t\t\t<\/div><\/figure><figure class='gallery-item'>\n\t\t\t<div class='gallery-icon landscape'>\n\t\t\t\t<a href='https:\/\/sebtrotter.com\/?attachment_id=2512'><img width=\"150\" height=\"150\" src=\"https:\/\/sebtrotter.com\/wp-content\/uploads\/2018\/10\/2cb517_bf7cbc3281c44d4685ec22d29a164371-150x150.jpg\" class=\"attachment-thumbnail size-thumbnail\" alt=\"\" loading=\"lazy\" \/><\/a>\n\t\t\t<\/div><\/figure><figure class='gallery-item'>\n\t\t\t<div class='gallery-icon portrait'>\n\t\t\t\t<a href='https:\/\/sebtrotter.com\/?attachment_id=2522'><img width=\"150\" height=\"150\" src=\"https:\/\/sebtrotter.com\/wp-content\/uploads\/2018\/10\/2cb517_73d5ef7d3a6840ef87b082419683834a-150x150.jpg\" class=\"attachment-thumbnail size-thumbnail\" alt=\"\" loading=\"lazy\" \/><\/a>\n\t\t\t<\/div><\/figure><figure class='gallery-item'>\n\t\t\t<div class='gallery-icon portrait'>\n\t\t\t\t<a href='https:\/\/sebtrotter.com\/?attachment_id=2532'><img width=\"150\" height=\"150\" src=\"https:\/\/sebtrotter.com\/wp-content\/uploads\/2018\/10\/2cb517_9d89f5a009aa41e289a206aec454b379-150x150.jpg\" class=\"attachment-thumbnail size-thumbnail\" alt=\"\" loading=\"lazy\" \/><\/a>\n\t\t\t<\/div><\/figure>\n\t\t<\/div>\n\n<p>Bruges (prononc\u00e9 \/b\u0281y\u0292\/, en n\u00e9erlandais Brugge) est une ville de Belgique situ\u00e9e en R\u00e9gion flamande, chef-lieu et plus grande ville de la province de Flandre-Occidentale.<\/p>\n<p>Elle est membre de l&rsquo;Organisation des villes du patrimoine mondial depuis l&rsquo;an 2000. Elle fut \u00e9galement la capitale europ\u00e9enne de la culture en 2002, en m\u00eame temps que la ville espagnole de Salamanque.<\/p>\n<p>Elle est appel\u00e9e \u00ab Venise du nord \u00bb car elle poss\u00e8de de nombreux canaux qui encerclent ou traversent la ville et sur les bords du centre ville se trouvent encore des restes de forteresse ainsi que des moulins.<\/p>\n<p>Bruges a encore un port important et h\u00e9berge le Coll\u00e8ge d&rsquo;Europe.<\/p>\n<p><a class=\"button\" role=\"button\" href=\"?p=1002\">Retour<\/a><\/p>\n","protected":false},"excerpt":{"rendered":"<p>Bruges Bruges (prononc\u00e9 \/b\u0281y\u0292\/, en n\u00e9erlandais Brugge) est une ville de Belgique situ\u00e9e en R\u00e9gion flamande, chef-lieu et plus grande ville de la province de Flandre-Occidentale. Elle est membre de l&rsquo;Organisation des villes du patrimoine mondial depuis l&rsquo;an 2000. Elle fut \u00e9galement la capitale europ\u00e9enne de la culture en 2002, en m\u00eame temps que la [&hellip;]<\/p>\n","protected":false},"author":2,"featured_media":0,"parent":1002,"menu_order":0,"comment_status":"closed","ping_status":"closed","template":"","meta":[],"_links":{"self":[{"href":"https:\/\/sebtrotter.com\/index.php?rest_route=\/wp\/v2\/pages\/442"}],"collection":[{"href":"https:\/\/sebtrotter.com\/index.php?rest_route=\/wp\/v2\/pages"}],"about":[{"href":"https:\/\/sebtrotter.com\/index.php?rest_route=\/wp\/v2\/types\/page"}],"author":[{"embeddable":true,"href":"https:\/\/sebtrotter.com\/index.php?rest_route=\/wp\/v2\/users\/2"}],"replies":[{"embeddable":true,"href":"https:\/\/sebtrotter.com\/index.php?rest_route=%2Fwp%2Fv2%2Fcomments&post=442"}],"version-history":[{"count":0,"href":"https:\/\/sebtrotter.com\/index.php?rest_route=\/wp\/v2\/pages\/442\/revisions"}],"up":[{"embeddable":true,"href":"https:\/\/sebtrotter.com\/index.php?rest_route=\/wp\/v2\/pages\/1002"}],"wp:attachment":[{"href":"https:\/\/sebtrotter.com\/index.php?rest_route=%2Fwp%2Fv2%2Fmedia&parent=442"}],"curies":[{"name":"wp","href":"https:\/\/api.w.org\/{rel}","templated":true}]}}