{"id":432,"date":"2018-10-05T19:51:45","date_gmt":"2018-10-05T19:51:45","guid":{"rendered":"http:\/\/sebtrotter.wixsite.com\/sebtrotter\/djibouti"},"modified":"2018-10-05T19:51:45","modified_gmt":"2018-10-05T19:51:45","slug":"djibouti","status":"publish","type":"page","link":"https:\/\/sebtrotter.com\/?page_id=432","title":{"rendered":"Djibouti"},"content":{"rendered":"<p style=\"font-size:16px;\"><strong><span style=\"text-decoration:underline;\"><span style=\"font-size:22px;\">DJIBOUTI<\/span><\/span><\/strong><span style=\"font-size:16px;\"> est un pays de la Corne de l&rsquo;Afrique, situ\u00e9 sur la c\u00f4te ouest du d\u00e9bouch\u00e9 m\u00e9ridional de la mer Rouge. Il est limitrophe de la Somalie (Somaliland), de l&rsquo;\u00c9thiopie, de l&rsquo;\u00c9rythr\u00e9e et du Y\u00e9men.Djibouti est aussi le nom de sa principale ville et capitale. Petit bout de terre \u00e0 l&rsquo;extr\u00e8me Est du continent Africain. <\/span><\/p>\n<p style=\"font-size:16px;\"><span style=\"font-size:16px;\">Il y aura un endroit pour loger, c&rsquo;est le <a href=\"http:\/\/www.kempinski.com\/fr\/djibouti\/djibouti-palace\/welcome\/\" target=\"_blank\" rel=\"noopener noreferrer\">palace KEMPISKI <\/a><\/span><\/p>\n<p style=\"font-size:16px;\"><span style=\"font-size:16px;\">A voir\/ A faire : de la plong\u00e9e bien sur, mais aussi visiter le lac Assal (lac sal\u00e9 endor\u00e9ique) et les sables blanc.<\/span><\/p>\n<p style=\"font-size:16px;\"><span style=\"font-size:16px;\">Tout simplement magnifique!<\/span><\/p>\n<p>&nbsp;<\/p>\n<p>Pour plus d&rsquo;information:\u00a0Mise \u00e0 jour 2012, nouveau format, nouvelle maquette pour une lecture plus agr\u00e9able. Guide culturel tr\u00e8s fourni sur la culture, l&rsquo;histoire, la g\u00e9ographie et l&rsquo;\u00e9conomie du pays.<\/p>\n<p><img loading=\"lazy\" class=\"alignnone size-full wp-image-9459\" src=\"https:\/\/sebtrotter.wpcomstaging.com\/wp-content\/uploads\/2018\/10\/51vl89vl1vl-_sx281_bo1204203200_.jpg\" alt=\"51vL89vL1vL._SX281_BO1,204,203,200_\" width=\"283\" height=\"498\" \/>\u00a0Achetez le: <a href=\"https:\/\/www.amazon.fr\/gp\/product\/2869504918\/ref=as_li_tl?ie=UTF8&amp;camp=1642&amp;creative=6746&amp;creativeASIN=2869504918&amp;linkCode=as2&amp;tag=sebastienv07-21&amp;linkId=952b13bfbc76a2c52fcfb2b3ce6b20d3\">ICI<\/a><\/p>\n<p><a class=\"button\" role=\"button\" href=\"?p=722\">Palace Kempiski<\/a><br \/>\n<a class=\"button\" role=\"button\" href=\"?p=592\">Lac Assal<\/a><br \/>\n<a class=\"button\" role=\"button\" href=\"?p=1222\">Sable Blanc<\/a><\/p>\n<p>&nbsp;<\/p>\n<p>DJIBOUTI is a country in the Horn of Africa, located on the west coast of the southern outlet of the Red Sea. It is bordered by Somalia (Somaliland), Ethiopia, Eritrea and Yemen. Djibouti is also the name of its main city and capital. Small piece of land in the extreme East of the African continent. There will be a place to stay, it&rsquo;s the palace KEMPISKI To see \/ to do: diving, of course, but also visit the lake Assal (salt lake endoreic) and white sands. All simply magnificent!<\/p>\n<p>&nbsp;<br \/>\n<a class=\"button\" role=\"button\" href=\"?p=262\">Retour<\/a><\/p>\n<p>&nbsp;<\/p>\n","protected":false},"excerpt":{"rendered":"<p>DJIBOUTI est un pays de la Corne de l&rsquo;Afrique, situ\u00e9 sur la c\u00f4te ouest du d\u00e9bouch\u00e9 m\u00e9ridional de la mer Rouge. Il est limitrophe de la Somalie (Somaliland), de l&rsquo;\u00c9thiopie, de l&rsquo;\u00c9rythr\u00e9e et du Y\u00e9men.Djibouti est aussi le nom de sa principale ville et capitale. Petit bout de terre \u00e0 l&rsquo;extr\u00e8me Est du continent Africain. [&hellip;]<\/p>\n","protected":false},"author":2,"featured_media":0,"parent":0,"menu_order":0,"comment_status":"closed","ping_status":"closed","template":"","meta":[],"_links":{"self":[{"href":"https:\/\/sebtrotter.com\/index.php?rest_route=\/wp\/v2\/pages\/432"}],"collection":[{"href":"https:\/\/sebtrotter.com\/index.php?rest_route=\/wp\/v2\/pages"}],"about":[{"href":"https:\/\/sebtrotter.com\/index.php?rest_route=\/wp\/v2\/types\/page"}],"author":[{"embeddable":true,"href":"https:\/\/sebtrotter.com\/index.php?rest_route=\/wp\/v2\/users\/2"}],"replies":[{"embeddable":true,"href":"https:\/\/sebtrotter.com\/index.php?rest_route=%2Fwp%2Fv2%2Fcomments&post=432"}],"version-history":[{"count":0,"href":"https:\/\/sebtrotter.com\/index.php?rest_route=\/wp\/v2\/pages\/432\/revisions"}],"wp:attachment":[{"href":"https:\/\/sebtrotter.com\/index.php?rest_route=%2Fwp%2Fv2%2Fmedia&parent=432"}],"curies":[{"name":"wp","href":"https:\/\/api.w.org\/{rel}","templated":true}]}}