{"id":422,"date":"2018-10-05T19:51:45","date_gmt":"2018-10-05T19:51:45","guid":{"rendered":"http:\/\/sebtrotter.wixsite.com\/sebtrotter\/genova"},"modified":"2018-10-05T19:51:45","modified_gmt":"2018-10-05T19:51:45","slug":"genova","status":"publish","type":"page","link":"https:\/\/sebtrotter.com\/?page_id=422","title":{"rendered":"Genova"},"content":{"rendered":"<h1><a rel=\"noopener noreferrer\" target=\"_blank\" href=\"http:\/\/www.visitgenoa.it\/fr\">Genova<\/a><\/h1>\n<div id='gallery-1' class='gallery galleryid-422 gallery-columns-3 gallery-size-thumbnail'><figure class='gallery-item'>\n\t\t\t<div class='gallery-icon portrait'>\n\t\t\t\t<a href='https:\/\/sebtrotter.com\/?attachment_id=2452'><img width=\"150\" height=\"150\" src=\"https:\/\/sebtrotter.com\/wp-content\/uploads\/2018\/10\/2cb517_d860738f9edb46ea903e90bb214da873-150x150.jpg\" class=\"attachment-thumbnail size-thumbnail\" alt=\"\" loading=\"lazy\" \/><\/a>\n\t\t\t<\/div><\/figure><figure class='gallery-item'>\n\t\t\t<div class='gallery-icon portrait'>\n\t\t\t\t<a href='https:\/\/sebtrotter.com\/?attachment_id=2462'><img width=\"150\" height=\"150\" src=\"https:\/\/sebtrotter.com\/wp-content\/uploads\/2018\/10\/2cb517_4562a42fad934cd6aa016ac9d8cbc405-150x150.jpg\" class=\"attachment-thumbnail size-thumbnail\" alt=\"\" loading=\"lazy\" \/><\/a>\n\t\t\t<\/div><\/figure><figure class='gallery-item'>\n\t\t\t<div class='gallery-icon portrait'>\n\t\t\t\t<a href='https:\/\/sebtrotter.com\/?attachment_id=2472'><img width=\"150\" height=\"150\" src=\"https:\/\/sebtrotter.com\/wp-content\/uploads\/2018\/10\/2cb517_4b09061a6682451f9b5ba73b1ed8915d-150x150.jpg\" class=\"attachment-thumbnail size-thumbnail\" alt=\"\" loading=\"lazy\" \/><\/a>\n\t\t\t<\/div><\/figure><figure class='gallery-item'>\n\t\t\t<div class='gallery-icon landscape'>\n\t\t\t\t<a href='https:\/\/sebtrotter.com\/?attachment_id=2482'><img width=\"150\" height=\"150\" src=\"https:\/\/sebtrotter.com\/wp-content\/uploads\/2018\/10\/2cb517_e7872b69a70546978d633047bf4af523-150x150.jpg\" class=\"attachment-thumbnail size-thumbnail\" alt=\"\" loading=\"lazy\" \/><\/a>\n\t\t\t<\/div><\/figure><figure class='gallery-item'>\n\t\t\t<div class='gallery-icon portrait'>\n\t\t\t\t<a href='https:\/\/sebtrotter.com\/?attachment_id=2492'><img width=\"150\" height=\"150\" src=\"https:\/\/sebtrotter.com\/wp-content\/uploads\/2018\/10\/2cb517_5cdbe21cd2204c179084cc9011bd5e49-150x150.jpg\" class=\"attachment-thumbnail size-thumbnail\" alt=\"\" loading=\"lazy\" \/><\/a>\n\t\t\t<\/div><\/figure>\n\t\t<\/div>\n\n<p>G\u00eanes (Genova en italien, Zena en ligurien) est une ville italienne, capitale de la Ligurie, premier port italien et deuxi\u00e8me port de la mer M\u00e9diterran\u00e9e2. Elle compte 594 904 habitants et 800 0003 au sein de son agglom\u00e9ration. Sa zone urbaine compte 1 510 000 habitants3. G\u00eanes, avec Milan et Turin, d\u00e9limitait le \u00ab triangle industriel \u00bb, zone la plus industrialis\u00e9e d&rsquo;Italie. En outre \u00e0 G\u00eanes se trouve la quatri\u00e8me meilleure universit\u00e9 du pays. La ville est un centre important pour les sciences, la technologie, la mode et le sport, consid\u00e9r\u00e9e comme le berceau du football italien. Une partie importante du centre historique est sous la protection de l&rsquo;UNESCO.<\/p>\n<p>G\u00eanes est une des principales villes sur la c\u00f4te m\u00e9diterran\u00e9enne de la mer de Ligurie.<\/p>\n<p><a role=\"button\" class=\"button\" href=\"?p=642\">Retour<\/a><\/p>\n","protected":false},"excerpt":{"rendered":"<p>Genova G\u00eanes (Genova en italien, Zena en ligurien) est une ville italienne, capitale de la Ligurie, premier port italien et deuxi\u00e8me port de la mer M\u00e9diterran\u00e9e2. Elle compte 594 904 habitants et 800 0003 au sein de son agglom\u00e9ration. Sa zone urbaine compte 1 510 000 habitants3. G\u00eanes, avec Milan et Turin, d\u00e9limitait le \u00ab [&hellip;]<\/p>\n","protected":false},"author":2,"featured_media":0,"parent":0,"menu_order":0,"comment_status":"closed","ping_status":"closed","template":"","meta":[],"_links":{"self":[{"href":"https:\/\/sebtrotter.com\/index.php?rest_route=\/wp\/v2\/pages\/422"}],"collection":[{"href":"https:\/\/sebtrotter.com\/index.php?rest_route=\/wp\/v2\/pages"}],"about":[{"href":"https:\/\/sebtrotter.com\/index.php?rest_route=\/wp\/v2\/types\/page"}],"author":[{"embeddable":true,"href":"https:\/\/sebtrotter.com\/index.php?rest_route=\/wp\/v2\/users\/2"}],"replies":[{"embeddable":true,"href":"https:\/\/sebtrotter.com\/index.php?rest_route=%2Fwp%2Fv2%2Fcomments&post=422"}],"version-history":[{"count":0,"href":"https:\/\/sebtrotter.com\/index.php?rest_route=\/wp\/v2\/pages\/422\/revisions"}],"wp:attachment":[{"href":"https:\/\/sebtrotter.com\/index.php?rest_route=%2Fwp%2Fv2%2Fmedia&parent=422"}],"curies":[{"name":"wp","href":"https:\/\/api.w.org\/{rel}","templated":true}]}}