{"id":402,"date":"2018-10-05T19:51:45","date_gmt":"2018-10-05T19:51:45","guid":{"rendered":"http:\/\/sebtrotter.wixsite.com\/sebtrotter\/chateau-de-saumur"},"modified":"2018-10-05T19:51:45","modified_gmt":"2018-10-05T19:51:45","slug":"chateau-de-saumur","status":"publish","type":"page","link":"https:\/\/sebtrotter.com\/?page_id=402","title":{"rendered":"Chateau de Saumur"},"content":{"rendered":"<h1><a href=\"http:\/\/www.ot-saumur.fr\/CHATEAU-DE-SAUMUR_a722.html\" target=\"_blank\" rel=\"noopener noreferrer\">Chateau de Saumur<\/a><\/h1>\n<div id='gallery-1' class='gallery galleryid-402 gallery-columns-3 gallery-size-thumbnail'><figure class='gallery-item'>\n\t\t\t<div class='gallery-icon landscape'>\n\t\t\t\t<a href='https:\/\/sebtrotter.com\/?attachment_id=2362'><img width=\"150\" height=\"150\" src=\"https:\/\/sebtrotter.com\/wp-content\/uploads\/2018\/10\/2cb517_c4444526b1d3443cbd22289a31861c61-150x150.jpg\" class=\"attachment-thumbnail size-thumbnail\" alt=\"\" loading=\"lazy\" \/><\/a>\n\t\t\t<\/div><\/figure><figure class='gallery-item'>\n\t\t\t<div class='gallery-icon landscape'>\n\t\t\t\t<a href='https:\/\/sebtrotter.com\/?attachment_id=2372'><img width=\"150\" height=\"150\" src=\"https:\/\/sebtrotter.com\/wp-content\/uploads\/2018\/10\/2cb517_1f8475c657b3469cb6c83fe644246921-150x150.jpg\" class=\"attachment-thumbnail size-thumbnail\" alt=\"\" loading=\"lazy\" \/><\/a>\n\t\t\t<\/div><\/figure><figure class='gallery-item'>\n\t\t\t<div class='gallery-icon landscape'>\n\t\t\t\t<a href='https:\/\/sebtrotter.com\/?attachment_id=2382'><img width=\"150\" height=\"150\" src=\"https:\/\/sebtrotter.com\/wp-content\/uploads\/2018\/10\/2cb517_832d1f2423b64a05861ea0db5e205d18-150x150.jpg\" class=\"attachment-thumbnail size-thumbnail\" alt=\"\" loading=\"lazy\" \/><\/a>\n\t\t\t<\/div><\/figure><figure class='gallery-item'>\n\t\t\t<div class='gallery-icon landscape'>\n\t\t\t\t<a href='https:\/\/sebtrotter.com\/?attachment_id=2392'><img width=\"150\" height=\"150\" src=\"https:\/\/sebtrotter.com\/wp-content\/uploads\/2018\/10\/2cb517_ee1cc544b4a0471cbabf8c29408a71fe-150x150.jpg\" class=\"attachment-thumbnail size-thumbnail\" alt=\"\" loading=\"lazy\" \/><\/a>\n\t\t\t<\/div><\/figure><figure class='gallery-item'>\n\t\t\t<div class='gallery-icon portrait'>\n\t\t\t\t<a href='https:\/\/sebtrotter.com\/?attachment_id=2402'><img width=\"150\" height=\"150\" src=\"https:\/\/sebtrotter.com\/wp-content\/uploads\/2018\/10\/2cb517_540c4e7735664f9ba979eda386baa0cf-150x150.jpg\" class=\"attachment-thumbnail size-thumbnail\" alt=\"\" loading=\"lazy\" \/><\/a>\n\t\t\t<\/div><\/figure>\n\t\t<\/div>\n\n<p>Le ch\u00e2teau de Saumur a connu ses premi\u00e8res fortifications sous Thibaud Ier le Tricheur, comte de Blois, au xe si\u00e8cle. En 1026, il devint propri\u00e9t\u00e9 du comte d&rsquo;Anjou, le c\u00e9l\u00e8bre Foulques Nerra qui le l\u00e9gua \u00e0 ses h\u00e9ritiers Plantagen\u00eat. Philippe Auguste, roi de France et cap\u00e9tien, l&rsquo;annexa \u00e0 la couronne.<\/p>\n<p>En 1227, Saint Louis fait rehausser le fort puis, \u00e0 partir de 1367, Louis Ier d&rsquo;Anjou, petit-fils de Philippe VI, fait remplacer les vieilles tours rondes par des tours octogonales4.<\/p>\n<p>Le roi Ren\u00e9 d&rsquo;Anjou, dit le bon roi Ren\u00e9, \u00e9crivain, homme cultiv\u00e9 et b\u00e2tisseur de forteresse (Tarascon) am\u00e9liore sensiblement le confort de l&rsquo;ensemble du ch\u00e2teau qu&rsquo;il surnomme le \u00ab ch\u00e2teau d&rsquo;amour \u00bb. Au xvie si\u00e8cle, l&rsquo;italien Bartolomeo renforce les d\u00e9fenses du ch\u00e2teau. Pr\u00e9curseur, il fit construire autour du ch\u00e2teau m\u00e9di\u00e9val des d\u00e9fenses basses, des fortins (bastions) et courtines suivant un plan en \u00e9toile \u00e9tonnement moderne un si\u00e8cle avant Vauban. Le ch\u00e2teau a \u00e9t\u00e9 immortalis\u00e9 dans le manuscrit des Tr\u00e8s Riches Heures du duc de Berry dans le folio du mois de septembre qui repr\u00e9sente les vendanges au pied du ch\u00e2teau.<\/p>\n<p>Le ch\u00e2teau devint prison sous Louis XIV et Napol\u00e9on, puis un d\u00e9p\u00f4t de munitions.<\/p>\n<p>Au d\u00e9but du xxe si\u00e8cle, la ville rach\u00e8te le ch\u00e2teau \u00e0 l&rsquo;\u00c9tat et le r\u00e9nove progressivement, y installe le mus\u00e9e des arts d\u00e9coratifs (donation du Comte Charles Lair pour une majeure partie des \u0153uvres expos\u00e9es, c\u00e9ramique et mobilier) ainsi que celui du Harnachement.<\/p>\n<p>Structure du rempart reconstruit<\/p>\n<p>Le 22 avril 2001, la partie ouest du rempart nord s&rsquo;est effondr\u00e9e et a endommag\u00e9 une partie des habitations situ\u00e9es en contrebas. Il s&rsquo;ensuivit un chantier de stabilisation du sous-sol et de reconstruction du rempart qui s&rsquo;est achev\u00e9 en 2007<\/p>\n<p><a class=\"button\" role=\"button\" href=\"?p=1032\">Retour<\/a><\/p>\n","protected":false},"excerpt":{"rendered":"<p>Chateau de Saumur Le ch\u00e2teau de Saumur a connu ses premi\u00e8res fortifications sous Thibaud Ier le Tricheur, comte de Blois, au xe si\u00e8cle. En 1026, il devint propri\u00e9t\u00e9 du comte d&rsquo;Anjou, le c\u00e9l\u00e8bre Foulques Nerra qui le l\u00e9gua \u00e0 ses h\u00e9ritiers Plantagen\u00eat. Philippe Auguste, roi de France et cap\u00e9tien, l&rsquo;annexa \u00e0 la couronne. En 1227, [&hellip;]<\/p>\n","protected":false},"author":2,"featured_media":0,"parent":1032,"menu_order":0,"comment_status":"closed","ping_status":"closed","template":"","meta":[],"_links":{"self":[{"href":"https:\/\/sebtrotter.com\/index.php?rest_route=\/wp\/v2\/pages\/402"}],"collection":[{"href":"https:\/\/sebtrotter.com\/index.php?rest_route=\/wp\/v2\/pages"}],"about":[{"href":"https:\/\/sebtrotter.com\/index.php?rest_route=\/wp\/v2\/types\/page"}],"author":[{"embeddable":true,"href":"https:\/\/sebtrotter.com\/index.php?rest_route=\/wp\/v2\/users\/2"}],"replies":[{"embeddable":true,"href":"https:\/\/sebtrotter.com\/index.php?rest_route=%2Fwp%2Fv2%2Fcomments&post=402"}],"version-history":[{"count":0,"href":"https:\/\/sebtrotter.com\/index.php?rest_route=\/wp\/v2\/pages\/402\/revisions"}],"up":[{"embeddable":true,"href":"https:\/\/sebtrotter.com\/index.php?rest_route=\/wp\/v2\/pages\/1032"}],"wp:attachment":[{"href":"https:\/\/sebtrotter.com\/index.php?rest_route=%2Fwp%2Fv2%2Fmedia&parent=402"}],"curies":[{"name":"wp","href":"https:\/\/api.w.org\/{rel}","templated":true}]}}