{"id":392,"date":"2018-10-05T19:51:45","date_gmt":"2018-10-05T19:51:45","guid":{"rendered":"http:\/\/sebtrotter.wixsite.com\/sebtrotter\/colombey-les-deux--glises"},"modified":"2018-10-05T19:51:45","modified_gmt":"2018-10-05T19:51:45","slug":"colombey-les-deux-eglises","status":"publish","type":"page","link":"https:\/\/sebtrotter.com\/?page_id=392","title":{"rendered":"Colombey les deux \u00e9glises"},"content":{"rendered":"<h1><a rel=\"noopener noreferrer\" target=\"_blank\" href=\"http:\/\/colombey-les-deux-eglises.com\/beta1\/\">Colombey les deux Eglises<\/a><\/h1>\n<div id='gallery-1' class='gallery galleryid-392 gallery-columns-3 gallery-size-thumbnail'><figure class='gallery-item'>\n\t\t\t<div class='gallery-icon portrait'>\n\t\t\t\t<a href='https:\/\/sebtrotter.com\/?attachment_id=2322'><img width=\"150\" height=\"150\" src=\"https:\/\/sebtrotter.com\/wp-content\/uploads\/2018\/10\/2cb517_c2e8409e39f04adb96413fb12a8fe224-150x150.jpg\" class=\"attachment-thumbnail size-thumbnail\" alt=\"\" loading=\"lazy\" \/><\/a>\n\t\t\t<\/div><\/figure><figure class='gallery-item'>\n\t\t\t<div class='gallery-icon portrait'>\n\t\t\t\t<a href='https:\/\/sebtrotter.com\/?attachment_id=2332'><img width=\"150\" height=\"150\" src=\"https:\/\/sebtrotter.com\/wp-content\/uploads\/2018\/10\/2cb517_e4a4ad57d4984ae5b03cf719ad2de234-150x150.jpg\" class=\"attachment-thumbnail size-thumbnail\" alt=\"\" loading=\"lazy\" \/><\/a>\n\t\t\t<\/div><\/figure><figure class='gallery-item'>\n\t\t\t<div class='gallery-icon landscape'>\n\t\t\t\t<a href='https:\/\/sebtrotter.com\/?attachment_id=2342'><img width=\"150\" height=\"150\" src=\"https:\/\/sebtrotter.com\/wp-content\/uploads\/2018\/10\/2cb517_7c0788207100452c88d19f25d30bcadf-150x150.jpg\" class=\"attachment-thumbnail size-thumbnail\" alt=\"\" loading=\"lazy\" \/><\/a>\n\t\t\t<\/div><\/figure><figure class='gallery-item'>\n\t\t\t<div class='gallery-icon portrait'>\n\t\t\t\t<a href='https:\/\/sebtrotter.com\/?attachment_id=2352'><img width=\"150\" height=\"150\" src=\"https:\/\/sebtrotter.com\/wp-content\/uploads\/2018\/10\/2cb517_1d27ebbe17ff41138449714447cd1666-150x150.jpg\" class=\"attachment-thumbnail size-thumbnail\" alt=\"\" loading=\"lazy\" \/><\/a>\n\t\t\t<\/div><\/figure>\n\t\t<\/div>\n\n<p>Colombey-les-Deux-\u00c9glises est une commune fran\u00e7aise peupl\u00e9e de 663 habitants situ\u00e9e dans le d\u00e9partement de laHaute-Marne, en r\u00e9gion Champagne-Ardenne.<\/p>\n<p>Ses habitants sont appel\u00e9s les Colomb\u00e9ens.<\/p>\n<p>Le village est devenu c\u00e9l\u00e8bre pour avoir \u00e9t\u00e9 choisi comme r\u00e9sidence secondaire par le g\u00e9n\u00e9ral de Gaulle, qui y avait acquis en 1934 une propri\u00e9t\u00e9 d\u00e9nomm\u00e9e La Brasserie et rebaptis\u00e9e aussit\u00f4t La Boisserie. Il avait choisi Colombey parce que cette localit\u00e9 se trouvait \u00e0 mi-chemin de Paris et de ses garnisons de l&rsquo;Est et du Nord. Il y est mort le9 novembre 1970. Depuis, Colombey est devenu l&rsquo;un des symboles phares du gaullisme.<\/p>\n<p><a role=\"button\" class=\"button\" href=\"?p=1032\">Retour<\/a><\/p>\n","protected":false},"excerpt":{"rendered":"<p>Colombey les deux Eglises Colombey-les-Deux-\u00c9glises est une commune fran\u00e7aise peupl\u00e9e de 663 habitants situ\u00e9e dans le d\u00e9partement de laHaute-Marne, en r\u00e9gion Champagne-Ardenne. Ses habitants sont appel\u00e9s les Colomb\u00e9ens. Le village est devenu c\u00e9l\u00e8bre pour avoir \u00e9t\u00e9 choisi comme r\u00e9sidence secondaire par le g\u00e9n\u00e9ral de Gaulle, qui y avait acquis en 1934 une propri\u00e9t\u00e9 d\u00e9nomm\u00e9e La [&hellip;]<\/p>\n","protected":false},"author":2,"featured_media":0,"parent":0,"menu_order":0,"comment_status":"closed","ping_status":"closed","template":"","meta":[],"_links":{"self":[{"href":"https:\/\/sebtrotter.com\/index.php?rest_route=\/wp\/v2\/pages\/392"}],"collection":[{"href":"https:\/\/sebtrotter.com\/index.php?rest_route=\/wp\/v2\/pages"}],"about":[{"href":"https:\/\/sebtrotter.com\/index.php?rest_route=\/wp\/v2\/types\/page"}],"author":[{"embeddable":true,"href":"https:\/\/sebtrotter.com\/index.php?rest_route=\/wp\/v2\/users\/2"}],"replies":[{"embeddable":true,"href":"https:\/\/sebtrotter.com\/index.php?rest_route=%2Fwp%2Fv2%2Fcomments&post=392"}],"version-history":[{"count":0,"href":"https:\/\/sebtrotter.com\/index.php?rest_route=\/wp\/v2\/pages\/392\/revisions"}],"wp:attachment":[{"href":"https:\/\/sebtrotter.com\/index.php?rest_route=%2Fwp%2Fv2%2Fmedia&parent=392"}],"curies":[{"name":"wp","href":"https:\/\/api.w.org\/{rel}","templated":true}]}}