{"id":312,"date":"2018-10-05T19:51:45","date_gmt":"2018-10-05T19:51:45","guid":{"rendered":"http:\/\/sebtrotter.wixsite.com\/sebtrotter\/blank-2"},"modified":"2018-10-05T19:51:45","modified_gmt":"2018-10-05T19:51:45","slug":"saline-royale-darc-et-senans","status":"publish","type":"page","link":"https:\/\/sebtrotter.com\/?page_id=312","title":{"rendered":"Saline royale d&rsquo;Arc et Senans"},"content":{"rendered":"<h2 style=\"font-size:42px;\"><span style=\"font-size:42px;\">Saline Royale d&rsquo;Arc et Senans<\/span><\/h2>\n<div id='gallery-1' class='gallery galleryid-312 gallery-columns-3 gallery-size-thumbnail'><figure class='gallery-item'>\n\t\t\t<div class='gallery-icon landscape'>\n\t\t\t\t<a href='https:\/\/sebtrotter.com\/?attachment_id=1922'><img width=\"150\" height=\"150\" src=\"https:\/\/sebtrotter.com\/wp-content\/uploads\/2018\/10\/2cb517_d8310910af3f4e30a4db4149c9cdd604-150x150.jpg\" class=\"attachment-thumbnail size-thumbnail\" alt=\"\" loading=\"lazy\" \/><\/a>\n\t\t\t<\/div><\/figure><figure class='gallery-item'>\n\t\t\t<div class='gallery-icon landscape'>\n\t\t\t\t<a href='https:\/\/sebtrotter.com\/?attachment_id=1932'><img width=\"150\" height=\"150\" src=\"https:\/\/sebtrotter.com\/wp-content\/uploads\/2018\/10\/2cb517_777bdca7429b440daa4ce4157e2f91c6-150x150.jpg\" class=\"attachment-thumbnail size-thumbnail\" alt=\"\" loading=\"lazy\" \/><\/a>\n\t\t\t<\/div><\/figure><figure class='gallery-item'>\n\t\t\t<div class='gallery-icon landscape'>\n\t\t\t\t<a href='https:\/\/sebtrotter.com\/?attachment_id=1942'><img width=\"150\" height=\"150\" src=\"https:\/\/sebtrotter.com\/wp-content\/uploads\/2018\/10\/2cb517_cb65376db4ac49a88d7ceb924afd1dcb-150x150.jpg\" class=\"attachment-thumbnail size-thumbnail\" alt=\"\" loading=\"lazy\" \/><\/a>\n\t\t\t<\/div><\/figure><figure class='gallery-item'>\n\t\t\t<div class='gallery-icon landscape'>\n\t\t\t\t<a href='https:\/\/sebtrotter.com\/?attachment_id=1952'><img width=\"150\" height=\"150\" src=\"https:\/\/sebtrotter.com\/wp-content\/uploads\/2018\/10\/2cb517_73ec03070cf24ba2904aa9b207ff8557-150x150.jpg\" class=\"attachment-thumbnail size-thumbnail\" alt=\"\" loading=\"lazy\" \/><\/a>\n\t\t\t<\/div><\/figure><figure class='gallery-item'>\n\t\t\t<div class='gallery-icon landscape'>\n\t\t\t\t<a href='https:\/\/sebtrotter.com\/?attachment_id=1962'><img width=\"150\" height=\"150\" src=\"https:\/\/sebtrotter.com\/wp-content\/uploads\/2018\/10\/2cb517_3352a496c30940dcae64d12a3ebaec24-150x150.jpg\" class=\"attachment-thumbnail size-thumbnail\" alt=\"\" loading=\"lazy\" \/><\/a>\n\t\t\t<\/div><\/figure>\n\t\t<\/div>\n\n<p><a rel=\"noopener noreferrer\" target=\"_blank\" href=\"http:\/\/www.salineroyale.com\">Saline royale d&rsquo;Arc et Senans:<\/a><\/p>\n<p>Le sel, ingr\u00e9dient tr\u00e9s important. L&rsquo;homme doit en absorber 1 \u00e0 2g par jour .<br \/>\nOn le trouve d&rsquo;abord dans la mer avec 30g par litre soit environ 40 000 T sur terre. Mais pourquoi l&rsquo;eau de mer est elle sal\u00e9e? <br \/>\nLes scientifique pensent que cela est magmatique. Cela s&rsquo;infiltrerais dans les oc\u00e9ans via les mouvements des couches de l&rsquo;\u00e9corse terrestre. <\/p>\n<p>Le mol\u00e9cule de sel est compos\u00e9 de deux corps simple le chlore et le sodium d&rsquo;o\u00f9 son nom chlorure de sodium.<\/p>\n<p>\nLe sel gemme exploit\u00e9 ici, en franche comt\u00e9 s&rsquo;est form\u00e9 il y a 215millions d&rsquo;ann\u00e9es au trias sup\u00e9rieur <\/p>\n<p>\nPour r\u00e9cup\u00e9rer le sel il y a plusieurs m\u00e9thodes:<\/p>\n<p>\n-Le lessivage des terres sal\u00e9es <\/p>\n<p>-Le sel v\u00e9g\u00e9tal (recueilli en br\u00fblant la plante)<\/p>\n<p>-La saliculture faite par les paludiers, saunier ou saliculteur : agriculteur qui travail dans les marais salants  <br \/>\nL&rsquo;eau s&rsquo;\u00e9vapore et il ne reste que le sel dans les marais <\/p>\n<p>-Les mines de sel <\/p>\n<p>-Le sel ignigene<\/p>\n<p>\nSi le soleil ne permet pas l&rsquo;\u00e9vaporation de l&rsquo;eau, cette derni\u00e8re est mise \u00e0 cuire dans des fourneaux ou des chaudi\u00e8res jusqu&rsquo;\u00e0 cristallisation du sel <br \/>\nCela s&rsquo;appel une cuite peut durer jusqu&rsquo;\u00e0 72h<\/p>\n<p>La saline de Salin les Bains eut un probl\u00e8me au 18\u00e8me si\u00e8cle, celui du manque de bois <br \/>\nD&rsquo;o\u00f9 l&rsquo;id\u00e9e de construire une saline pr\u00e8s de la for\u00eat de chaux, deuxi\u00e8me ensemble forestier de France. <br \/>\nEt la saline d&rsquo;Arc et senans fut cr\u00e9\u00e9e sur les plans de l&rsquo;architecte Claude-nicolas Ledoux.<br \/>\nAlimente en eau sal\u00e9 depuis salins gr\u00e2ce \u00e0 un syst\u00e8me de double canalisation qui suit les rivi\u00e8res  <\/p>\n<p>Vu que le sel est tr\u00e8s important il devient source de recette fiscale et pour preuve, le l\u00e9gionnaire romain touche sa solde en sel, le salarium. Mot qui a cr\u00e9\u00e9 salaire.<br \/>\nLes imp\u00f4ts sur le sel sont cons\u00e9quent et permettent de financer les efforts de guerre. Comme durant la guerre de 100ans. Mais cette imp\u00f4t provoque surtout des conflits entre \u00e9tats et populations et fait augmenter la contrebande. <\/p>\n<p><a rel=\"noopener noreferrer\" target=\"_blank\" href=\"http:\/\/www.clubjurassien.ch\/archivePDF\/1339880218.pdf\">Pour plus d&rsquo;information sur le sel.<\/a><\/p>\n","protected":false},"excerpt":{"rendered":"<p>Saline Royale d&rsquo;Arc et Senans Saline royale d&rsquo;Arc et Senans: Le sel, ingr\u00e9dient tr\u00e9s important. L&rsquo;homme doit en absorber 1 \u00e0 2g par jour . On le trouve d&rsquo;abord dans la mer avec 30g par litre soit environ 40 000 T sur terre. Mais pourquoi l&rsquo;eau de mer est elle sal\u00e9e? Les scientifique pensent que [&hellip;]<\/p>\n","protected":false},"author":2,"featured_media":0,"parent":0,"menu_order":0,"comment_status":"closed","ping_status":"closed","template":"","meta":[],"_links":{"self":[{"href":"https:\/\/sebtrotter.com\/index.php?rest_route=\/wp\/v2\/pages\/312"}],"collection":[{"href":"https:\/\/sebtrotter.com\/index.php?rest_route=\/wp\/v2\/pages"}],"about":[{"href":"https:\/\/sebtrotter.com\/index.php?rest_route=\/wp\/v2\/types\/page"}],"author":[{"embeddable":true,"href":"https:\/\/sebtrotter.com\/index.php?rest_route=\/wp\/v2\/users\/2"}],"replies":[{"embeddable":true,"href":"https:\/\/sebtrotter.com\/index.php?rest_route=%2Fwp%2Fv2%2Fcomments&post=312"}],"version-history":[{"count":0,"href":"https:\/\/sebtrotter.com\/index.php?rest_route=\/wp\/v2\/pages\/312\/revisions"}],"wp:attachment":[{"href":"https:\/\/sebtrotter.com\/index.php?rest_route=%2Fwp%2Fv2%2Fmedia&parent=312"}],"curies":[{"name":"wp","href":"https:\/\/api.w.org\/{rel}","templated":true}]}}