{"id":292,"date":"2018-10-05T19:51:45","date_gmt":"2018-10-05T19:51:45","guid":{"rendered":"http:\/\/sebtrotter.wixsite.com\/sebtrotter\/porquerolle"},"modified":"2018-10-05T19:51:45","modified_gmt":"2018-10-05T19:51:45","slug":"porquerolle","status":"publish","type":"page","link":"https:\/\/sebtrotter.com\/?page_id=292","title":{"rendered":"Porquerolle"},"content":{"rendered":"<div id='gallery-1' class='gallery galleryid-292 gallery-columns-3 gallery-size-thumbnail'><figure class='gallery-item'>\n\t\t\t<div class='gallery-icon landscape'>\n\t\t\t\t<a href='https:\/\/sebtrotter.com\/?attachment_id=1852'><img width=\"150\" height=\"150\" src=\"https:\/\/sebtrotter.com\/wp-content\/uploads\/2018\/10\/2cb517_510ff4bd3fbe41209c9f48f08ddf7a75-150x150.jpg\" class=\"attachment-thumbnail size-thumbnail\" alt=\"\" loading=\"lazy\" \/><\/a>\n\t\t\t<\/div><\/figure><figure class='gallery-item'>\n\t\t\t<div class='gallery-icon landscape'>\n\t\t\t\t<a href='https:\/\/sebtrotter.com\/?attachment_id=1862'><img width=\"150\" height=\"150\" src=\"https:\/\/sebtrotter.com\/wp-content\/uploads\/2018\/10\/2cb517_8d95306e343546499744b250d722c7ee-150x150.jpg\" class=\"attachment-thumbnail size-thumbnail\" alt=\"\" loading=\"lazy\" \/><\/a>\n\t\t\t<\/div><\/figure><figure class='gallery-item'>\n\t\t\t<div class='gallery-icon landscape'>\n\t\t\t\t<a href='https:\/\/sebtrotter.com\/?attachment_id=1872'><img width=\"150\" height=\"150\" src=\"https:\/\/sebtrotter.com\/wp-content\/uploads\/2018\/10\/2cb517_94c6046e9cfc4652921253a5afb2fef7-150x150.jpg\" class=\"attachment-thumbnail size-thumbnail\" alt=\"\" loading=\"lazy\" \/><\/a>\n\t\t\t<\/div><\/figure><figure class='gallery-item'>\n\t\t\t<div class='gallery-icon landscape'>\n\t\t\t\t<a href='https:\/\/sebtrotter.com\/?attachment_id=1882'><img width=\"150\" height=\"150\" src=\"https:\/\/sebtrotter.com\/wp-content\/uploads\/2018\/10\/2cb517_db73d9bdaefe4cfeaaa1b79b7fe102b5-150x150.jpg\" class=\"attachment-thumbnail size-thumbnail\" alt=\"\" loading=\"lazy\" \/><\/a>\n\t\t\t<\/div><\/figure>\n\t\t<\/div>\n\n<p>L\u2019\u00eele de Porquerolles est la plus grande et la plus occidentale des trois \u00eeles d&rsquo;Hy\u00e8res avec ses 12,54 km2 de superficie. Elle forme un arc orient\u00e9 est-ouest, aux bords d\u00e9coup\u00e9s, de 7,5 km de long sur 3 km de large. Son pourtour est d\u2019une trentaine de kilom\u00e8tres. L\u2019\u00eele culmine au s\u00e9maphore \u00e0 142 m. Elle doit son \u00e9tat de conservation au fait qu&rsquo;elle est propri\u00e9t\u00e9 de l&rsquo;\u00c9tat fran\u00e7ais depuis 1971 et b\u00e9n\u00e9ficie du statut de \u00ab parc national1 \u00bb depuis 2012.<\/p>\n<p><a role=\"button\" class=\"button\" href=\"?p=1032\">Retour<\/a><\/p>\n","protected":false},"excerpt":{"rendered":"<p>L\u2019\u00eele de Porquerolles est la plus grande et la plus occidentale des trois \u00eeles d&rsquo;Hy\u00e8res avec ses 12,54 km2 de superficie. Elle forme un arc orient\u00e9 est-ouest, aux bords d\u00e9coup\u00e9s, de 7,5 km de long sur 3 km de large. Son pourtour est d\u2019une trentaine de kilom\u00e8tres. L\u2019\u00eele culmine au s\u00e9maphore \u00e0 142 m. Elle [&hellip;]<\/p>\n","protected":false},"author":2,"featured_media":0,"parent":0,"menu_order":0,"comment_status":"closed","ping_status":"closed","template":"","meta":[],"_links":{"self":[{"href":"https:\/\/sebtrotter.com\/index.php?rest_route=\/wp\/v2\/pages\/292"}],"collection":[{"href":"https:\/\/sebtrotter.com\/index.php?rest_route=\/wp\/v2\/pages"}],"about":[{"href":"https:\/\/sebtrotter.com\/index.php?rest_route=\/wp\/v2\/types\/page"}],"author":[{"embeddable":true,"href":"https:\/\/sebtrotter.com\/index.php?rest_route=\/wp\/v2\/users\/2"}],"replies":[{"embeddable":true,"href":"https:\/\/sebtrotter.com\/index.php?rest_route=%2Fwp%2Fv2%2Fcomments&post=292"}],"version-history":[{"count":0,"href":"https:\/\/sebtrotter.com\/index.php?rest_route=\/wp\/v2\/pages\/292\/revisions"}],"wp:attachment":[{"href":"https:\/\/sebtrotter.com\/index.php?rest_route=%2Fwp%2Fv2%2Fmedia&parent=292"}],"curies":[{"name":"wp","href":"https:\/\/api.w.org\/{rel}","templated":true}]}}