{"id":232,"date":"2018-10-05T19:51:45","date_gmt":"2018-10-05T19:51:45","guid":{"rendered":"http:\/\/sebtrotter.wixsite.com\/sebtrotter\/lac-victoria"},"modified":"2018-10-05T19:51:45","modified_gmt":"2018-10-05T19:51:45","slug":"lac-victoria","status":"publish","type":"page","link":"https:\/\/sebtrotter.com\/?page_id=232","title":{"rendered":"Lac Victoria"},"content":{"rendered":"<h1>Lac Victoria<\/h1>\n<div id='gallery-1' class='gallery galleryid-232 gallery-columns-3 gallery-size-thumbnail'><figure class='gallery-item'>\n\t\t\t<div class='gallery-icon landscape'>\n\t\t\t\t<a href='https:\/\/sebtrotter.com\/?attachment_id=1682'><img width=\"150\" height=\"150\" src=\"https:\/\/sebtrotter.com\/wp-content\/uploads\/2018\/10\/2cb517_897661e2f4c349658fa78bcebe577233-150x150.jpg\" class=\"attachment-thumbnail size-thumbnail\" alt=\"\" loading=\"lazy\" \/><\/a>\n\t\t\t<\/div><\/figure><figure class='gallery-item'>\n\t\t\t<div class='gallery-icon landscape'>\n\t\t\t\t<a href='https:\/\/sebtrotter.com\/?attachment_id=1692'><img width=\"150\" height=\"150\" src=\"https:\/\/sebtrotter.com\/wp-content\/uploads\/2018\/10\/2cb517_73a5ef0fec2d49249c48ed1b4848897f-150x150.jpg\" class=\"attachment-thumbnail size-thumbnail\" alt=\"\" loading=\"lazy\" \/><\/a>\n\t\t\t<\/div><\/figure><figure class='gallery-item'>\n\t\t\t<div class='gallery-icon landscape'>\n\t\t\t\t<a href='https:\/\/sebtrotter.com\/?attachment_id=1702'><img width=\"150\" height=\"150\" src=\"https:\/\/sebtrotter.com\/wp-content\/uploads\/2018\/10\/2cb517_91f843a69d76418199e863c50fdd8606-150x150.jpg\" class=\"attachment-thumbnail size-thumbnail\" alt=\"\" loading=\"lazy\" \/><\/a>\n\t\t\t<\/div><\/figure>\n\t\t<\/div>\n\n<p>Le lac Victoria, ou Nyanza (encore appel\u00e9 lac Uk\u00e9r\u00e9ou\u00e9 \u2014 Ukerewe \u2013, ou Nalubaale), est le plus grand lac d&rsquo;Afrique et (selon les sources) le quatri\u00e8me ou le deuxi\u00e8me au monde en superficie avec 68 100 km2. Il doit son nom \u00e0 l&rsquo;explorateur britannique Speke qui fut en 1858 le premier Europ\u00e9en \u00e0 l&rsquo;atteindre, et qui le baptisa en l&rsquo;honneur de laReine Victoria. Situ\u00e9 en Afrique de l&rsquo;Est, au c\u0153ur d&rsquo;une zone dens\u00e9ment peupl\u00e9e, il est bord\u00e9 par le Kenya au nord-est, l&rsquo;Ouganda au nord et au nord-ouest et la Tanzanie au sud, sud-ouest et sud-est. Occupant une d\u00e9pression encadr\u00e9e par les deux branches de la vall\u00e9e du grand rift, il est la source du Nil Blanc, le plus long affluent du Nil.<\/p>\n<p>Travers\u00e9 par l&rsquo;\u00e9quateur, le lac Victoria est peupl\u00e9 d&rsquo;une faune et d&rsquo;une flore tropicale vari\u00e9e mais menac\u00e9e par la surexploitation des ressources naturelles et la destruction des milieux.<\/p>\n<p><a role=\"button\" class=\"button\" href=\"?p=192\">Retour<\/a><\/p>\n","protected":false},"excerpt":{"rendered":"<p>Lac Victoria Le lac Victoria, ou Nyanza (encore appel\u00e9 lac Uk\u00e9r\u00e9ou\u00e9 \u2014 Ukerewe \u2013, ou Nalubaale), est le plus grand lac d&rsquo;Afrique et (selon les sources) le quatri\u00e8me ou le deuxi\u00e8me au monde en superficie avec 68 100 km2. Il doit son nom \u00e0 l&rsquo;explorateur britannique Speke qui fut en 1858 le premier Europ\u00e9en \u00e0 [&hellip;]<\/p>\n","protected":false},"author":2,"featured_media":0,"parent":0,"menu_order":0,"comment_status":"closed","ping_status":"closed","template":"","meta":[],"_links":{"self":[{"href":"https:\/\/sebtrotter.com\/index.php?rest_route=\/wp\/v2\/pages\/232"}],"collection":[{"href":"https:\/\/sebtrotter.com\/index.php?rest_route=\/wp\/v2\/pages"}],"about":[{"href":"https:\/\/sebtrotter.com\/index.php?rest_route=\/wp\/v2\/types\/page"}],"author":[{"embeddable":true,"href":"https:\/\/sebtrotter.com\/index.php?rest_route=\/wp\/v2\/users\/2"}],"replies":[{"embeddable":true,"href":"https:\/\/sebtrotter.com\/index.php?rest_route=%2Fwp%2Fv2%2Fcomments&post=232"}],"version-history":[{"count":0,"href":"https:\/\/sebtrotter.com\/index.php?rest_route=\/wp\/v2\/pages\/232\/revisions"}],"wp:attachment":[{"href":"https:\/\/sebtrotter.com\/index.php?rest_route=%2Fwp%2Fv2%2Fmedia&parent=232"}],"curies":[{"name":"wp","href":"https:\/\/api.w.org\/{rel}","templated":true}]}}