{"id":222,"date":"2018-10-05T19:51:45","date_gmt":"2018-10-05T19:51:45","guid":{"rendered":"http:\/\/sebtrotter.wixsite.com\/sebtrotter\/angleterre"},"modified":"2018-10-05T19:51:45","modified_gmt":"2018-10-05T19:51:45","slug":"angleterre","status":"publish","type":"page","link":"https:\/\/sebtrotter.com\/?page_id=222","title":{"rendered":"Angleterre"},"content":{"rendered":"<h1>Angleterre<\/h1>\n<p><a role=\"button\" class=\"button\" href=\"?p=282\">Londres<\/a><br \/>\n<a role=\"button\" class=\"button\" href=\"?p=252\">Mus\u00e9 de l&rsquo;Artillerie<\/a><br \/>\n<a role=\"button\" class=\"button\" href=\"?p=72\">Mus\u00e9e de l&rsquo;ALAT<\/a><br \/>\n<a role=\"button\" class=\"button\" href=\"?p=1182\">Mus\u00e9e de la cavalerie<\/a><br \/>\n<a role=\"button\" class=\"button\" href=\"?p=262\">Retour<\/a><\/p>\n","protected":false},"excerpt":{"rendered":"<p>Angleterre Londres Mus\u00e9 de l&rsquo;Artillerie Mus\u00e9e de l&rsquo;ALAT Mus\u00e9e de la cavalerie Retour<\/p>\n","protected":false},"author":2,"featured_media":0,"parent":0,"menu_order":0,"comment_status":"closed","ping_status":"closed","template":"","meta":[],"_links":{"self":[{"href":"https:\/\/sebtrotter.com\/index.php?rest_route=\/wp\/v2\/pages\/222"}],"collection":[{"href":"https:\/\/sebtrotter.com\/index.php?rest_route=\/wp\/v2\/pages"}],"about":[{"href":"https:\/\/sebtrotter.com\/index.php?rest_route=\/wp\/v2\/types\/page"}],"author":[{"embeddable":true,"href":"https:\/\/sebtrotter.com\/index.php?rest_route=\/wp\/v2\/users\/2"}],"replies":[{"embeddable":true,"href":"https:\/\/sebtrotter.com\/index.php?rest_route=%2Fwp%2Fv2%2Fcomments&post=222"}],"version-history":[{"count":0,"href":"https:\/\/sebtrotter.com\/index.php?rest_route=\/wp\/v2\/pages\/222\/revisions"}],"wp:attachment":[{"href":"https:\/\/sebtrotter.com\/index.php?rest_route=%2Fwp%2Fv2%2Fmedia&parent=222"}],"curies":[{"name":"wp","href":"https:\/\/api.w.org\/{rel}","templated":true}]}}