{"id":202,"date":"2018-10-05T19:51:45","date_gmt":"2018-10-05T19:51:45","guid":{"rendered":"http:\/\/sebtrotter.wixsite.com\/sebtrotter\/chateau-d-angers"},"modified":"2018-10-05T19:51:45","modified_gmt":"2018-10-05T19:51:45","slug":"chateau-dangers","status":"publish","type":"page","link":"https:\/\/sebtrotter.com\/?page_id=202","title":{"rendered":"Chateau d&rsquo;Angers"},"content":{"rendered":"<h1><a rel=\"noopener noreferrer\" target=\"_blank\" href=\"http:\/\/angers.monuments-nationaux.fr\">Chateau d&rsquo;Angers<\/a><\/h1>\n<div id='gallery-1' class='gallery galleryid-202 gallery-columns-3 gallery-size-thumbnail'><figure class='gallery-item'>\n\t\t\t<div class='gallery-icon portrait'>\n\t\t\t\t<a href='https:\/\/sebtrotter.com\/?attachment_id=1622'><img width=\"150\" height=\"150\" src=\"https:\/\/sebtrotter.com\/wp-content\/uploads\/2018\/10\/2cb517_503a2ba6d43a4cdc963f3e079128360a-150x150.jpg\" class=\"attachment-thumbnail size-thumbnail\" alt=\"\" loading=\"lazy\" \/><\/a>\n\t\t\t<\/div><\/figure><figure class='gallery-item'>\n\t\t\t<div class='gallery-icon portrait'>\n\t\t\t\t<a href='https:\/\/sebtrotter.com\/?attachment_id=1632'><img width=\"150\" height=\"150\" src=\"https:\/\/sebtrotter.com\/wp-content\/uploads\/2018\/10\/2cb517_0ab0f96b5b204ad8addaf7757082649d-150x150.jpg\" class=\"attachment-thumbnail size-thumbnail\" alt=\"\" loading=\"lazy\" \/><\/a>\n\t\t\t<\/div><\/figure><figure class='gallery-item'>\n\t\t\t<div class='gallery-icon portrait'>\n\t\t\t\t<a href='https:\/\/sebtrotter.com\/?attachment_id=1642'><img width=\"150\" height=\"150\" src=\"https:\/\/sebtrotter.com\/wp-content\/uploads\/2018\/10\/2cb517_f5e2747e39b24f338b66b90138a0bcb5-150x150.jpg\" class=\"attachment-thumbnail size-thumbnail\" alt=\"\" loading=\"lazy\" \/><\/a>\n\t\t\t<\/div><\/figure><figure class='gallery-item'>\n\t\t\t<div class='gallery-icon landscape'>\n\t\t\t\t<a href='https:\/\/sebtrotter.com\/?attachment_id=1652'><img width=\"150\" height=\"150\" src=\"https:\/\/sebtrotter.com\/wp-content\/uploads\/2018\/10\/2cb517_4e0547c3878a40379855d8d2818caebb-150x150.jpg\" class=\"attachment-thumbnail size-thumbnail\" alt=\"\" loading=\"lazy\" \/><\/a>\n\t\t\t<\/div><\/figure>\n\t\t<\/div>\n\n<p>Le ch\u00e2teau d&rsquo;Angers, aussi appel\u00e9 ch\u00e2teau des ducs d&rsquo;Anjou1, est situ\u00e9 dans la ville d\u2019Angers dans le d\u00e9partement de Maine-et-Loire en France.<\/p>\n<p>La forteresse est \u00e9difi\u00e9e sur un promontoire de schiste ardoisier qui domine la Maine. Le site est occup\u00e9 d\u00e8s l\u2019antiquit\u00e9du fait de sa position d\u00e9fensive strat\u00e9gique. Par la suite, les comtes d&rsquo;Anjou y installent leurs demeures, jusqu&rsquo;\u00e0 la fin de l&#8217;empire Plantagen\u00eat qui voit le royaume de France conqu\u00e9rir le comt\u00e9 d&rsquo;Anjou. Louis IX fait construire le ch\u00e2teau actuel au xiiie si\u00e8cle tandis que les ducs d&rsquo;Anjou le transforment en r\u00e9sidence seigneuriale au xve si\u00e8cle. Yolande d&rsquo;Aragon y donne naissance \u00e0 Ren\u00e9 d&rsquo;Anjou. Au xviie si\u00e8cle, \u00e0 la suite des troubles des guerres de religion, le roi ordonne la destruction du ch\u00e2teau, mais seule la partie sup\u00e9rieure des tours est d\u00e9truite. Il est par la suite transform\u00e9 en prison, puis en garnison et d\u00e9p\u00f4t de munition pendant la Seconde Guerre mondiale. Au d\u00e9but du xxie si\u00e8cle, il h\u00e9berge latenture de l&rsquo;Apocalypse et est un des sites touristiques les plus visit\u00e9s de Maine-et-Loire. Son ouverture au tourisme est g\u00e9r\u00e9e par le Centre des monuments nationaux2.<\/p>\n<p><a role=\"button\" class=\"button\" href=\"?p=1032\">Retour<\/a><\/p>\n","protected":false},"excerpt":{"rendered":"<p>Chateau d&rsquo;Angers Le ch\u00e2teau d&rsquo;Angers, aussi appel\u00e9 ch\u00e2teau des ducs d&rsquo;Anjou1, est situ\u00e9 dans la ville d\u2019Angers dans le d\u00e9partement de Maine-et-Loire en France. La forteresse est \u00e9difi\u00e9e sur un promontoire de schiste ardoisier qui domine la Maine. Le site est occup\u00e9 d\u00e8s l\u2019antiquit\u00e9du fait de sa position d\u00e9fensive strat\u00e9gique. Par la suite, les comtes [&hellip;]<\/p>\n","protected":false},"author":2,"featured_media":0,"parent":0,"menu_order":0,"comment_status":"closed","ping_status":"closed","template":"","meta":[],"_links":{"self":[{"href":"https:\/\/sebtrotter.com\/index.php?rest_route=\/wp\/v2\/pages\/202"}],"collection":[{"href":"https:\/\/sebtrotter.com\/index.php?rest_route=\/wp\/v2\/pages"}],"about":[{"href":"https:\/\/sebtrotter.com\/index.php?rest_route=\/wp\/v2\/types\/page"}],"author":[{"embeddable":true,"href":"https:\/\/sebtrotter.com\/index.php?rest_route=\/wp\/v2\/users\/2"}],"replies":[{"embeddable":true,"href":"https:\/\/sebtrotter.com\/index.php?rest_route=%2Fwp%2Fv2%2Fcomments&post=202"}],"version-history":[{"count":0,"href":"https:\/\/sebtrotter.com\/index.php?rest_route=\/wp\/v2\/pages\/202\/revisions"}],"wp:attachment":[{"href":"https:\/\/sebtrotter.com\/index.php?rest_route=%2Fwp%2Fv2%2Fmedia&parent=202"}],"curies":[{"name":"wp","href":"https:\/\/api.w.org\/{rel}","templated":true}]}}