{"id":182,"date":"2018-10-05T19:51:45","date_gmt":"2018-10-05T19:51:45","guid":{"rendered":"http:\/\/sebtrotter.wixsite.com\/sebtrotter\/citadelle-de-blaye"},"modified":"2018-10-05T19:51:45","modified_gmt":"2018-10-05T19:51:45","slug":"citadelle-de-blaye","status":"publish","type":"page","link":"https:\/\/sebtrotter.com\/?page_id=182","title":{"rendered":"Citadelle de Blaye"},"content":{"rendered":"<h1><a rel=\"noopener noreferrer\" target=\"_blank\" href=\"http:\/\/www.tourisme-blaye.com\/index.php?option=com_content&amp;view=article&amp;id=6&amp;Itemid=13\">Citadelle de Blaye<\/a><\/h1>\n<div id='gallery-1' class='gallery galleryid-182 gallery-columns-3 gallery-size-thumbnail'><figure class='gallery-item'>\n\t\t\t<div class='gallery-icon landscape'>\n\t\t\t\t<a href='https:\/\/sebtrotter.com\/?attachment_id=1562'><img width=\"150\" height=\"150\" src=\"https:\/\/sebtrotter.com\/wp-content\/uploads\/2018\/10\/2cb517_06c121a22635412f9778dfa8c5d16460-150x150.jpg\" class=\"attachment-thumbnail size-thumbnail\" alt=\"\" loading=\"lazy\" \/><\/a>\n\t\t\t<\/div><\/figure><figure class='gallery-item'>\n\t\t\t<div class='gallery-icon landscape'>\n\t\t\t\t<a href='https:\/\/sebtrotter.com\/?attachment_id=1572'><img width=\"150\" height=\"150\" src=\"https:\/\/sebtrotter.com\/wp-content\/uploads\/2018\/10\/2cb517_9e5ae2930cd24594af1e9a19099a853f-150x150.jpg\" class=\"attachment-thumbnail size-thumbnail\" alt=\"\" loading=\"lazy\" \/><\/a>\n\t\t\t<\/div><\/figure><figure class='gallery-item'>\n\t\t\t<div class='gallery-icon landscape'>\n\t\t\t\t<a href='https:\/\/sebtrotter.com\/?attachment_id=1582'><img width=\"150\" height=\"150\" src=\"https:\/\/sebtrotter.com\/wp-content\/uploads\/2018\/10\/2cb517_1899479e981d454aa87da240a0be99a1-150x150.jpg\" class=\"attachment-thumbnail size-thumbnail\" alt=\"\" loading=\"lazy\" \/><\/a>\n\t\t\t<\/div><\/figure><figure class='gallery-item'>\n\t\t\t<div class='gallery-icon landscape'>\n\t\t\t\t<a href='https:\/\/sebtrotter.com\/?attachment_id=1592'><img width=\"150\" height=\"150\" src=\"https:\/\/sebtrotter.com\/wp-content\/uploads\/2018\/10\/2cb517_0f6d09fad34e4e9a98707235477f0534-150x150.jpg\" class=\"attachment-thumbnail size-thumbnail\" alt=\"\" loading=\"lazy\" \/><\/a>\n\t\t\t<\/div><\/figure><figure class='gallery-item'>\n\t\t\t<div class='gallery-icon landscape'>\n\t\t\t\t<a href='https:\/\/sebtrotter.com\/?attachment_id=1602'><img width=\"150\" height=\"150\" src=\"https:\/\/sebtrotter.com\/wp-content\/uploads\/2018\/10\/2cb517_da1d68a5921b42e28afb783c807b6f1b-150x150.jpg\" class=\"attachment-thumbnail size-thumbnail\" alt=\"\" loading=\"lazy\" \/><\/a>\n\t\t\t<\/div><\/figure><figure class='gallery-item'>\n\t\t\t<div class='gallery-icon landscape'>\n\t\t\t\t<a href='https:\/\/sebtrotter.com\/?attachment_id=1612'><img width=\"150\" height=\"150\" src=\"https:\/\/sebtrotter.com\/wp-content\/uploads\/2018\/10\/2cb517_9b58c4f4e7aa4ef0b81cbf77b06b05a9-150x150.jpg\" class=\"attachment-thumbnail size-thumbnail\" alt=\"\" loading=\"lazy\" \/><\/a>\n\t\t\t<\/div><\/figure>\n\t\t<\/div>\n\n<p>La citadelle de Blaye est un complexe militaire de 38 hectares b\u00e2ti entre 1685 et 1689 par l&rsquo;architecte militaireFran\u00e7ois Ferry, directeur g\u00e9n\u00e9ral des fortifications de Guyenne, sous la supervision de Vauban2. Dominant l&rsquo;estuaire de la Gironde, elle se situe dans la commune de Blaye, dans le nord du d\u00e9partement de la Gironde, en France. Elle forme un vaste ensemble fortifi\u00e9 entour\u00e9 de courtines, compl\u00e9t\u00e9 par quatre bastions et trois demi-lunes.<\/p>\n<p>L&rsquo;int\u00e9rieur est con\u00e7u comme une v\u00e9ritable ville close s&rsquo;articulant autour d&rsquo;une place d&rsquo;armes, d&rsquo;un couvent abritant autrefois des religieux de l&rsquo;ordre des minimes, et de plusieurs casernes. Plusieurs \u00e9l\u00e9ments des fortifications m\u00e9di\u00e9vales sont inscrits dans le nouvel ensemble, parmi lesquels le ch\u00e2teau des Rudel (xiie si\u00e8cle), la porte de Liverneuf (xiiie si\u00e8cle) ou la tour de l&rsquo;\u00c9guillette (xve si\u00e8cle)3.<\/p>\n<p>Con\u00e7ue pour \u00eatre un \u00ab verrou \u00bb destin\u00e9 \u00e0 contr\u00f4ler l&rsquo;estuaire, la citadelle est compl\u00e9t\u00e9e par le fort Pat\u00e9, sur l&rsquo;\u00eele Pat\u00e9, et par le fort M\u00e9doc, situ\u00e9 sur la rive oppos\u00e9e de la Gironde4.<\/p>\n<p>Class\u00e9e monument historique le 11 mai 20091, elle est \u00e9galement l&rsquo;un des douze sites int\u00e9gr\u00e9s au R\u00e9seau des sites majeurs de Vauban et est \u00e0 ce titre inscrite le 7 juillet 2008 sur la liste du patrimoine mondial de l&rsquo;Unesco5,6,7. Elle est class\u00e9e depuis le 20 d\u00e9cembre 2010 comme \u00e9tant un site majeur d&rsquo;Aquitaine8.<\/p>\n<p><a role=\"button\" class=\"button\" href=\"?p=1032\">Retour<\/a><\/p>\n","protected":false},"excerpt":{"rendered":"<p>Citadelle de Blaye La citadelle de Blaye est un complexe militaire de 38 hectares b\u00e2ti entre 1685 et 1689 par l&rsquo;architecte militaireFran\u00e7ois Ferry, directeur g\u00e9n\u00e9ral des fortifications de Guyenne, sous la supervision de Vauban2. Dominant l&rsquo;estuaire de la Gironde, elle se situe dans la commune de Blaye, dans le nord du d\u00e9partement de la Gironde, [&hellip;]<\/p>\n","protected":false},"author":2,"featured_media":0,"parent":0,"menu_order":0,"comment_status":"closed","ping_status":"closed","template":"","meta":[],"_links":{"self":[{"href":"https:\/\/sebtrotter.com\/index.php?rest_route=\/wp\/v2\/pages\/182"}],"collection":[{"href":"https:\/\/sebtrotter.com\/index.php?rest_route=\/wp\/v2\/pages"}],"about":[{"href":"https:\/\/sebtrotter.com\/index.php?rest_route=\/wp\/v2\/types\/page"}],"author":[{"embeddable":true,"href":"https:\/\/sebtrotter.com\/index.php?rest_route=\/wp\/v2\/users\/2"}],"replies":[{"embeddable":true,"href":"https:\/\/sebtrotter.com\/index.php?rest_route=%2Fwp%2Fv2%2Fcomments&post=182"}],"version-history":[{"count":0,"href":"https:\/\/sebtrotter.com\/index.php?rest_route=\/wp\/v2\/pages\/182\/revisions"}],"wp:attachment":[{"href":"https:\/\/sebtrotter.com\/index.php?rest_route=%2Fwp%2Fv2%2Fmedia&parent=182"}],"curies":[{"name":"wp","href":"https:\/\/api.w.org\/{rel}","templated":true}]}}