{"id":1232,"date":"2018-10-05T19:51:45","date_gmt":"2018-10-05T19:51:45","guid":{"rendered":"http:\/\/sebtrotter.wixsite.com\/sebtrotter\/chateau-de-blois"},"modified":"2018-10-05T19:51:45","modified_gmt":"2018-10-05T19:51:45","slug":"chateau-de-blois","status":"publish","type":"page","link":"https:\/\/sebtrotter.com\/?page_id=1232","title":{"rendered":"Chateau de Blois"},"content":{"rendered":"<h1><a href=\"http:\/\/www.chateaudeblois.fr\" target=\"_blank\" rel=\"noopener noreferrer\">Chateau de Blois<\/a><\/h1>\n\n<p>Le ch\u00e2teau royal de Blois, situ\u00e9 dans le d\u00e9partement de Loir-et-Cher, fait partie des ch\u00e2teaux de la Loire. Il fut la r\u00e9sidence favorite des rois de France \u00e0 la Renaissance.<\/p>\n<p>Situ\u00e9 au c\u0153ur de la ville de Blois, sur la rive droite de la Loire, le ch\u00e2teau royal de Blois r\u00e9unit autour d\u2019une m\u00eame cour un panorama de l\u2019architecture fran\u00e7aise du Moyen \u00c2ge \u00e0 l\u2019\u00e9poque classique qui en fait un \u00e9difice clef pour la compr\u00e9hension de l&rsquo;\u00e9volution de l&rsquo;architecture au fil des si\u00e8cles. Les appartements royaux restaur\u00e9s sont meubl\u00e9s et orn\u00e9s de d\u00e9cors polychromes du xixe si\u00e8cle, cr\u00e9\u00e9s par F\u00e9lix Duban dans la lign\u00e9e des restaurateurs contemporains deViollet-le-Duc.<\/p>\n<p><a class=\"button\" role=\"button\" href=\"?p=1032\">Retour<\/a><\/p>\n","protected":false},"excerpt":{"rendered":"<p>Chateau de Blois Le ch\u00e2teau royal de Blois, situ\u00e9 dans le d\u00e9partement de Loir-et-Cher, fait partie des ch\u00e2teaux de la Loire. Il fut la r\u00e9sidence favorite des rois de France \u00e0 la Renaissance. Situ\u00e9 au c\u0153ur de la ville de Blois, sur la rive droite de la Loire, le ch\u00e2teau royal de Blois r\u00e9unit autour [&hellip;]<\/p>\n","protected":false},"author":2,"featured_media":0,"parent":1032,"menu_order":0,"comment_status":"closed","ping_status":"closed","template":"","meta":[],"_links":{"self":[{"href":"https:\/\/sebtrotter.com\/index.php?rest_route=\/wp\/v2\/pages\/1232"}],"collection":[{"href":"https:\/\/sebtrotter.com\/index.php?rest_route=\/wp\/v2\/pages"}],"about":[{"href":"https:\/\/sebtrotter.com\/index.php?rest_route=\/wp\/v2\/types\/page"}],"author":[{"embeddable":true,"href":"https:\/\/sebtrotter.com\/index.php?rest_route=\/wp\/v2\/users\/2"}],"replies":[{"embeddable":true,"href":"https:\/\/sebtrotter.com\/index.php?rest_route=%2Fwp%2Fv2%2Fcomments&post=1232"}],"version-history":[{"count":0,"href":"https:\/\/sebtrotter.com\/index.php?rest_route=\/wp\/v2\/pages\/1232\/revisions"}],"up":[{"embeddable":true,"href":"https:\/\/sebtrotter.com\/index.php?rest_route=\/wp\/v2\/pages\/1032"}],"wp:attachment":[{"href":"https:\/\/sebtrotter.com\/index.php?rest_route=%2Fwp%2Fv2%2Fmedia&parent=1232"}],"curies":[{"name":"wp","href":"https:\/\/api.w.org\/{rel}","templated":true}]}}