{"id":122,"date":"2018-10-05T19:51:45","date_gmt":"2018-10-05T19:51:45","guid":{"rendered":"http:\/\/sebtrotter.wixsite.com\/sebtrotter\/chartreuse"},"modified":"2018-10-05T19:51:45","modified_gmt":"2018-10-05T19:51:45","slug":"chartreuse","status":"publish","type":"page","link":"https:\/\/sebtrotter.com\/?page_id=122","title":{"rendered":"Chartreuse"},"content":{"rendered":"<p><span style=\"text-decoration:underline;\"><span style=\"font-size:19px;\">La Chartreuse <\/span><\/span>ce n&rsquo;est pas seulement l&rsquo;alcool des p\u00e8res chartreux, c&rsquo;est un tout, c&rsquo;est quelque chose de magique. <\/p>\n<p>Allez visiter les caves de la chartreuse \u00e0 Voiron: <a rel=\"noopener noreferrer\" target=\"_blank\" href=\"http:\/\/www.chartreuse.fr\/\">http:\/\/www.chartreuse.fr\/<\/a><\/p>\n<p>Puis prenez le temps de partir \u00e0 la rencontre du monast\u00e8re de la grande chartreuse \u00e0 St Pierre en Chartreuse non loin de l\u00e0. Il y a des ballades exeptionelle avec pour d\u00e9part et arriv\u00e9 le monast\u00e8re. <\/p>\n<p>Un grand parking est au pied du mus\u00e9e de la grande chartreuse \u00e0 un petit Km du monast\u00e8re: <a rel=\"noopener noreferrer\" target=\"_blank\" href=\"http:\/\/www.musee-grande-chartreuse.fr\/fr\/\">http:\/\/www.musee-grande-chartreuse.fr\/fr\/<\/a><\/p>\n<p>( A ne pas confondre avec le mus\u00e9e de la chartreuse de DOUAI)<\/p>\n<p>Et si vous \u00eates des fanas de la chartreuse essay\u00e9 de retrouver toutes les chartreuses autour de vous &#8230; <\/p>\n<p>Pour d\u00e9couvrir la vie des moines un documentaire exeptionel a \u00e9t\u00e9 r\u00e9alis\u00e9 : Le Grand Silence un film documentaire franco-helv\u00e9to-allemand r\u00e9alis\u00e9 par Philip Gr\u00f6ning sur les moines de la Grande Chartreuse, sorti en 2005. plus d&rsquo;info sur <a rel=\"noopener noreferrer\" target=\"_blank\" href=\"https:\/\/fr.wikipedia.org\/wiki\/Le_Grand_Silence_(film,_2005)\">wikip\u00e9dia<\/a><\/p>\n<p>Mais attention \u00e0 consommer avec mod\u00e9ration. <\/p>\n<p><a role=\"button\" class=\"button\" href=\"?p=1152\">Chartreuse de Farneta<\/a><br \/>\n<a role=\"button\" class=\"button\" href=\"?p=542\">Chartreuse de Pavie<\/a><br \/>\n<a role=\"button\" class=\"button\" href=\"?p=302\">Les caves de la Chartreuse<\/a><br \/>\n<a role=\"button\" class=\"button\" href=\"?p=352\">Monast\u00e8re de la Grande Chartreuse<\/a><br \/>\n<a role=\"button\" class=\"button\" href=\"?p=882\">Chartreuse de Naples<\/a><br \/>\n<a role=\"button\" class=\"button\" href=\"?p=992\">Chartreuse de Capri<\/a><br \/>\n<a role=\"button\" class=\"button\" href=\"?p=652\">Chartreuse de Bonnefoy<\/a><br \/>\n<a role=\"button\" class=\"button\" href=\"?p=262\">Retour<\/a><\/p>\n","protected":false},"excerpt":{"rendered":"<p>La Chartreuse ce n&rsquo;est pas seulement l&rsquo;alcool des p\u00e8res chartreux, c&rsquo;est un tout, c&rsquo;est quelque chose de magique. Allez visiter les caves de la chartreuse \u00e0 Voiron: http:\/\/www.chartreuse.fr\/ Puis prenez le temps de partir \u00e0 la rencontre du monast\u00e8re de la grande chartreuse \u00e0 St Pierre en Chartreuse non loin de l\u00e0. Il y a [&hellip;]<\/p>\n","protected":false},"author":2,"featured_media":0,"parent":0,"menu_order":0,"comment_status":"closed","ping_status":"closed","template":"","meta":[],"_links":{"self":[{"href":"https:\/\/sebtrotter.com\/index.php?rest_route=\/wp\/v2\/pages\/122"}],"collection":[{"href":"https:\/\/sebtrotter.com\/index.php?rest_route=\/wp\/v2\/pages"}],"about":[{"href":"https:\/\/sebtrotter.com\/index.php?rest_route=\/wp\/v2\/types\/page"}],"author":[{"embeddable":true,"href":"https:\/\/sebtrotter.com\/index.php?rest_route=\/wp\/v2\/users\/2"}],"replies":[{"embeddable":true,"href":"https:\/\/sebtrotter.com\/index.php?rest_route=%2Fwp%2Fv2%2Fcomments&post=122"}],"version-history":[{"count":0,"href":"https:\/\/sebtrotter.com\/index.php?rest_route=\/wp\/v2\/pages\/122\/revisions"}],"wp:attachment":[{"href":"https:\/\/sebtrotter.com\/index.php?rest_route=%2Fwp%2Fv2%2Fmedia&parent=122"}],"curies":[{"name":"wp","href":"https:\/\/api.w.org\/{rel}","templated":true}]}}